{"id":19,"date":"2020-02-25T12:17:42","date_gmt":"2020-02-25T11:17:42","guid":{"rendered":"http:\/\/kbso.vrabcovo.czhttp:\/\/kbso.cz\/?page_id=19"},"modified":"2022-05-23T20:44:30","modified_gmt":"2022-05-23T18:44:30","slug":"reference","status":"publish","type":"page","link":"https:\/\/kbso.cz\/index.php\/reference\/","title":{"rendered":"Reference"},"content":{"rendered":"\n<p><strong>Zde je mal\u00fd v\u00fd\u010det n\u011bkter\u00fdch ji\u017e zrealizovan\u00fdch projekt\u016f, kde bylo provedeno zas\u00ed\u0165ov\u00e1n\u00ed TV s\u00edt\u00ed, internetovou s\u00edt\u00ed, kamerami CCTV, nebo zabezpe\u010den\u00ed PZTS, p\u0159\u00edpadn\u011b elektropr\u00e1ce. Adresy jsou uvedeny z\u00e1m\u011brn\u011b pro Va\u0161\u00ed kontrolu a ov\u011b\u0159en\u00ed spolehlivosti a spokojenosti z\u00e1kazn\u00edka.<\/strong> <\/p>\n\n\n\n<figure id=\"reference_table\" class=\"wp-block-table\"><table><thead><tr><th><strong>ADRESA REALIZOVAN\u00c9HO PROJEKTU<\/strong><\/th><th><strong> TV <br>ROZVODY<\/strong><\/th><th><strong> INTERNET <br>S\u00cd\u0164\u011a<\/strong><\/th><th><strong>CCTV <br>PZTS<\/strong><\/th><th><strong>Elektro<\/strong><\/th><\/tr><\/thead><tbody><tr><td>Gymn\u00e1zium Fr. Hajdy<\/td><td><\/td><td><\/td><td>\u2714<\/td><td><\/td><\/tr><tr><td>SVJ Lum\u00edrova 16, Ostrava<\/td><td><\/td><td><\/td><td>\u2714<\/td><td><\/td><\/tr><tr><td>SVJ \u0160e\u0159\u00edkov\u00e1 189, \u010cesk\u00fd krumlov<\/td><td><\/td><td><\/td><td>\u2714<\/td><td><\/td><\/tr><tr><td>fa SUBFFOSIL s.r.o.<\/td><td><\/td><td><\/td><td>\u2714<\/td><td>\u2714<\/td><\/tr><tr><td>SVJ Mari\u00e1nskohorsk\u00e1 3, Ostrava<\/td><td><\/td><td><\/td><td>\u2714<\/td><td>\u2714<\/td><\/tr><tr><td>SVJ V\u00edtkovick\u00e1 6, Ostrava<\/td><td><\/td><td><\/td><td>\u2714<\/td><td><\/td><\/tr><tr><td>Hlu\u010d\u00edn, N\u00e1m\u011bst\u00ed<\/td><td><\/td><td><\/td><td>\u2714<\/td><td><\/td><\/tr><tr><td>fa Kempa\u0161rot s.r.o.<\/td><td><\/td><td><\/td><td>\u2714<\/td><td><\/td><\/tr><tr><td>Korunn\u00ed 38, Ostrava<\/td><td><\/td><td><\/td><td>\u2714<\/td><td>\u2714<\/td><\/tr><tr><td>BD Bedrnova 4<\/td><td><\/td><td><\/td><td>\u2714<\/td><td><\/td><\/tr><tr><td>SVJ Doln\u00ed 87<\/td><td><\/td><td><\/td><td>\u2714<\/td><td><\/td><\/tr><tr><td>BD V Z\u00e1lomu 10<\/td><td><\/td><td><\/td><td>\u2714<\/td><td><\/td><\/tr><tr><td>SBD V\u00edtkovice Gener\u00e1la Janka 2<\/td><td><\/td><td><\/td><td>\u2714<\/td><td><\/td><\/tr><tr><td>BD ukrajinsk\u00e1 44 Ostrava<\/td><td><\/td><td><\/td><td>\u2714<\/td><td><\/td><\/tr><tr><td>Purky\u0148ova 6 Ostrava<\/td><td><\/td><td><\/td><td>\u2714<\/td><td><\/td><\/tr><tr><td>fa LAPET gastro s.r.o. B\u00edlovec<\/td><td><\/td><td><\/td><td>\u2714<\/td><td><\/td><\/tr><tr><td>BD Jugosl\u00e1vsk\u00e1 18c Ostrava<\/td><td><\/td><td><\/td><td>\u2714<\/td><td><\/td><\/tr><tr><td>RD Sokolsk\u00e1 98 Star\u00fd Bohum\u00edn<\/td><td><\/td><td><\/td><td>\u2714<\/td><td><\/td><\/tr><tr><td>autoservis Neplecha Karel<\/td><td><\/td><td><\/td><td>\u2714<\/td><td><\/td><\/tr><tr><td>fa Ondera Ale\u0161 Paskov<\/td><td><\/td><td><\/td><td>\u2714<\/td><td><\/td><\/tr><tr><td>SVJ&nbsp; Vil\u00e9ma Balarina 4 Hlu\u010d\u00edn<\/td><td><\/td><td><\/td><td>\u2714<\/td><td><\/td><\/tr><tr><td>fa KEMPA \u0160ROT s.r.o.<\/td><td><\/td><td><\/td><td>\u2714<\/td><td><\/td><\/tr><tr><td>SVJ Bolotova 9<\/td><td><\/td><td><\/td><td>\u2714<\/td><td><\/td><\/tr><tr><td>fa Individual Fitnes<\/td><td><\/td><td><\/td><td>\u2714<\/td><td><\/td><\/tr><tr><td>BD Na rybn\u00ed\u010dku &#8211; Poruba Ukrajinsk\u00e1 32<\/td><td><\/td><td><\/td><td>\u2714<\/td><td><\/td><\/tr><tr><td>Purki\u0148ova 6, Ostrava<\/td><td><\/td><td><\/td><td>\u2714<\/td><td><\/td><\/tr><tr><td>BD \u010cetyny 9, Ostrava<\/td><td>\u2714<\/td><td><\/td><td>\u2714<\/td><td><\/td><\/tr><tr><td>fa LAPET Gastro s.r.o. B\u00edlovec<\/td><td><\/td><td><\/td><td>\u2714<\/td><td><\/td><\/tr><tr><td>SV \u0160tef\u00e1nikova 1146,1147,1148,1149 Bohum\u00edn<\/td><td><\/td><td><\/td><td>\u2714<\/td><td><\/td><\/tr><tr><td>BD Mari\u00e1nskohorsk\u00e1 3, Ostrava<\/td><td><\/td><td><\/td><td>\u2714<\/td><td><\/td><\/tr><tr><td>Spole\u010denstv\u00ed vlastn\u00edk\u016f I. J. Pe\u0161iny 115 FM<\/td><td>\u2714<\/td><td><\/td><td><\/td><td><\/td><\/tr><tr><td>Autoservis &#8211; Neplecha Karel<\/td><td><\/td><td><\/td><td>\u2714<\/td><td><\/td><\/tr><tr><td>BD Ukrajinsk\u00e1 44<\/td><td><\/td><td><\/td><td>\u2714<\/td><td><\/td><\/tr><tr><td>fa METRANS a.s.<\/td><td><\/td><td><\/td><td>\u2714<\/td><td><\/td><\/tr><tr><td>Vardasova 11, Hav\u00ed\u0159ov<\/td><td><\/td><td><\/td><td>\u2714<\/td><td><\/td><\/tr><tr><td>SVJ P.K\u0159i\u010dky 13, Ostrava<\/td><td><\/td><td><\/td><td>\u2714<\/td><td>\u2714<\/td><\/tr><tr><td>Zengrov\u00e1 10, Ostrava<\/td><td><\/td><td><\/td><td>\u2714<\/td><td><\/td><\/tr><tr><td>Vil\u00e9ma Balarina 4, Hlu\u010d\u00edn<\/td><td><\/td><td><\/td><td>\u2714<\/td><td><\/td><\/tr><tr><td>SV Horn\u00ed 58, Ostrava<\/td><td><\/td><td><\/td><td>\u2714<\/td><td><\/td><\/tr><tr><td>BD Lum\u00edrov\u00e1 28 Ostrava<\/td><td><\/td><td><\/td><td>\u2714<\/td><td><\/td><\/tr><tr><td>SVJ Krestova 21, Ostrava<\/td><td><\/td><td><\/td><td>\u2714<\/td><td>\u2714<\/td><\/tr><tr><td>SBD Bohum\u00edn Svatopluka \u010cecha 1128<\/td><td><\/td><td><\/td><td>\u2714<\/td><td><\/td><\/tr><tr><td>Restaurace Top Lunch &#8211; Brno<\/td><td><\/td><td><\/td><td>\u2714<\/td><td><\/td><\/tr><tr><td>KAPOservis, Ostrava<\/td><td><\/td><td><\/td><td>\u2714<\/td><td><\/td><\/tr><tr><td>BD V\u00e1clava Ji\u0159\u00edkovsk\u00e9ho 42, Ostrava<\/td><td><\/td><td><\/td><td>\u2714<\/td><td><\/td><\/tr><tr><td>SBD Bohum\u00edn, \u010c\u00e1slavsk\u00e1 971<\/td><td><\/td><td><\/td><td>\u2714<\/td><td><\/td><\/tr><tr><td>BD V.Ji\u0159\u00edkovsk\u00e9ho 42, Ostrava &#8211; Dubina<\/td><td><\/td><td><\/td><td>\u2714<\/td><td><\/td><\/tr><tr><td>fa Maxira technology s.r.o., T\u011b\u0161\u00ednsk\u00e1 128, Ostrava<\/td><td><\/td><td><\/td><td>\u2714<\/td><td><\/td><\/tr><tr><td>Restaurace Sport bar live Poruba<\/td><td><\/td><td><\/td><td>\u2714<\/td><td><\/td><\/tr><tr><td>Modely LUX, Tlap\u00e1kova 1, Ostrava<\/td><td><\/td><td><\/td><td>\u2714<\/td><td><\/td><\/tr><tr><td>Restaurace Lunchtime, Nov\u00e1 Karol\u00edna Ostrava<\/td><td><\/td><td><\/td><td>\u2714<\/td><td><\/td><\/tr><tr><td>Spole\u010denstv\u00ed pro d\u016fm Martinovsk\u00e1 3145\/38, Ostrava<\/td><td>\u2714<\/td><td><\/td><td><\/td><td><\/td><\/tr><tr><td>SVJ Mich\u00e1lkovick\u00e1 109a Ostrava<\/td><td><\/td><td><\/td><td>\u2714<\/td><td><\/td><\/tr><tr><td>BD Jugosl\u00e1vsk\u00e1 26, Jugosl\u00e1vsk\u00e1 26, Ostrava<\/td><td><\/td><td><\/td><td>\u2714<\/td><td><\/td><\/tr><tr><td>KRM\u00cdM KVALITN\u011a&nbsp;s.r.o. &#8211; Opava<\/td><td><\/td><td><\/td><td>\u2714<\/td><td><\/td><\/tr><tr><td>Restaurace Kebab &#8211; \u010cesk\u00fd T\u011b\u0161\u00edn<\/td><td><\/td><td><\/td><td>\u2714<\/td><td><\/td><\/tr><tr><td>STAZ s.r.o, Opava<\/td><td><\/td><td>\u2714<\/td><td>\u2714<\/td><td><\/td><\/tr><tr><td>B2B Ostrava<\/td><td><\/td><td><\/td><td>\u2714<\/td><td><\/td><\/tr><tr><td>RD v Opav\u011b<\/td><td>\u2714<\/td><td>\u2714<\/td><td>\u2714<\/td><td><\/td><\/tr><tr><td>ENVIRMINE-ENERGO, a.s &#8211; Ostrava<\/td><td><\/td><td><\/td><td>\u2714<\/td><td><\/td><\/tr><tr><td>Restaurace Peneta, FN Ostrava Poruba<\/td><td><\/td><td>\u2714<\/td><td>\u2714<\/td><td><\/td><\/tr><tr><td>RD v Beskydech<\/td><td>\u2714<\/td><td>\u2714<\/td><td>\u2714<\/td><td><\/td><\/tr><tr><td>JoJo Park- Kaufland, Ostrava<\/td><td><\/td><td><\/td><td>\u2714<\/td><td><\/td><\/tr><tr><td>BD Horn\u00ed 62, Ostrava<\/td><td><\/td><td><\/td><td>\u2714<\/td><td><\/td><\/tr><tr><td>BD Svornosti 6 a 8, Ostraav<\/td><td>\u2714<\/td><td>\u2714<\/td><td><\/td><td><\/td><\/tr><tr><td>BD Svaz\u00e1ck\u00e1 44, Ostrava<\/td><td>\u2714<\/td><td><\/td><td><\/td><td>\u2714<\/td><\/tr><tr><td>BD Stavba\u0159\u016f 10, Ostrava<\/td><td>\u2714<\/td><td><\/td><td><\/td><td><\/td><\/tr><tr><td>BD Pr\u016fkopnick\u00e1 6, Ostrava<\/td><td>\u2714<\/td><td>\u2714<\/td><td><\/td><td><\/td><\/tr><tr><td>BD J.Matu\u0161ky 3\/28, Ostrava<\/td><td><\/td><td><\/td><td>\u2714<\/td><td><\/td><\/tr><tr><td>BD Dr. Mart\u00ednka 16 a 18, Ostrava<\/td><td>\u2714<\/td><td>\u2714<\/td><td>\u2714<\/td><td><\/td><\/tr><tr><td>BD P.Lumumby 74, Ostrava<\/td><td>\u2714<\/td><td>\u2714<\/td><td><\/td><td><\/td><\/tr><tr><td>BD Aviatik\u016f 12, Ostrava<\/td><td>\u2714<\/td><td><\/td><td><\/td><td><\/td><\/tr><tr><td>Jisk\u0159i\u010dek 9, 7 a 11 Ostrava<\/td><td>\u2714<\/td><td>\u2714<\/td><td><\/td><td><\/td><\/tr><tr><td>Mojm\u00edrovc\u016f 11, Ostrava<\/td><td>\u2714<\/td><td><\/td><td><\/td><td><\/td><\/tr><tr><td>BD J.Maluchy 89, Ostrava<\/td><td>\u2714<\/td><td>\u2714<\/td><td>\u2714<\/td><td><\/td><\/tr><tr><td>BD P.Lumumby 76, Ostrava<\/td><td>\u2714<\/td><td>\u2714<\/td><td><\/td><td><\/td><\/tr><tr><td>BD Svaz\u00e1ck\u00e1 46, Ostrava<\/td><td>\u2714<\/td><td><\/td><td><\/td><td><\/td><\/tr><tr><td>H.Salychov\u00e9 18, Ostrava &#8211; Polanka nad Odrou<\/td><td>\u2714<\/td><td>\u2714<\/td><td><\/td><td><\/td><\/tr><tr><td>BD Krasnoarm\u011bjc\u016f 25, Ostrava<\/td><td>\u2714<\/td><td><\/td><td><\/td><td><\/td><\/tr><tr><td>BD Kosmonaut\u016f 1, Ostrava<\/td><td>\u2714<\/td><td><\/td><td><\/td><td><\/td><\/tr><tr><td>BD J.Matu\u0161ky 5\/29, Ostrava<\/td><td>\u2714<\/td><td>\u2714<\/td><td>\u2714<\/td><td>\u2714<\/td><\/tr><tr><td>BD Pr\u016fkopnick\u00e1 20, Ostrava<\/td><td>\u2714<\/td><td>\u2714<\/td><td><\/td><td><\/td><\/tr><tr><td>\u0160v\u00e9dsk\u00e1 29, Ostrava<\/td><td>\u2714<\/td><td>\u2714<\/td><td><\/td><td><\/td><\/tr><tr><td>BD Krestova 2, Ostrava<\/td><td>\u2714<\/td><td>\u2714<\/td><td><\/td><td><\/td><\/tr><tr><td>Leteck\u00e1 2, Ostrava<\/td><td>\u2714<\/td><td>\u2714<\/td><td><\/td><td><\/td><\/tr><tr><td>Leteck\u00e1 4, Ostrava<\/td><td>\u2714<\/td><td>\u2714<\/td><td><\/td><td><\/td><\/tr><tr><td>Moravsk\u00e1 75, Ostrava<\/td><td>\u2714<\/td><td>\u2714<\/td><td><\/td><td><\/td><\/tr><tr><td>Svornosti 27, Ostrava<\/td><td>\u2714<\/td><td>\u2714<\/td><td><\/td><td><\/td><\/tr><tr><td>\u017delazn\u00e9ho 4, Ostrava<\/td><td>\u2714<\/td><td><\/td><td><\/td><td><\/td><\/tr><tr><td>28.\u0159\u00edjna 149, Ostrava<\/td><td>\u2714<\/td><td>\u2714<\/td><td><\/td><td><\/td><\/tr><tr><td>28.\u0159\u00edjna 151, Ostrava<\/td><td>\u2714<\/td><td>\u2714<\/td><td><\/td><td><\/td><\/tr><tr><td>28.\u0159\u00edjna 153, Ostrava<\/td><td>\u2714<\/td><td>\u2714<\/td><td><\/td><td><\/td><\/tr><tr><td>Jisk\u0159i\u010dek 4, Ostrava<\/td><td>\u2714<\/td><td>\u2714<\/td><td><\/td><td><\/td><\/tr><tr><td>BD P.Lumumby 82, Ostrava<\/td><td>\u2714<\/td><td><\/td><td><\/td><td><\/td><\/tr><tr><td>Krasnoarm\u011bjc\u016f 3, 5, 7&nbsp; Ostrava<\/td><td>\u2714<\/td><td><\/td><td><\/td><td><\/td><\/tr><tr><td>BD Svornosti 13, Ostrava<\/td><td>\u2714<\/td><td><\/td><td><\/td><td><\/td><\/tr><tr><td>Pr\u016fkopnick\u00e1 12, Ostrava<\/td><td>\u2714<\/td><td>\u2714<\/td><td><\/td><td><\/td><\/tr><tr><td>Maroldova 8, Ostrava<\/td><td>\u2714<\/td><td>\u2714<\/td><td><\/td><td><\/td><\/tr><tr><td>Pr\u016fkopnick\u00e1 22, Ostrava<\/td><td>\u2714<\/td><td>\u2714<\/td><td><\/td><td><\/td><\/tr><tr><td>Domov ml\u00e1de\u017ee, Lidick\u00e1 50, Ostrava<\/td><td>\u2714<\/td><td><\/td><td><\/td><td><\/td><\/tr><tr><td>Volgogradsk\u00e1 58,60 , Ostrava<\/td><td>\u2714<\/td><td><\/td><td><\/td><td><\/td><\/tr><tr><td>Domov d\u016fchodc\u016f Hav\u00ed\u0159ov \u0160umbark<\/td><td>\u2714<\/td><td><\/td><td><\/td><td><\/td><\/tr><tr><td>Budovatelsk\u00e1 19,21,23<\/td><td>\u2714<\/td><td><\/td><td><\/td><td><\/td><\/tr><tr><td>Hotel formule Hav\u00ed\u0159ov<\/td><td>\u2714<\/td><td><\/td><td><\/td><td><\/td><\/tr><tr><td>Svaz\u00e1ck\u00e1 15, Ostrava<\/td><td>\u2714<\/td><td>\u2714<\/td><td><\/td><td><\/td><\/tr><tr><td>V\u00fd\u0161kovick\u00e1 129, Ostrava<\/td><td>\u2714<\/td><td>\u2714<\/td><td><\/td><td><\/td><\/tr><tr><td>Krestov\u00e1 9, Ostrava<\/td><td>\u2714<\/td><td>\u2714<\/td><td><\/td><td><\/td><\/tr><tr><td>Krestov\u00e1 11, Ostrava<\/td><td>\u2714<\/td><td>\u2714<\/td><td><\/td><td><\/td><\/tr><tr><td>Dr. Mart\u00ednka 47, Ostrava<\/td><td><\/td><td>\u2714<\/td><td><\/td><td><\/td><\/tr><tr><td>Svaz\u00e1ck\u00e1 48, Ostrava<\/td><td>\u2714<\/td><td>\u2714<\/td><td><\/td><td><\/td><\/tr><tr><td>Nedbalov\u00e1 23, Ostrava<\/td><td><\/td><td>\u2714<\/td><td><\/td><td><\/td><\/tr><tr><td>Nedbalov\u00e1 25, Ostrava<\/td><td><\/td><td>\u2714<\/td><td><\/td><td><\/td><\/tr><tr><td>M\u00e1nesov\u00e1 11, Ostrava<\/td><td><\/td><td>\u2714<\/td><td><\/td><td><\/td><\/tr><tr><td>Karol\u00ednsk\u00e1 1, Ostrava<\/td><td><\/td><td>\u2714<\/td><td><\/td><td><\/td><\/tr><tr><td>Hav\u00ed\u0159sk\u00e1 10, Ostrava<\/td><td><\/td><td>\u2714<\/td><td><\/td><td><\/td><\/tr><tr><td>N\u00e1dra\u017en\u00ed 103, Ostrava<\/td><td><\/td><td>\u2714<\/td><td><\/td><td><\/td><\/tr><tr><td>Sokolsk\u00e1 t\u0159\u00edda 69, Ostrava<\/td><td><\/td><td>\u2714<\/td><td><\/td><td><\/td><\/tr><tr><td>R. Prchaly 4480, Ostrava<\/td><td><\/td><td>\u2714<\/td><td><\/td><td><\/td><\/tr><tr><td>Pr\u016fkopnick\u00e1 18, Ostrava<\/td><td>\u2714<\/td><td>\u2714<\/td><td><\/td><td><\/td><\/tr><tr><td>Or\u00e1\u010dov\u00e1 3, Ostrava<\/td><td><\/td><td>\u2714<\/td><td><\/td><td><\/td><\/tr><tr><td>V\u00fd\u0161kovick\u00e1 146, Ostrava<\/td><td><\/td><td>\u2714<\/td><td><\/td><td><\/td><\/tr><tr><td>V\u00fd\u0161kovick\u00e1 144, Ostrava<\/td><td><\/td><td>\u2714<\/td><td><\/td><td><\/td><\/tr><tr><td>\u010cujkovov\u00e1 34, Ostrava<\/td><td><\/td><td>\u2714<\/td><td><\/td><td><\/td><\/tr><tr><td>Kmetsk\u00e1 1, Ostrava<\/td><td><\/td><td>\u2714<\/td><td><\/td><td><\/td><\/tr><tr><td><\/td><td><\/td><td><\/td><td><\/td><td><\/td><\/tr><\/tbody><\/table><\/figure>\n","protected":false},"excerpt":{"rendered":"<p>Zde je mal\u00fd v\u00fd\u010det n\u011bkter\u00fdch ji\u017e zrealizovan\u00fdch projekt\u016f, kde bylo provedeno zas\u00ed\u0165ov\u00e1n\u00ed TV s\u00edt\u00ed, internetovou s\u00edt\u00ed, kamerami CCTV, nebo zabezpe\u010den\u00ed PZTS, p\u0159\u00edpadn\u011b elektropr\u00e1ce. Adresy jsou uvedeny z\u00e1m\u011brn\u011b pro Va\u0161\u00ed kontrolu a ov\u011b\u0159en\u00ed spolehlivosti a spokojenosti z\u00e1kazn\u00edka. ADRESA REALIZOVAN\u00c9HO PROJEKTU TV ROZVODY INTERNET S\u00cd\u0164\u011a CCTV PZTS Elektro Gymn\u00e1zium Fr. Hajdy \u2714 SVJ Lum\u00edrova 16, Ostrava \u2714 [&hellip;]<\/p>\n","protected":false},"author":1,"featured_media":0,"parent":0,"menu_order":40,"comment_status":"closed","ping_status":"closed","template":"","meta":{"footnotes":""},"class_list":["post-19","page","type-page","status-publish","hentry"],"yoast_head":"<!-- This site is optimized with the Yoast SEO plugin v23.5 - https:\/\/yoast.com\/wordpress\/plugins\/seo\/ -->\n<title>Reference | kbso.cz<\/title>\n<meta name=\"robots\" content=\"index, follow, max-snippet:-1, max-image-preview:large, max-video-preview:-1\" \/>\n<link rel=\"canonical\" href=\"https:\/\/kbso.cz\/index.php\/reference\/\" \/>\n<meta property=\"og:locale\" content=\"cs_CZ\" \/>\n<meta property=\"og:type\" content=\"article\" \/>\n<meta property=\"og:title\" content=\"Reference | kbso.cz\" \/>\n<meta property=\"og:description\" content=\"Zde je mal\u00fd v\u00fd\u010det n\u011bkter\u00fdch ji\u017e zrealizovan\u00fdch projekt\u016f, kde bylo provedeno zas\u00ed\u0165ov\u00e1n\u00ed TV s\u00edt\u00ed, internetovou s\u00edt\u00ed, kamerami CCTV, nebo zabezpe\u010den\u00ed PZTS, p\u0159\u00edpadn\u011b elektropr\u00e1ce. Adresy jsou uvedeny z\u00e1m\u011brn\u011b pro Va\u0161\u00ed kontrolu a ov\u011b\u0159en\u00ed spolehlivosti a spokojenosti z\u00e1kazn\u00edka. ADRESA REALIZOVAN\u00c9HO PROJEKTU TV ROZVODY INTERNET S\u00cd\u0164\u011a CCTV PZTS Elektro Gymn\u00e1zium Fr. Hajdy \u2714 SVJ Lum\u00edrova 16, Ostrava \u2714 [&hellip;]\" \/>\n<meta property=\"og:url\" content=\"https:\/\/kbso.cz\/index.php\/reference\/\" \/>\n<meta property=\"og:site_name\" content=\"kbso.cz\" \/>\n<meta property=\"article:publisher\" content=\"https:\/\/www.facebook.com\/pages\/Kamerov%c3%a9-a-bezpe%c4%8dnostn%c3%ad-syst%c3%a9my\/103414007977089\" \/>\n<meta property=\"article:modified_time\" content=\"2022-05-23T18:44:30+00:00\" \/>\n<meta name=\"twitter:card\" content=\"summary_large_image\" \/>\n<meta name=\"twitter:label1\" content=\"Odhadovan\u00e1 doba \u010dten\u00ed\" \/>\n\t<meta name=\"twitter:data1\" content=\"3 minuty\" \/>\n<script type=\"application\/ld+json\" class=\"yoast-schema-graph\">{\"@context\":\"https:\/\/schema.org\",\"@graph\":[{\"@type\":\"WebPage\",\"@id\":\"https:\/\/kbso.cz\/index.php\/reference\/\",\"url\":\"https:\/\/kbso.cz\/index.php\/reference\/\",\"name\":\"Reference | kbso.cz\",\"isPartOf\":{\"@id\":\"https:\/\/kbso.cz\/#website\"},\"datePublished\":\"2020-02-25T11:17:42+00:00\",\"dateModified\":\"2022-05-23T18:44:30+00:00\",\"breadcrumb\":{\"@id\":\"https:\/\/kbso.cz\/index.php\/reference\/#breadcrumb\"},\"inLanguage\":\"cs\",\"potentialAction\":[{\"@type\":\"ReadAction\",\"target\":[\"https:\/\/kbso.cz\/index.php\/reference\/\"]}]},{\"@type\":\"BreadcrumbList\",\"@id\":\"https:\/\/kbso.cz\/index.php\/reference\/#breadcrumb\",\"itemListElement\":[{\"@type\":\"ListItem\",\"position\":1,\"name\":\"Dom\u016f\",\"item\":\"https:\/\/kbso.cz\/\"},{\"@type\":\"ListItem\",\"position\":2,\"name\":\"Reference\"}]},{\"@type\":\"WebSite\",\"@id\":\"https:\/\/kbso.cz\/#website\",\"url\":\"https:\/\/kbso.cz\/\",\"name\":\"kbso.cz\",\"description\":\"Kamerov\u00e9 a bezpe\u010dnostn\u00ed syst\u00e9my Ostrava\",\"publisher\":{\"@id\":\"https:\/\/kbso.cz\/#organization\"},\"potentialAction\":[{\"@type\":\"SearchAction\",\"target\":{\"@type\":\"EntryPoint\",\"urlTemplate\":\"https:\/\/kbso.cz\/?s={search_term_string}\"},\"query-input\":{\"@type\":\"PropertyValueSpecification\",\"valueRequired\":true,\"valueName\":\"search_term_string\"}}],\"inLanguage\":\"cs\"},{\"@type\":\"Organization\",\"@id\":\"https:\/\/kbso.cz\/#organization\",\"name\":\"Kamerov\u00e9 a bezpe\u010dnostn\u00ed syst\u00e9my - faMartin Ho\u0159\u010dica\",\"url\":\"https:\/\/kbso.cz\/\",\"logo\":{\"@type\":\"ImageObject\",\"inLanguage\":\"cs\",\"@id\":\"https:\/\/kbso.cz\/#\/schema\/logo\/image\/\",\"url\":\"http:\/\/kbso.cz\/wp-content\/uploads\/2020\/04\/logo-kbso.jpg\",\"contentUrl\":\"http:\/\/kbso.cz\/wp-content\/uploads\/2020\/04\/logo-kbso.jpg\",\"width\":500,\"height\":91,\"caption\":\"Kamerov\u00e9 a bezpe\u010dnostn\u00ed syst\u00e9my - faMartin Ho\u0159\u010dica\"},\"image\":{\"@id\":\"https:\/\/kbso.cz\/#\/schema\/logo\/image\/\"},\"sameAs\":[\"https:\/\/www.facebook.com\/pages\/Kamerov\u00e9-a-bezpe\u010dnostn\u00ed-syst\u00e9my\/103414007977089\"]}]}<\/script>\n<!-- \/ Yoast SEO plugin. -->","yoast_head_json":{"title":"Reference | kbso.cz","robots":{"index":"index","follow":"follow","max-snippet":"max-snippet:-1","max-image-preview":"max-image-preview:large","max-video-preview":"max-video-preview:-1"},"canonical":"https:\/\/kbso.cz\/index.php\/reference\/","og_locale":"cs_CZ","og_type":"article","og_title":"Reference | kbso.cz","og_description":"Zde je mal\u00fd v\u00fd\u010det n\u011bkter\u00fdch ji\u017e zrealizovan\u00fdch projekt\u016f, kde bylo provedeno zas\u00ed\u0165ov\u00e1n\u00ed TV s\u00edt\u00ed, internetovou s\u00edt\u00ed, kamerami CCTV, nebo zabezpe\u010den\u00ed PZTS, p\u0159\u00edpadn\u011b elektropr\u00e1ce. Adresy jsou uvedeny z\u00e1m\u011brn\u011b pro Va\u0161\u00ed kontrolu a ov\u011b\u0159en\u00ed spolehlivosti a spokojenosti z\u00e1kazn\u00edka. ADRESA REALIZOVAN\u00c9HO PROJEKTU TV ROZVODY INTERNET S\u00cd\u0164\u011a CCTV PZTS Elektro Gymn\u00e1zium Fr. Hajdy \u2714 SVJ Lum\u00edrova 16, Ostrava \u2714 [&hellip;]","og_url":"https:\/\/kbso.cz\/index.php\/reference\/","og_site_name":"kbso.cz","article_publisher":"https:\/\/www.facebook.com\/pages\/Kamerov%c3%a9-a-bezpe%c4%8dnostn%c3%ad-syst%c3%a9my\/103414007977089","article_modified_time":"2022-05-23T18:44:30+00:00","twitter_card":"summary_large_image","twitter_misc":{"Odhadovan\u00e1 doba \u010dten\u00ed":"3 minuty"},"schema":{"@context":"https:\/\/schema.org","@graph":[{"@type":"WebPage","@id":"https:\/\/kbso.cz\/index.php\/reference\/","url":"https:\/\/kbso.cz\/index.php\/reference\/","name":"Reference | kbso.cz","isPartOf":{"@id":"https:\/\/kbso.cz\/#website"},"datePublished":"2020-02-25T11:17:42+00:00","dateModified":"2022-05-23T18:44:30+00:00","breadcrumb":{"@id":"https:\/\/kbso.cz\/index.php\/reference\/#breadcrumb"},"inLanguage":"cs","potentialAction":[{"@type":"ReadAction","target":["https:\/\/kbso.cz\/index.php\/reference\/"]}]},{"@type":"BreadcrumbList","@id":"https:\/\/kbso.cz\/index.php\/reference\/#breadcrumb","itemListElement":[{"@type":"ListItem","position":1,"name":"Dom\u016f","item":"https:\/\/kbso.cz\/"},{"@type":"ListItem","position":2,"name":"Reference"}]},{"@type":"WebSite","@id":"https:\/\/kbso.cz\/#website","url":"https:\/\/kbso.cz\/","name":"kbso.cz","description":"Kamerov\u00e9 a bezpe\u010dnostn\u00ed syst\u00e9my Ostrava","publisher":{"@id":"https:\/\/kbso.cz\/#organization"},"potentialAction":[{"@type":"SearchAction","target":{"@type":"EntryPoint","urlTemplate":"https:\/\/kbso.cz\/?s={search_term_string}"},"query-input":{"@type":"PropertyValueSpecification","valueRequired":true,"valueName":"search_term_string"}}],"inLanguage":"cs"},{"@type":"Organization","@id":"https:\/\/kbso.cz\/#organization","name":"Kamerov\u00e9 a bezpe\u010dnostn\u00ed syst\u00e9my - faMartin Ho\u0159\u010dica","url":"https:\/\/kbso.cz\/","logo":{"@type":"ImageObject","inLanguage":"cs","@id":"https:\/\/kbso.cz\/#\/schema\/logo\/image\/","url":"http:\/\/kbso.cz\/wp-content\/uploads\/2020\/04\/logo-kbso.jpg","contentUrl":"http:\/\/kbso.cz\/wp-content\/uploads\/2020\/04\/logo-kbso.jpg","width":500,"height":91,"caption":"Kamerov\u00e9 a bezpe\u010dnostn\u00ed syst\u00e9my - faMartin Ho\u0159\u010dica"},"image":{"@id":"https:\/\/kbso.cz\/#\/schema\/logo\/image\/"},"sameAs":["https:\/\/www.facebook.com\/pages\/Kamerov\u00e9-a-bezpe\u010dnostn\u00ed-syst\u00e9my\/103414007977089"]}]}},"_links":{"self":[{"href":"https:\/\/kbso.cz\/index.php\/wp-json\/wp\/v2\/pages\/19","targetHints":{"allow":["GET"]}}],"collection":[{"href":"https:\/\/kbso.cz\/index.php\/wp-json\/wp\/v2\/pages"}],"about":[{"href":"https:\/\/kbso.cz\/index.php\/wp-json\/wp\/v2\/types\/page"}],"author":[{"embeddable":true,"href":"https:\/\/kbso.cz\/index.php\/wp-json\/wp\/v2\/users\/1"}],"replies":[{"embeddable":true,"href":"https:\/\/kbso.cz\/index.php\/wp-json\/wp\/v2\/comments?post=19"}],"version-history":[{"count":55,"href":"https:\/\/kbso.cz\/index.php\/wp-json\/wp\/v2\/pages\/19\/revisions"}],"predecessor-version":[{"id":1432,"href":"https:\/\/kbso.cz\/index.php\/wp-json\/wp\/v2\/pages\/19\/revisions\/1432"}],"wp:attachment":[{"href":"https:\/\/kbso.cz\/index.php\/wp-json\/wp\/v2\/media?parent=19"}],"curies":[{"name":"wp","href":"https:\/\/api.w.org\/{rel}","templated":true}]}}