{"id":17,"date":"2020-02-25T12:17:31","date_gmt":"2020-02-25T11:17:31","guid":{"rendered":"http:\/\/kbso.cz\/?page_id=17"},"modified":"2020-05-15T11:42:10","modified_gmt":"2020-05-15T09:42:10","slug":"tv-anteny-a-satelity","status":"publish","type":"page","link":"https:\/\/kbso.cz\/index.php\/tv-anteny-a-satelity\/","title":{"rendered":"TV ant\u00e9ny a satelity"},"content":{"rendered":"\n<p>Prov\u00e1d\u00edme kompletn\u00ed dod\u00e1vku a mont\u00e1\u017e TV technologi\u00ed tzn. jak digit\u00e1ln\u00ed, tak i satelitn\u00ed technologie pro v\u0161echny tipy z\u00e1kazn\u00edk\u016f (rodinn\u00e9 domy, panelov\u00e9 domy i firmy).<\/p>\n\n\n\n<p>V p\u0159\u00edpad\u011b panelov\u00fdch dom\u016f se jedn\u00e1 o tzv. hv\u011bzdicov\u00fd syst\u00e9m, kdy je ka\u017ed\u00e1 jednotka p\u0159ipojena k technologii samostatn\u011b. D\u00edky tomu odpad\u00e1 poruchovost a ovlivnitelnost jin\u00fdch \u00fa\u010dastn\u00edk\u016f.<\/p>\n\n\n\n<p>D\u00edky tomuto hv\u011bzdicov\u00e9mu syst\u00e9mu, z\u00edsk\u00e1 ka\u017ed\u00e1 bytov\u00e1 jednotka p\u0159\u00edstup jak k digit\u00e1ln\u00edmu vys\u00edl\u00e1n\u00ed, tak i k satelitn\u00edmu vys\u00edl\u00e1n\u00ed. Je rovn\u011b\u017e mo\u017enost p\u0159ipojit i r\u00e1diov\u00fd p\u0159\u00edjem. To v\u0161e v jednom kabelu do ka\u017ed\u00e9 dom\u00e1cnosti. Ka\u017ed\u00fd n\u00e1jemn\u00edk m\u00e1 pak mo\u017enost se rozhodnout o jak\u00fd p\u0159\u00edjem TV m\u00e1 z\u00e1jem. Viz obr\u00e1zek \u010d.1.<\/p>\n\n\n\n<ul class=\"wp-block-list\"><li>V p\u0159\u00edpad\u011b z\u00e1jm\u016f o v\u00edce jak jeden satelitn\u00ed p\u0159\u00edjem do dom\u00e1cnosti, je nutn\u00e9 p\u0159iv\u00e9st pot\u0159ebn\u00fd po\u010det kabel\u016f. viz. obr. 3<\/li><li>V p\u0159\u00edpad\u011b digit\u00e1ln\u00edho p\u0159\u00edjmu se sign\u00e1l d\u011bl\u00ed v samotn\u00e9m byt\u011b viz. obr 2, 3 a 5<\/li><\/ul>\n\n\n\n<p>T\u00edmto odpad\u00e1 mont\u00e1\u017e satelitn\u00edch parabol na opl\u00e1\u0161t\u011bn\u00ed domu a rizika s t\u00edmto spojen\u00e9.<\/p>\n\n\n\n<figure class=\"wp-block-gallery columns-3 is-cropped wpge-bl-masonry widescrn wp-block-gallery-1 is-layout-flex wp-block-gallery-is-layout-flex\"><ul class=\"blocks-gallery-grid\"><li class=\"blocks-gallery-item\"><figure><a href=\"https:\/\/kbso.cz\/wp-content\/uploads\/2020\/05\/planek.jpg\" data-lbwps-gid=\"2\" data-lbwps-width=\"946\" data-lbwps-height=\"1368\" data-lbwps-srcsmall=\"https:\/\/kbso.cz\/wp-content\/uploads\/2020\/05\/planek-207x300.jpg\" data-lbwps-caption=\"Pl\u00e1nek\"><img loading=\"lazy\" decoding=\"async\" width=\"207\" height=\"300\" src=\"https:\/\/kbso.cz\/wp-content\/uploads\/2020\/05\/planek-207x300.jpg\" alt=\"\" data-id=\"1175\" data-full-url=\"https:\/\/kbso.cz\/wp-content\/uploads\/2020\/05\/planek.jpg\" data-link=\"https:\/\/kbso.cz\/index.php\/tv-anteny-a-satelity\/planek\/\" class=\"wp-image-1175\" srcset=\"https:\/\/kbso.cz\/wp-content\/uploads\/2020\/05\/planek-207x300.jpg 207w, https:\/\/kbso.cz\/wp-content\/uploads\/2020\/05\/planek-708x1024.jpg 708w, https:\/\/kbso.cz\/wp-content\/uploads\/2020\/05\/planek-768x1111.jpg 768w, https:\/\/kbso.cz\/wp-content\/uploads\/2020\/05\/planek.jpg 946w\" sizes=\"auto, (max-width: 207px) 100vw, 207px\" \/><\/a><figcaption class=\"blocks-gallery-item__caption\">Pl\u00e1nek<\/figcaption><\/figure><\/li><li class=\"blocks-gallery-item\"><figure><a href=\"https:\/\/kbso.cz\/wp-content\/uploads\/2020\/05\/planek_a.jpg\" data-lbwps-gid=\"2\" data-lbwps-width=\"946\" data-lbwps-height=\"235\" data-lbwps-srcsmall=\"https:\/\/kbso.cz\/wp-content\/uploads\/2020\/05\/planek_a-300x75.jpg\" data-lbwps-caption=\"obr.1\"><img loading=\"lazy\" decoding=\"async\" width=\"300\" height=\"75\" src=\"https:\/\/kbso.cz\/wp-content\/uploads\/2020\/05\/planek_a-300x75.jpg\" alt=\"\" data-id=\"1235\" data-full-url=\"https:\/\/kbso.cz\/wp-content\/uploads\/2020\/05\/planek_a.jpg\" data-link=\"https:\/\/kbso.cz\/planek_a\/\" class=\"wp-image-1235\" srcset=\"https:\/\/kbso.cz\/wp-content\/uploads\/2020\/05\/planek_a-300x75.jpg 300w, https:\/\/kbso.cz\/wp-content\/uploads\/2020\/05\/planek_a-768x191.jpg 768w, https:\/\/kbso.cz\/wp-content\/uploads\/2020\/05\/planek_a.jpg 946w\" sizes=\"auto, (max-width: 300px) 100vw, 300px\" \/><\/a><figcaption class=\"blocks-gallery-item__caption\">obr.1<\/figcaption><\/figure><\/li><li class=\"blocks-gallery-item\"><figure><a href=\"https:\/\/kbso.cz\/wp-content\/uploads\/2020\/05\/planek_b.jpg\" data-lbwps-gid=\"2\" data-lbwps-width=\"946\" data-lbwps-height=\"274\" data-lbwps-srcsmall=\"https:\/\/kbso.cz\/wp-content\/uploads\/2020\/05\/planek_b-300x87.jpg\" data-lbwps-caption=\"obr.2\"><img loading=\"lazy\" decoding=\"async\" width=\"300\" height=\"87\" src=\"https:\/\/kbso.cz\/wp-content\/uploads\/2020\/05\/planek_b-300x87.jpg\" alt=\"\" data-id=\"1236\" data-full-url=\"https:\/\/kbso.cz\/wp-content\/uploads\/2020\/05\/planek_b.jpg\" data-link=\"https:\/\/kbso.cz\/planek_b\/\" class=\"wp-image-1236\" srcset=\"https:\/\/kbso.cz\/wp-content\/uploads\/2020\/05\/planek_b-300x87.jpg 300w, https:\/\/kbso.cz\/wp-content\/uploads\/2020\/05\/planek_b-768x222.jpg 768w, https:\/\/kbso.cz\/wp-content\/uploads\/2020\/05\/planek_b.jpg 946w\" sizes=\"auto, (max-width: 300px) 100vw, 300px\" \/><\/a><figcaption class=\"blocks-gallery-item__caption\">obr.2<\/figcaption><\/figure><\/li><li class=\"blocks-gallery-item\"><figure><a href=\"https:\/\/kbso.cz\/wp-content\/uploads\/2020\/05\/planek_c.jpg\" data-lbwps-gid=\"2\" data-lbwps-width=\"946\" data-lbwps-height=\"222\" data-lbwps-srcsmall=\"https:\/\/kbso.cz\/wp-content\/uploads\/2020\/05\/planek_c-300x70.jpg\" data-lbwps-caption=\"obr.3\"><img loading=\"lazy\" decoding=\"async\" width=\"300\" height=\"70\" src=\"https:\/\/kbso.cz\/wp-content\/uploads\/2020\/05\/planek_c-300x70.jpg\" alt=\"\" data-id=\"1237\" data-full-url=\"https:\/\/kbso.cz\/wp-content\/uploads\/2020\/05\/planek_c.jpg\" data-link=\"https:\/\/kbso.cz\/planek_c\/\" class=\"wp-image-1237\" srcset=\"https:\/\/kbso.cz\/wp-content\/uploads\/2020\/05\/planek_c-300x70.jpg 300w, https:\/\/kbso.cz\/wp-content\/uploads\/2020\/05\/planek_c-768x180.jpg 768w, https:\/\/kbso.cz\/wp-content\/uploads\/2020\/05\/planek_c.jpg 946w\" sizes=\"auto, (max-width: 300px) 100vw, 300px\" \/><\/a><figcaption class=\"blocks-gallery-item__caption\">obr.3<\/figcaption><\/figure><\/li><li class=\"blocks-gallery-item\"><figure><a href=\"https:\/\/kbso.cz\/wp-content\/uploads\/2020\/05\/planek_d.jpg\" data-lbwps-gid=\"2\" data-lbwps-width=\"946\" data-lbwps-height=\"184\" data-lbwps-srcsmall=\"https:\/\/kbso.cz\/wp-content\/uploads\/2020\/05\/planek_d-300x58.jpg\" data-lbwps-caption=\"obr.4\"><img loading=\"lazy\" decoding=\"async\" width=\"300\" height=\"58\" src=\"https:\/\/kbso.cz\/wp-content\/uploads\/2020\/05\/planek_d-300x58.jpg\" alt=\"\" data-id=\"1238\" data-full-url=\"https:\/\/kbso.cz\/wp-content\/uploads\/2020\/05\/planek_d.jpg\" data-link=\"https:\/\/kbso.cz\/planek_d\/\" class=\"wp-image-1238\" srcset=\"https:\/\/kbso.cz\/wp-content\/uploads\/2020\/05\/planek_d-300x58.jpg 300w, https:\/\/kbso.cz\/wp-content\/uploads\/2020\/05\/planek_d-768x149.jpg 768w, https:\/\/kbso.cz\/wp-content\/uploads\/2020\/05\/planek_d.jpg 946w\" sizes=\"auto, (max-width: 300px) 100vw, 300px\" \/><\/a><figcaption class=\"blocks-gallery-item__caption\">obr.4<\/figcaption><\/figure><\/li><li class=\"blocks-gallery-item\"><figure><a href=\"https:\/\/kbso.cz\/wp-content\/uploads\/2020\/05\/planek_e.jpg\" data-lbwps-gid=\"2\" data-lbwps-width=\"946\" data-lbwps-height=\"228\" data-lbwps-srcsmall=\"https:\/\/kbso.cz\/wp-content\/uploads\/2020\/05\/planek_e-300x72.jpg\" data-lbwps-caption=\"obr.5\"><img loading=\"lazy\" decoding=\"async\" width=\"300\" height=\"72\" src=\"https:\/\/kbso.cz\/wp-content\/uploads\/2020\/05\/planek_e-300x72.jpg\" alt=\"\" data-id=\"1239\" data-full-url=\"https:\/\/kbso.cz\/wp-content\/uploads\/2020\/05\/planek_e.jpg\" data-link=\"https:\/\/kbso.cz\/planek_e\/\" class=\"wp-image-1239\" srcset=\"https:\/\/kbso.cz\/wp-content\/uploads\/2020\/05\/planek_e-300x72.jpg 300w, https:\/\/kbso.cz\/wp-content\/uploads\/2020\/05\/planek_e-768x185.jpg 768w, https:\/\/kbso.cz\/wp-content\/uploads\/2020\/05\/planek_e.jpg 946w\" sizes=\"auto, (max-width: 300px) 100vw, 300px\" \/><\/a><figcaption class=\"blocks-gallery-item__caption\">obr.5<\/figcaption><\/figure><\/li><\/ul><\/figure>\n","protected":false},"excerpt":{"rendered":"<p>Prov\u00e1d\u00edme kompletn\u00ed dod\u00e1vku a mont\u00e1\u017e TV technologi\u00ed tzn. jak digit\u00e1ln\u00ed, tak i satelitn\u00ed technologie pro v\u0161echny tipy z\u00e1kazn\u00edk\u016f (rodinn\u00e9 domy, panelov\u00e9 domy i firmy). V p\u0159\u00edpad\u011b panelov\u00fdch dom\u016f se jedn\u00e1 o tzv. hv\u011bzdicov\u00fd syst\u00e9m, kdy je ka\u017ed\u00e1 jednotka p\u0159ipojena k technologii samostatn\u011b. D\u00edky tomu odpad\u00e1 poruchovost a ovlivnitelnost jin\u00fdch \u00fa\u010dastn\u00edk\u016f. D\u00edky tomuto hv\u011bzdicov\u00e9mu syst\u00e9mu, z\u00edsk\u00e1 [&hellip;]<\/p>\n","protected":false},"author":1,"featured_media":0,"parent":0,"menu_order":30,"comment_status":"closed","ping_status":"closed","template":"","meta":{"footnotes":""},"class_list":["post-17","page","type-page","status-publish","hentry"],"yoast_head":"<!-- This site is optimized with the Yoast SEO plugin v23.5 - https:\/\/yoast.com\/wordpress\/plugins\/seo\/ -->\n<title>TV ant\u00e9ny a satelity | kbso.cz<\/title>\n<meta name=\"robots\" content=\"index, follow, max-snippet:-1, max-image-preview:large, max-video-preview:-1\" \/>\n<link rel=\"canonical\" href=\"https:\/\/kbso.cz\/index.php\/tv-anteny-a-satelity\/\" \/>\n<meta property=\"og:locale\" content=\"cs_CZ\" \/>\n<meta property=\"og:type\" content=\"article\" \/>\n<meta property=\"og:title\" content=\"TV ant\u00e9ny a satelity | kbso.cz\" \/>\n<meta property=\"og:description\" content=\"Prov\u00e1d\u00edme kompletn\u00ed dod\u00e1vku a mont\u00e1\u017e TV technologi\u00ed tzn. jak digit\u00e1ln\u00ed, tak i satelitn\u00ed technologie pro v\u0161echny tipy z\u00e1kazn\u00edk\u016f (rodinn\u00e9 domy, panelov\u00e9 domy i firmy). V p\u0159\u00edpad\u011b panelov\u00fdch dom\u016f se jedn\u00e1 o tzv. hv\u011bzdicov\u00fd syst\u00e9m, kdy je ka\u017ed\u00e1 jednotka p\u0159ipojena k technologii samostatn\u011b. D\u00edky tomu odpad\u00e1 poruchovost a ovlivnitelnost jin\u00fdch \u00fa\u010dastn\u00edk\u016f. D\u00edky tomuto hv\u011bzdicov\u00e9mu syst\u00e9mu, z\u00edsk\u00e1 [&hellip;]\" \/>\n<meta property=\"og:url\" content=\"https:\/\/kbso.cz\/index.php\/tv-anteny-a-satelity\/\" \/>\n<meta property=\"og:site_name\" content=\"kbso.cz\" \/>\n<meta property=\"article:publisher\" content=\"https:\/\/www.facebook.com\/pages\/Kamerov%c3%a9-a-bezpe%c4%8dnostn%c3%ad-syst%c3%a9my\/103414007977089\" \/>\n<meta property=\"article:modified_time\" content=\"2020-05-15T09:42:10+00:00\" \/>\n<meta property=\"og:image\" content=\"http:\/\/kbso.cz\/wp-content\/uploads\/2020\/05\/planek-207x300.jpg\" \/>\n<meta name=\"twitter:card\" content=\"summary_large_image\" \/>\n<meta name=\"twitter:label1\" content=\"Odhadovan\u00e1 doba \u010dten\u00ed\" \/>\n\t<meta name=\"twitter:data1\" content=\"1 minuta\" \/>\n<script type=\"application\/ld+json\" class=\"yoast-schema-graph\">{\"@context\":\"https:\/\/schema.org\",\"@graph\":[{\"@type\":\"WebPage\",\"@id\":\"https:\/\/kbso.cz\/index.php\/tv-anteny-a-satelity\/\",\"url\":\"https:\/\/kbso.cz\/index.php\/tv-anteny-a-satelity\/\",\"name\":\"TV ant\u00e9ny a satelity | kbso.cz\",\"isPartOf\":{\"@id\":\"https:\/\/kbso.cz\/#website\"},\"primaryImageOfPage\":{\"@id\":\"https:\/\/kbso.cz\/index.php\/tv-anteny-a-satelity\/#primaryimage\"},\"image\":{\"@id\":\"https:\/\/kbso.cz\/index.php\/tv-anteny-a-satelity\/#primaryimage\"},\"thumbnailUrl\":\"http:\/\/kbso.cz\/wp-content\/uploads\/2020\/05\/planek-207x300.jpg\",\"datePublished\":\"2020-02-25T11:17:31+00:00\",\"dateModified\":\"2020-05-15T09:42:10+00:00\",\"breadcrumb\":{\"@id\":\"https:\/\/kbso.cz\/index.php\/tv-anteny-a-satelity\/#breadcrumb\"},\"inLanguage\":\"cs\",\"potentialAction\":[{\"@type\":\"ReadAction\",\"target\":[\"https:\/\/kbso.cz\/index.php\/tv-anteny-a-satelity\/\"]}]},{\"@type\":\"ImageObject\",\"inLanguage\":\"cs\",\"@id\":\"https:\/\/kbso.cz\/index.php\/tv-anteny-a-satelity\/#primaryimage\",\"url\":\"http:\/\/kbso.cz\/wp-content\/uploads\/2020\/05\/planek-207x300.jpg\",\"contentUrl\":\"http:\/\/kbso.cz\/wp-content\/uploads\/2020\/05\/planek-207x300.jpg\"},{\"@type\":\"BreadcrumbList\",\"@id\":\"https:\/\/kbso.cz\/index.php\/tv-anteny-a-satelity\/#breadcrumb\",\"itemListElement\":[{\"@type\":\"ListItem\",\"position\":1,\"name\":\"Dom\u016f\",\"item\":\"https:\/\/kbso.cz\/\"},{\"@type\":\"ListItem\",\"position\":2,\"name\":\"TV ant\u00e9ny a satelity\"}]},{\"@type\":\"WebSite\",\"@id\":\"https:\/\/kbso.cz\/#website\",\"url\":\"https:\/\/kbso.cz\/\",\"name\":\"kbso.cz\",\"description\":\"Kamerov\u00e9 a bezpe\u010dnostn\u00ed syst\u00e9my Ostrava\",\"publisher\":{\"@id\":\"https:\/\/kbso.cz\/#organization\"},\"potentialAction\":[{\"@type\":\"SearchAction\",\"target\":{\"@type\":\"EntryPoint\",\"urlTemplate\":\"https:\/\/kbso.cz\/?s={search_term_string}\"},\"query-input\":{\"@type\":\"PropertyValueSpecification\",\"valueRequired\":true,\"valueName\":\"search_term_string\"}}],\"inLanguage\":\"cs\"},{\"@type\":\"Organization\",\"@id\":\"https:\/\/kbso.cz\/#organization\",\"name\":\"Kamerov\u00e9 a bezpe\u010dnostn\u00ed syst\u00e9my - faMartin Ho\u0159\u010dica\",\"url\":\"https:\/\/kbso.cz\/\",\"logo\":{\"@type\":\"ImageObject\",\"inLanguage\":\"cs\",\"@id\":\"https:\/\/kbso.cz\/#\/schema\/logo\/image\/\",\"url\":\"http:\/\/kbso.cz\/wp-content\/uploads\/2020\/04\/logo-kbso.jpg\",\"contentUrl\":\"http:\/\/kbso.cz\/wp-content\/uploads\/2020\/04\/logo-kbso.jpg\",\"width\":500,\"height\":91,\"caption\":\"Kamerov\u00e9 a bezpe\u010dnostn\u00ed syst\u00e9my - faMartin Ho\u0159\u010dica\"},\"image\":{\"@id\":\"https:\/\/kbso.cz\/#\/schema\/logo\/image\/\"},\"sameAs\":[\"https:\/\/www.facebook.com\/pages\/Kamerov\u00e9-a-bezpe\u010dnostn\u00ed-syst\u00e9my\/103414007977089\"]}]}<\/script>\n<!-- \/ Yoast SEO plugin. -->","yoast_head_json":{"title":"TV ant\u00e9ny a satelity | kbso.cz","robots":{"index":"index","follow":"follow","max-snippet":"max-snippet:-1","max-image-preview":"max-image-preview:large","max-video-preview":"max-video-preview:-1"},"canonical":"https:\/\/kbso.cz\/index.php\/tv-anteny-a-satelity\/","og_locale":"cs_CZ","og_type":"article","og_title":"TV ant\u00e9ny a satelity | kbso.cz","og_description":"Prov\u00e1d\u00edme kompletn\u00ed dod\u00e1vku a mont\u00e1\u017e TV technologi\u00ed tzn. jak digit\u00e1ln\u00ed, tak i satelitn\u00ed technologie pro v\u0161echny tipy z\u00e1kazn\u00edk\u016f (rodinn\u00e9 domy, panelov\u00e9 domy i firmy). V p\u0159\u00edpad\u011b panelov\u00fdch dom\u016f se jedn\u00e1 o tzv. hv\u011bzdicov\u00fd syst\u00e9m, kdy je ka\u017ed\u00e1 jednotka p\u0159ipojena k technologii samostatn\u011b. D\u00edky tomu odpad\u00e1 poruchovost a ovlivnitelnost jin\u00fdch \u00fa\u010dastn\u00edk\u016f. D\u00edky tomuto hv\u011bzdicov\u00e9mu syst\u00e9mu, z\u00edsk\u00e1 [&hellip;]","og_url":"https:\/\/kbso.cz\/index.php\/tv-anteny-a-satelity\/","og_site_name":"kbso.cz","article_publisher":"https:\/\/www.facebook.com\/pages\/Kamerov%c3%a9-a-bezpe%c4%8dnostn%c3%ad-syst%c3%a9my\/103414007977089","article_modified_time":"2020-05-15T09:42:10+00:00","og_image":[{"url":"http:\/\/kbso.cz\/wp-content\/uploads\/2020\/05\/planek-207x300.jpg"}],"twitter_card":"summary_large_image","twitter_misc":{"Odhadovan\u00e1 doba \u010dten\u00ed":"1 minuta"},"schema":{"@context":"https:\/\/schema.org","@graph":[{"@type":"WebPage","@id":"https:\/\/kbso.cz\/index.php\/tv-anteny-a-satelity\/","url":"https:\/\/kbso.cz\/index.php\/tv-anteny-a-satelity\/","name":"TV ant\u00e9ny a satelity | kbso.cz","isPartOf":{"@id":"https:\/\/kbso.cz\/#website"},"primaryImageOfPage":{"@id":"https:\/\/kbso.cz\/index.php\/tv-anteny-a-satelity\/#primaryimage"},"image":{"@id":"https:\/\/kbso.cz\/index.php\/tv-anteny-a-satelity\/#primaryimage"},"thumbnailUrl":"http:\/\/kbso.cz\/wp-content\/uploads\/2020\/05\/planek-207x300.jpg","datePublished":"2020-02-25T11:17:31+00:00","dateModified":"2020-05-15T09:42:10+00:00","breadcrumb":{"@id":"https:\/\/kbso.cz\/index.php\/tv-anteny-a-satelity\/#breadcrumb"},"inLanguage":"cs","potentialAction":[{"@type":"ReadAction","target":["https:\/\/kbso.cz\/index.php\/tv-anteny-a-satelity\/"]}]},{"@type":"ImageObject","inLanguage":"cs","@id":"https:\/\/kbso.cz\/index.php\/tv-anteny-a-satelity\/#primaryimage","url":"http:\/\/kbso.cz\/wp-content\/uploads\/2020\/05\/planek-207x300.jpg","contentUrl":"http:\/\/kbso.cz\/wp-content\/uploads\/2020\/05\/planek-207x300.jpg"},{"@type":"BreadcrumbList","@id":"https:\/\/kbso.cz\/index.php\/tv-anteny-a-satelity\/#breadcrumb","itemListElement":[{"@type":"ListItem","position":1,"name":"Dom\u016f","item":"https:\/\/kbso.cz\/"},{"@type":"ListItem","position":2,"name":"TV ant\u00e9ny a satelity"}]},{"@type":"WebSite","@id":"https:\/\/kbso.cz\/#website","url":"https:\/\/kbso.cz\/","name":"kbso.cz","description":"Kamerov\u00e9 a bezpe\u010dnostn\u00ed syst\u00e9my Ostrava","publisher":{"@id":"https:\/\/kbso.cz\/#organization"},"potentialAction":[{"@type":"SearchAction","target":{"@type":"EntryPoint","urlTemplate":"https:\/\/kbso.cz\/?s={search_term_string}"},"query-input":{"@type":"PropertyValueSpecification","valueRequired":true,"valueName":"search_term_string"}}],"inLanguage":"cs"},{"@type":"Organization","@id":"https:\/\/kbso.cz\/#organization","name":"Kamerov\u00e9 a bezpe\u010dnostn\u00ed syst\u00e9my - faMartin Ho\u0159\u010dica","url":"https:\/\/kbso.cz\/","logo":{"@type":"ImageObject","inLanguage":"cs","@id":"https:\/\/kbso.cz\/#\/schema\/logo\/image\/","url":"http:\/\/kbso.cz\/wp-content\/uploads\/2020\/04\/logo-kbso.jpg","contentUrl":"http:\/\/kbso.cz\/wp-content\/uploads\/2020\/04\/logo-kbso.jpg","width":500,"height":91,"caption":"Kamerov\u00e9 a bezpe\u010dnostn\u00ed syst\u00e9my - faMartin Ho\u0159\u010dica"},"image":{"@id":"https:\/\/kbso.cz\/#\/schema\/logo\/image\/"},"sameAs":["https:\/\/www.facebook.com\/pages\/Kamerov\u00e9-a-bezpe\u010dnostn\u00ed-syst\u00e9my\/103414007977089"]}]}},"_links":{"self":[{"href":"https:\/\/kbso.cz\/index.php\/wp-json\/wp\/v2\/pages\/17","targetHints":{"allow":["GET"]}}],"collection":[{"href":"https:\/\/kbso.cz\/index.php\/wp-json\/wp\/v2\/pages"}],"about":[{"href":"https:\/\/kbso.cz\/index.php\/wp-json\/wp\/v2\/types\/page"}],"author":[{"embeddable":true,"href":"https:\/\/kbso.cz\/index.php\/wp-json\/wp\/v2\/users\/1"}],"replies":[{"embeddable":true,"href":"https:\/\/kbso.cz\/index.php\/wp-json\/wp\/v2\/comments?post=17"}],"version-history":[{"count":15,"href":"https:\/\/kbso.cz\/index.php\/wp-json\/wp\/v2\/pages\/17\/revisions"}],"predecessor-version":[{"id":1262,"href":"https:\/\/kbso.cz\/index.php\/wp-json\/wp\/v2\/pages\/17\/revisions\/1262"}],"wp:attachment":[{"href":"https:\/\/kbso.cz\/index.php\/wp-json\/wp\/v2\/media?parent=17"}],"curies":[{"name":"wp","href":"https:\/\/api.w.org\/{rel}","templated":true}]}}