{"id":15,"date":"2020-02-25T12:17:15","date_gmt":"2020-02-25T11:17:15","guid":{"rendered":"http:\/\/kbso.vrabcovo.czhttp:\/\/kbso.cz\/?page_id=15"},"modified":"2020-06-16T17:18:51","modified_gmt":"2020-06-16T15:18:51","slug":"zabezpecovaci-systemy-pzts","status":"publish","type":"page","link":"https:\/\/kbso.cz\/index.php\/zabezpecovaci-systemy-pzts\/","title":{"rendered":"Zabezpe\u010dovac\u00ed syst\u00e9my (PZTS)"},"content":{"rendered":"\n<p>Elektronick\u00e9 zabezpe\u010dovac\u00ed syst\u00e9my jsou modern\u00ed prost\u0159edky slou\u017e\u00edc\u00ed k&nbsp;ochran\u011b \u017eivota, zdrav\u00ed a majetku. Tyto syst\u00e9my se v&nbsp;dne\u0161n\u00ed dob\u011b vyu\u017e\u00edvaj\u00ed na st\u0159e\u017een\u00ed v\u0161ech typ\u016f objekt\u016f a prostor\u016f od rozs\u00e1hl\u00fdch komplex\u016f komer\u010dn\u00edch objekt\u016f, n\u00e1kupn\u00edch center, v\u00fdrobn\u00edch hal, elektr\u00e1ren, a\u017e po zabezpe\u010den\u00ed rodinn\u00fdch dom\u016f, byt\u016f, chat apod.<\/p>\n\n\n\n<div class=\"wp-block-image\"><figure class=\"alignright\"><img decoding=\"async\" src=\"http:\/\/www.tv-internet-site.cz\/images\/stories\/ezs\/zlodej.png\" alt=\"zlodej\"\/><\/figure><\/div>\n\n\n\n<p>Mozkem ka\u017ed\u00e9ho EZS je \u00fast\u0159edna, kter\u00e1 na z\u00e1klad\u011b naprogramovan\u00fdch podn\u011bt\u016f vyhodnocuje ve\u0161ker\u00e9 sign\u00e1ly z instalovan\u00fdch detektor\u016f a dal\u0161\u00edch prvk\u016f a n\u00e1sledn\u011b rozhoduje o vyhl\u00e1\u0161en\u00ed poplachu. Dne\u0161n\u00ed EZS pou\u017e\u00edvaj\u00ed k vypnut\u00ed syst\u00e9mu kl\u00e1vesnice, nebo je mo\u017en\u00e9 syst\u00e9m vypnout i za pomoc\u00ed tla\u010d\u00edtka radiov\u00e9ho ovlada\u010de. Pro ochranu vnit\u0159n\u00edch prostor lze pou\u017e\u00edt pasivn\u00ed infra\u010derven\u00fd detektor pohybu (PIR detektor), kter\u00fd je schopen na z\u00e1klad\u011b anal\u00fdzy teploty rozeznat pohyb \u010dlov\u011bka v m\u00edstnosti. Mezi dal\u0161\u00ed nej\u010dast\u011bji pou\u017e\u00edvan\u00e9 detektory pro ochranu vnit\u0159n\u00edch prostor pat\u0159\u00ed detektor t\u0159\u00ed\u0161t\u011bn\u00ed skla. Ten vyhl\u00e1s\u00ed poplach p\u0159i detekci akustick\u00e9ho tlaku a n\u00e1sledn\u00e9ho charakteristick\u00e9ho zvuku p\u0159i t\u0159\u00ed\u0161t\u011bn\u00ed skla.<\/p>\n\n\n\n<p>Krom\u011b \u010didel detekuj\u00edc\u00edch p\u0159\u00edtomnost \u010dlov\u011bka je mo\u017en\u00e9 do syst\u00e9mu EZS p\u0159i\u0159adit i detektory reaguj\u00edc\u00ed a upozor\u0148uj\u00edc\u00ed na p\u0159\u00edtomnost vodn\u00ed hladiny, vznik po\u017e\u00e1ru, uniku plynu a jin\u00fdch l\u00e1tek. V p\u0159\u00edpad\u011b vyhl\u00e1\u0161en\u00ed poplachu \u00fast\u0159edna spust\u00ed zvukov\u011b akustickou signalizaci &#8211; sir\u00e9nu. Ta m\u016f\u017ee b\u00fdt um\u00edst\u011bna uvnit\u0159 objektu s&nbsp;c\u00edlem odradit pachatele, nebo na pl\u00e1\u0161ti objektu s&nbsp;\u00fakolem p\u0159il\u00e1kat pozornost soused\u016f. Pro upozorn\u011bn\u00ed majitele objektu se pou\u017e\u00edvaj\u00ed komunik\u00e1tory vyu\u017e\u00edvaj\u00edc\u00ed mobiln\u00ed s\u00edt\u011b oper\u00e1tor\u016f (GSM) nebo pevnou telefonn\u00ed linku. Tento syst\u00e9m pak zavol\u00e1 na ve\u0161ker\u00e1 uveden\u00e1 \u010d\u00edsla, nebo se p\u0159ehraje zpr\u00e1va, kterou u\u017eivatel p\u0159i instalaci nahr\u00e1l do syst\u00e9mu. Syst\u00e9m je mo\u017en\u00e9 napojit na pult centr\u00e1ln\u00ed ochrany.<\/p>\n","protected":false},"excerpt":{"rendered":"<p>Elektronick\u00e9 zabezpe\u010dovac\u00ed syst\u00e9my jsou modern\u00ed prost\u0159edky slou\u017e\u00edc\u00ed k&nbsp;ochran\u011b \u017eivota, zdrav\u00ed a majetku. Tyto syst\u00e9my se v&nbsp;dne\u0161n\u00ed dob\u011b vyu\u017e\u00edvaj\u00ed na st\u0159e\u017een\u00ed v\u0161ech typ\u016f objekt\u016f a prostor\u016f od rozs\u00e1hl\u00fdch komplex\u016f komer\u010dn\u00edch objekt\u016f, n\u00e1kupn\u00edch center, v\u00fdrobn\u00edch hal, elektr\u00e1ren, a\u017e po zabezpe\u010den\u00ed rodinn\u00fdch dom\u016f, byt\u016f, chat apod. Mozkem ka\u017ed\u00e9ho EZS je \u00fast\u0159edna, kter\u00e1 na z\u00e1klad\u011b naprogramovan\u00fdch podn\u011bt\u016f vyhodnocuje ve\u0161ker\u00e9 [&hellip;]<\/p>\n","protected":false},"author":1,"featured_media":0,"parent":0,"menu_order":20,"comment_status":"closed","ping_status":"closed","template":"","meta":{"footnotes":""},"class_list":["post-15","page","type-page","status-publish","hentry"],"yoast_head":"<!-- This site is optimized with the Yoast SEO plugin v23.5 - https:\/\/yoast.com\/wordpress\/plugins\/seo\/ -->\n<title>Zabezpe\u010dovac\u00ed syst\u00e9my (PZTS) | kbso.cz<\/title>\n<meta name=\"robots\" content=\"index, follow, max-snippet:-1, max-image-preview:large, max-video-preview:-1\" \/>\n<link rel=\"canonical\" href=\"https:\/\/kbso.cz\/index.php\/zabezpecovaci-systemy-pzts\/\" \/>\n<meta property=\"og:locale\" content=\"cs_CZ\" \/>\n<meta property=\"og:type\" content=\"article\" \/>\n<meta property=\"og:title\" content=\"Zabezpe\u010dovac\u00ed syst\u00e9my (PZTS) | kbso.cz\" \/>\n<meta property=\"og:description\" content=\"Elektronick\u00e9 zabezpe\u010dovac\u00ed syst\u00e9my jsou modern\u00ed prost\u0159edky slou\u017e\u00edc\u00ed k&nbsp;ochran\u011b \u017eivota, zdrav\u00ed a majetku. Tyto syst\u00e9my se v&nbsp;dne\u0161n\u00ed dob\u011b vyu\u017e\u00edvaj\u00ed na st\u0159e\u017een\u00ed v\u0161ech typ\u016f objekt\u016f a prostor\u016f od rozs\u00e1hl\u00fdch komplex\u016f komer\u010dn\u00edch objekt\u016f, n\u00e1kupn\u00edch center, v\u00fdrobn\u00edch hal, elektr\u00e1ren, a\u017e po zabezpe\u010den\u00ed rodinn\u00fdch dom\u016f, byt\u016f, chat apod. Mozkem ka\u017ed\u00e9ho EZS je \u00fast\u0159edna, kter\u00e1 na z\u00e1klad\u011b naprogramovan\u00fdch podn\u011bt\u016f vyhodnocuje ve\u0161ker\u00e9 [&hellip;]\" \/>\n<meta property=\"og:url\" content=\"https:\/\/kbso.cz\/index.php\/zabezpecovaci-systemy-pzts\/\" \/>\n<meta property=\"og:site_name\" content=\"kbso.cz\" \/>\n<meta property=\"article:publisher\" content=\"https:\/\/www.facebook.com\/pages\/Kamerov%c3%a9-a-bezpe%c4%8dnostn%c3%ad-syst%c3%a9my\/103414007977089\" \/>\n<meta property=\"article:modified_time\" content=\"2020-06-16T15:18:51+00:00\" \/>\n<meta property=\"og:image\" content=\"http:\/\/www.tv-internet-site.cz\/images\/stories\/ezs\/zlodej.png\" \/>\n<meta name=\"twitter:card\" content=\"summary_large_image\" \/>\n<meta name=\"twitter:label1\" content=\"Odhadovan\u00e1 doba \u010dten\u00ed\" \/>\n\t<meta name=\"twitter:data1\" content=\"2 minuty\" \/>\n<script type=\"application\/ld+json\" class=\"yoast-schema-graph\">{\"@context\":\"https:\/\/schema.org\",\"@graph\":[{\"@type\":\"WebPage\",\"@id\":\"https:\/\/kbso.cz\/index.php\/zabezpecovaci-systemy-pzts\/\",\"url\":\"https:\/\/kbso.cz\/index.php\/zabezpecovaci-systemy-pzts\/\",\"name\":\"Zabezpe\u010dovac\u00ed syst\u00e9my (PZTS) | kbso.cz\",\"isPartOf\":{\"@id\":\"https:\/\/kbso.cz\/#website\"},\"primaryImageOfPage\":{\"@id\":\"https:\/\/kbso.cz\/index.php\/zabezpecovaci-systemy-pzts\/#primaryimage\"},\"image\":{\"@id\":\"https:\/\/kbso.cz\/index.php\/zabezpecovaci-systemy-pzts\/#primaryimage\"},\"thumbnailUrl\":\"http:\/\/www.tv-internet-site.cz\/images\/stories\/ezs\/zlodej.png\",\"datePublished\":\"2020-02-25T11:17:15+00:00\",\"dateModified\":\"2020-06-16T15:18:51+00:00\",\"breadcrumb\":{\"@id\":\"https:\/\/kbso.cz\/index.php\/zabezpecovaci-systemy-pzts\/#breadcrumb\"},\"inLanguage\":\"cs\",\"potentialAction\":[{\"@type\":\"ReadAction\",\"target\":[\"https:\/\/kbso.cz\/index.php\/zabezpecovaci-systemy-pzts\/\"]}]},{\"@type\":\"ImageObject\",\"inLanguage\":\"cs\",\"@id\":\"https:\/\/kbso.cz\/index.php\/zabezpecovaci-systemy-pzts\/#primaryimage\",\"url\":\"http:\/\/www.tv-internet-site.cz\/images\/stories\/ezs\/zlodej.png\",\"contentUrl\":\"http:\/\/www.tv-internet-site.cz\/images\/stories\/ezs\/zlodej.png\"},{\"@type\":\"BreadcrumbList\",\"@id\":\"https:\/\/kbso.cz\/index.php\/zabezpecovaci-systemy-pzts\/#breadcrumb\",\"itemListElement\":[{\"@type\":\"ListItem\",\"position\":1,\"name\":\"Dom\u016f\",\"item\":\"https:\/\/kbso.cz\/\"},{\"@type\":\"ListItem\",\"position\":2,\"name\":\"Zabezpe\u010dovac\u00ed syst\u00e9my (PZTS)\"}]},{\"@type\":\"WebSite\",\"@id\":\"https:\/\/kbso.cz\/#website\",\"url\":\"https:\/\/kbso.cz\/\",\"name\":\"kbso.cz\",\"description\":\"Kamerov\u00e9 a bezpe\u010dnostn\u00ed syst\u00e9my Ostrava\",\"publisher\":{\"@id\":\"https:\/\/kbso.cz\/#organization\"},\"potentialAction\":[{\"@type\":\"SearchAction\",\"target\":{\"@type\":\"EntryPoint\",\"urlTemplate\":\"https:\/\/kbso.cz\/?s={search_term_string}\"},\"query-input\":{\"@type\":\"PropertyValueSpecification\",\"valueRequired\":true,\"valueName\":\"search_term_string\"}}],\"inLanguage\":\"cs\"},{\"@type\":\"Organization\",\"@id\":\"https:\/\/kbso.cz\/#organization\",\"name\":\"Kamerov\u00e9 a bezpe\u010dnostn\u00ed syst\u00e9my - faMartin Ho\u0159\u010dica\",\"url\":\"https:\/\/kbso.cz\/\",\"logo\":{\"@type\":\"ImageObject\",\"inLanguage\":\"cs\",\"@id\":\"https:\/\/kbso.cz\/#\/schema\/logo\/image\/\",\"url\":\"http:\/\/kbso.cz\/wp-content\/uploads\/2020\/04\/logo-kbso.jpg\",\"contentUrl\":\"http:\/\/kbso.cz\/wp-content\/uploads\/2020\/04\/logo-kbso.jpg\",\"width\":500,\"height\":91,\"caption\":\"Kamerov\u00e9 a bezpe\u010dnostn\u00ed syst\u00e9my - faMartin Ho\u0159\u010dica\"},\"image\":{\"@id\":\"https:\/\/kbso.cz\/#\/schema\/logo\/image\/\"},\"sameAs\":[\"https:\/\/www.facebook.com\/pages\/Kamerov\u00e9-a-bezpe\u010dnostn\u00ed-syst\u00e9my\/103414007977089\"]}]}<\/script>\n<!-- \/ Yoast SEO plugin. -->","yoast_head_json":{"title":"Zabezpe\u010dovac\u00ed syst\u00e9my (PZTS) | kbso.cz","robots":{"index":"index","follow":"follow","max-snippet":"max-snippet:-1","max-image-preview":"max-image-preview:large","max-video-preview":"max-video-preview:-1"},"canonical":"https:\/\/kbso.cz\/index.php\/zabezpecovaci-systemy-pzts\/","og_locale":"cs_CZ","og_type":"article","og_title":"Zabezpe\u010dovac\u00ed syst\u00e9my (PZTS) | kbso.cz","og_description":"Elektronick\u00e9 zabezpe\u010dovac\u00ed syst\u00e9my jsou modern\u00ed prost\u0159edky slou\u017e\u00edc\u00ed k&nbsp;ochran\u011b \u017eivota, zdrav\u00ed a majetku. Tyto syst\u00e9my se v&nbsp;dne\u0161n\u00ed dob\u011b vyu\u017e\u00edvaj\u00ed na st\u0159e\u017een\u00ed v\u0161ech typ\u016f objekt\u016f a prostor\u016f od rozs\u00e1hl\u00fdch komplex\u016f komer\u010dn\u00edch objekt\u016f, n\u00e1kupn\u00edch center, v\u00fdrobn\u00edch hal, elektr\u00e1ren, a\u017e po zabezpe\u010den\u00ed rodinn\u00fdch dom\u016f, byt\u016f, chat apod. Mozkem ka\u017ed\u00e9ho EZS je \u00fast\u0159edna, kter\u00e1 na z\u00e1klad\u011b naprogramovan\u00fdch podn\u011bt\u016f vyhodnocuje ve\u0161ker\u00e9 [&hellip;]","og_url":"https:\/\/kbso.cz\/index.php\/zabezpecovaci-systemy-pzts\/","og_site_name":"kbso.cz","article_publisher":"https:\/\/www.facebook.com\/pages\/Kamerov%c3%a9-a-bezpe%c4%8dnostn%c3%ad-syst%c3%a9my\/103414007977089","article_modified_time":"2020-06-16T15:18:51+00:00","og_image":[{"url":"http:\/\/www.tv-internet-site.cz\/images\/stories\/ezs\/zlodej.png"}],"twitter_card":"summary_large_image","twitter_misc":{"Odhadovan\u00e1 doba \u010dten\u00ed":"2 minuty"},"schema":{"@context":"https:\/\/schema.org","@graph":[{"@type":"WebPage","@id":"https:\/\/kbso.cz\/index.php\/zabezpecovaci-systemy-pzts\/","url":"https:\/\/kbso.cz\/index.php\/zabezpecovaci-systemy-pzts\/","name":"Zabezpe\u010dovac\u00ed syst\u00e9my (PZTS) | kbso.cz","isPartOf":{"@id":"https:\/\/kbso.cz\/#website"},"primaryImageOfPage":{"@id":"https:\/\/kbso.cz\/index.php\/zabezpecovaci-systemy-pzts\/#primaryimage"},"image":{"@id":"https:\/\/kbso.cz\/index.php\/zabezpecovaci-systemy-pzts\/#primaryimage"},"thumbnailUrl":"http:\/\/www.tv-internet-site.cz\/images\/stories\/ezs\/zlodej.png","datePublished":"2020-02-25T11:17:15+00:00","dateModified":"2020-06-16T15:18:51+00:00","breadcrumb":{"@id":"https:\/\/kbso.cz\/index.php\/zabezpecovaci-systemy-pzts\/#breadcrumb"},"inLanguage":"cs","potentialAction":[{"@type":"ReadAction","target":["https:\/\/kbso.cz\/index.php\/zabezpecovaci-systemy-pzts\/"]}]},{"@type":"ImageObject","inLanguage":"cs","@id":"https:\/\/kbso.cz\/index.php\/zabezpecovaci-systemy-pzts\/#primaryimage","url":"http:\/\/www.tv-internet-site.cz\/images\/stories\/ezs\/zlodej.png","contentUrl":"http:\/\/www.tv-internet-site.cz\/images\/stories\/ezs\/zlodej.png"},{"@type":"BreadcrumbList","@id":"https:\/\/kbso.cz\/index.php\/zabezpecovaci-systemy-pzts\/#breadcrumb","itemListElement":[{"@type":"ListItem","position":1,"name":"Dom\u016f","item":"https:\/\/kbso.cz\/"},{"@type":"ListItem","position":2,"name":"Zabezpe\u010dovac\u00ed syst\u00e9my (PZTS)"}]},{"@type":"WebSite","@id":"https:\/\/kbso.cz\/#website","url":"https:\/\/kbso.cz\/","name":"kbso.cz","description":"Kamerov\u00e9 a bezpe\u010dnostn\u00ed syst\u00e9my Ostrava","publisher":{"@id":"https:\/\/kbso.cz\/#organization"},"potentialAction":[{"@type":"SearchAction","target":{"@type":"EntryPoint","urlTemplate":"https:\/\/kbso.cz\/?s={search_term_string}"},"query-input":{"@type":"PropertyValueSpecification","valueRequired":true,"valueName":"search_term_string"}}],"inLanguage":"cs"},{"@type":"Organization","@id":"https:\/\/kbso.cz\/#organization","name":"Kamerov\u00e9 a bezpe\u010dnostn\u00ed syst\u00e9my - faMartin Ho\u0159\u010dica","url":"https:\/\/kbso.cz\/","logo":{"@type":"ImageObject","inLanguage":"cs","@id":"https:\/\/kbso.cz\/#\/schema\/logo\/image\/","url":"http:\/\/kbso.cz\/wp-content\/uploads\/2020\/04\/logo-kbso.jpg","contentUrl":"http:\/\/kbso.cz\/wp-content\/uploads\/2020\/04\/logo-kbso.jpg","width":500,"height":91,"caption":"Kamerov\u00e9 a bezpe\u010dnostn\u00ed syst\u00e9my - faMartin Ho\u0159\u010dica"},"image":{"@id":"https:\/\/kbso.cz\/#\/schema\/logo\/image\/"},"sameAs":["https:\/\/www.facebook.com\/pages\/Kamerov\u00e9-a-bezpe\u010dnostn\u00ed-syst\u00e9my\/103414007977089"]}]}},"_links":{"self":[{"href":"https:\/\/kbso.cz\/index.php\/wp-json\/wp\/v2\/pages\/15","targetHints":{"allow":["GET"]}}],"collection":[{"href":"https:\/\/kbso.cz\/index.php\/wp-json\/wp\/v2\/pages"}],"about":[{"href":"https:\/\/kbso.cz\/index.php\/wp-json\/wp\/v2\/types\/page"}],"author":[{"embeddable":true,"href":"https:\/\/kbso.cz\/index.php\/wp-json\/wp\/v2\/users\/1"}],"replies":[{"embeddable":true,"href":"https:\/\/kbso.cz\/index.php\/wp-json\/wp\/v2\/comments?post=15"}],"version-history":[{"count":36,"href":"https:\/\/kbso.cz\/index.php\/wp-json\/wp\/v2\/pages\/15\/revisions"}],"predecessor-version":[{"id":1288,"href":"https:\/\/kbso.cz\/index.php\/wp-json\/wp\/v2\/pages\/15\/revisions\/1288"}],"wp:attachment":[{"href":"https:\/\/kbso.cz\/index.php\/wp-json\/wp\/v2\/media?parent=15"}],"curies":[{"name":"wp","href":"https:\/\/api.w.org\/{rel}","templated":true}]}}