{"id":1440,"date":"2023-05-21T20:26:52","date_gmt":"2023-05-21T18:26:52","guid":{"rendered":"https:\/\/kbso.cz\/?page_id=1440"},"modified":"2024-01-12T10:41:36","modified_gmt":"2024-01-12T09:41:36","slug":"zamecnictvi","status":"publish","type":"page","link":"https:\/\/kbso.cz\/index.php\/zamecnictvi\/","title":{"rendered":"Z\u00e1me\u010dnictv\u00ed"},"content":{"rendered":"\n<p><\/p>\n\n\n\n<p><strong>Fa Miroslav Slazin\u00edk<br>I\u010cO : 04732855<br>DI\u010c : CZ8311075575<br>E-mail : m.slazinik@seznam.cz<br>Tel : 732 751 486    (od 08:00 do 20:00)<\/strong><\/p>\n\n\n\n<p>Z\u00e1me\u010dnick\u00e9 pr\u00e1ce :<br>* Kompletn\u00ed servisy v\u010detn\u011b dod\u00e1n\u00ed a v\u00fdm\u011bny z\u00e1mk\u016f a dve\u0159\u00ed<br>* Opravy a instalace dve\u0159n\u00edch syst\u00e9mu <strong>BRANO <\/strong><br>* Kompletn\u00ed renovace , opravy a v\u00fdm\u011bnu vchodov\u00fdch dve\u0159\u00ed hlavn\u00edho vstupu do domu i do byt\u016f<br><br>Kovov\u00fdroba :<br>* V\u00fdroba hlavn\u00edch vstupn\u00edch vchodov\u00fdch dve\u0159\u00ed do domu<br>* V\u00fdroba m\u0159\u00ed\u017e\u00ed, zabradl\u00ed, scho\u010fi\u0161\u0165<br>* V\u00fdroba kovov\u00fdch drobn\u00fdch kovov\u00fdch komponent\u016f dle pot\u0159eby (r\u00e1my, stojky a jin\u00e9.)<br>* V\u00fdroba krytu na schr\u00e1nky<br><br>Sv\u00e1\u0159ec\u00ed pr\u00e1ce :<br>* Opravy sva\u0159ovan\u00fdch konstrukc\u00ed<br>* Sva\u0159ovac\u00ed pr\u00e1ce dle pot\u0159eby &#8211; <strong>V\u010cETN\u011a NEREZ<\/strong><br><\/p>\n\n\n\n<p><br>Sklen\u00e1\u0159sk\u00e9 pr\u00e1ce :<br>* Opravy v\u00fdpln\u011b dve\u0159\u00ed<br>* Opravy oken v\u010detn\u011b plastov\u00fdch<br><br>Podlah\u00e1\u0159sk\u00e9 pr\u00e1ce :<br>* OPRAVY &#8211; Linoleum a PVC<\/p>\n\n\n\n<div class=\"wp-block-buttons is-layout-flex wp-block-buttons-is-layout-flex\">\n<div class=\"wp-block-button\"><a class=\"wp-block-button__link wp-element-button\" href=\"https:\/\/kbso.cz\/index.php\/fotogalerie-praci-zamecnictvi\/\" target=\"_blank\" rel=\"noreferrer noopener\">Fotogalerie prac\u00ed<\/a><\/div>\n<\/div>\n","protected":false},"excerpt":{"rendered":"<p>Fa Miroslav Slazin\u00edkI\u010cO : 04732855DI\u010c : CZ8311075575E-mail : m.slazinik@seznam.czTel : 732 751 486 (od 08:00 do 20:00) Z\u00e1me\u010dnick\u00e9 pr\u00e1ce :* Kompletn\u00ed servisy v\u010detn\u011b dod\u00e1n\u00ed a v\u00fdm\u011bny z\u00e1mk\u016f a dve\u0159\u00ed* Opravy a instalace dve\u0159n\u00edch syst\u00e9mu BRANO * Kompletn\u00ed renovace , opravy a v\u00fdm\u011bnu vchodov\u00fdch dve\u0159\u00ed hlavn\u00edho vstupu do domu i do byt\u016f Kovov\u00fdroba :* V\u00fdroba hlavn\u00edch [&hellip;]<\/p>\n","protected":false},"author":1,"featured_media":0,"parent":0,"menu_order":0,"comment_status":"closed","ping_status":"closed","template":"","meta":{"footnotes":""},"class_list":["post-1440","page","type-page","status-publish","hentry"],"yoast_head":"<!-- This site is optimized with the Yoast SEO plugin v23.5 - https:\/\/yoast.com\/wordpress\/plugins\/seo\/ -->\n<title>Z\u00e1me\u010dnictv\u00ed | kbso.cz<\/title>\n<meta name=\"robots\" content=\"index, follow, max-snippet:-1, max-image-preview:large, max-video-preview:-1\" \/>\n<link rel=\"canonical\" href=\"https:\/\/kbso.cz\/index.php\/zamecnictvi\/\" \/>\n<meta property=\"og:locale\" content=\"cs_CZ\" \/>\n<meta property=\"og:type\" content=\"article\" \/>\n<meta property=\"og:title\" content=\"Z\u00e1me\u010dnictv\u00ed | kbso.cz\" \/>\n<meta property=\"og:description\" content=\"Fa Miroslav Slazin\u00edkI\u010cO : 04732855DI\u010c : CZ8311075575E-mail : m.slazinik@seznam.czTel : 732 751 486 (od 08:00 do 20:00) Z\u00e1me\u010dnick\u00e9 pr\u00e1ce :* Kompletn\u00ed servisy v\u010detn\u011b dod\u00e1n\u00ed a v\u00fdm\u011bny z\u00e1mk\u016f a dve\u0159\u00ed* Opravy a instalace dve\u0159n\u00edch syst\u00e9mu BRANO * Kompletn\u00ed renovace , opravy a v\u00fdm\u011bnu vchodov\u00fdch dve\u0159\u00ed hlavn\u00edho vstupu do domu i do byt\u016f Kovov\u00fdroba :* V\u00fdroba hlavn\u00edch [&hellip;]\" \/>\n<meta property=\"og:url\" content=\"https:\/\/kbso.cz\/index.php\/zamecnictvi\/\" \/>\n<meta property=\"og:site_name\" content=\"kbso.cz\" \/>\n<meta property=\"article:publisher\" content=\"https:\/\/www.facebook.com\/pages\/Kamerov%c3%a9-a-bezpe%c4%8dnostn%c3%ad-syst%c3%a9my\/103414007977089\" \/>\n<meta property=\"article:modified_time\" content=\"2024-01-12T09:41:36+00:00\" \/>\n<meta name=\"twitter:card\" content=\"summary_large_image\" \/>\n<meta name=\"twitter:label1\" content=\"Odhadovan\u00e1 doba \u010dten\u00ed\" \/>\n\t<meta name=\"twitter:data1\" content=\"1 minuta\" \/>\n<script type=\"application\/ld+json\" class=\"yoast-schema-graph\">{\"@context\":\"https:\/\/schema.org\",\"@graph\":[{\"@type\":\"WebPage\",\"@id\":\"https:\/\/kbso.cz\/index.php\/zamecnictvi\/\",\"url\":\"https:\/\/kbso.cz\/index.php\/zamecnictvi\/\",\"name\":\"Z\u00e1me\u010dnictv\u00ed | kbso.cz\",\"isPartOf\":{\"@id\":\"https:\/\/kbso.cz\/#website\"},\"datePublished\":\"2023-05-21T18:26:52+00:00\",\"dateModified\":\"2024-01-12T09:41:36+00:00\",\"breadcrumb\":{\"@id\":\"https:\/\/kbso.cz\/index.php\/zamecnictvi\/#breadcrumb\"},\"inLanguage\":\"cs\",\"potentialAction\":[{\"@type\":\"ReadAction\",\"target\":[\"https:\/\/kbso.cz\/index.php\/zamecnictvi\/\"]}]},{\"@type\":\"BreadcrumbList\",\"@id\":\"https:\/\/kbso.cz\/index.php\/zamecnictvi\/#breadcrumb\",\"itemListElement\":[{\"@type\":\"ListItem\",\"position\":1,\"name\":\"Dom\u016f\",\"item\":\"https:\/\/kbso.cz\/\"},{\"@type\":\"ListItem\",\"position\":2,\"name\":\"Z\u00e1me\u010dnictv\u00ed\"}]},{\"@type\":\"WebSite\",\"@id\":\"https:\/\/kbso.cz\/#website\",\"url\":\"https:\/\/kbso.cz\/\",\"name\":\"kbso.cz\",\"description\":\"Kamerov\u00e9 a bezpe\u010dnostn\u00ed syst\u00e9my Ostrava\",\"publisher\":{\"@id\":\"https:\/\/kbso.cz\/#organization\"},\"potentialAction\":[{\"@type\":\"SearchAction\",\"target\":{\"@type\":\"EntryPoint\",\"urlTemplate\":\"https:\/\/kbso.cz\/?s={search_term_string}\"},\"query-input\":{\"@type\":\"PropertyValueSpecification\",\"valueRequired\":true,\"valueName\":\"search_term_string\"}}],\"inLanguage\":\"cs\"},{\"@type\":\"Organization\",\"@id\":\"https:\/\/kbso.cz\/#organization\",\"name\":\"Kamerov\u00e9 a bezpe\u010dnostn\u00ed syst\u00e9my - faMartin Ho\u0159\u010dica\",\"url\":\"https:\/\/kbso.cz\/\",\"logo\":{\"@type\":\"ImageObject\",\"inLanguage\":\"cs\",\"@id\":\"https:\/\/kbso.cz\/#\/schema\/logo\/image\/\",\"url\":\"http:\/\/kbso.cz\/wp-content\/uploads\/2020\/04\/logo-kbso.jpg\",\"contentUrl\":\"http:\/\/kbso.cz\/wp-content\/uploads\/2020\/04\/logo-kbso.jpg\",\"width\":500,\"height\":91,\"caption\":\"Kamerov\u00e9 a bezpe\u010dnostn\u00ed syst\u00e9my - faMartin Ho\u0159\u010dica\"},\"image\":{\"@id\":\"https:\/\/kbso.cz\/#\/schema\/logo\/image\/\"},\"sameAs\":[\"https:\/\/www.facebook.com\/pages\/Kamerov\u00e9-a-bezpe\u010dnostn\u00ed-syst\u00e9my\/103414007977089\"]}]}<\/script>\n<!-- \/ Yoast SEO plugin. -->","yoast_head_json":{"title":"Z\u00e1me\u010dnictv\u00ed | kbso.cz","robots":{"index":"index","follow":"follow","max-snippet":"max-snippet:-1","max-image-preview":"max-image-preview:large","max-video-preview":"max-video-preview:-1"},"canonical":"https:\/\/kbso.cz\/index.php\/zamecnictvi\/","og_locale":"cs_CZ","og_type":"article","og_title":"Z\u00e1me\u010dnictv\u00ed | kbso.cz","og_description":"Fa Miroslav Slazin\u00edkI\u010cO : 04732855DI\u010c : CZ8311075575E-mail : m.slazinik@seznam.czTel : 732 751 486 (od 08:00 do 20:00) Z\u00e1me\u010dnick\u00e9 pr\u00e1ce :* Kompletn\u00ed servisy v\u010detn\u011b dod\u00e1n\u00ed a v\u00fdm\u011bny z\u00e1mk\u016f a dve\u0159\u00ed* Opravy a instalace dve\u0159n\u00edch syst\u00e9mu BRANO * Kompletn\u00ed renovace , opravy a v\u00fdm\u011bnu vchodov\u00fdch dve\u0159\u00ed hlavn\u00edho vstupu do domu i do byt\u016f Kovov\u00fdroba :* V\u00fdroba hlavn\u00edch [&hellip;]","og_url":"https:\/\/kbso.cz\/index.php\/zamecnictvi\/","og_site_name":"kbso.cz","article_publisher":"https:\/\/www.facebook.com\/pages\/Kamerov%c3%a9-a-bezpe%c4%8dnostn%c3%ad-syst%c3%a9my\/103414007977089","article_modified_time":"2024-01-12T09:41:36+00:00","twitter_card":"summary_large_image","twitter_misc":{"Odhadovan\u00e1 doba \u010dten\u00ed":"1 minuta"},"schema":{"@context":"https:\/\/schema.org","@graph":[{"@type":"WebPage","@id":"https:\/\/kbso.cz\/index.php\/zamecnictvi\/","url":"https:\/\/kbso.cz\/index.php\/zamecnictvi\/","name":"Z\u00e1me\u010dnictv\u00ed | kbso.cz","isPartOf":{"@id":"https:\/\/kbso.cz\/#website"},"datePublished":"2023-05-21T18:26:52+00:00","dateModified":"2024-01-12T09:41:36+00:00","breadcrumb":{"@id":"https:\/\/kbso.cz\/index.php\/zamecnictvi\/#breadcrumb"},"inLanguage":"cs","potentialAction":[{"@type":"ReadAction","target":["https:\/\/kbso.cz\/index.php\/zamecnictvi\/"]}]},{"@type":"BreadcrumbList","@id":"https:\/\/kbso.cz\/index.php\/zamecnictvi\/#breadcrumb","itemListElement":[{"@type":"ListItem","position":1,"name":"Dom\u016f","item":"https:\/\/kbso.cz\/"},{"@type":"ListItem","position":2,"name":"Z\u00e1me\u010dnictv\u00ed"}]},{"@type":"WebSite","@id":"https:\/\/kbso.cz\/#website","url":"https:\/\/kbso.cz\/","name":"kbso.cz","description":"Kamerov\u00e9 a bezpe\u010dnostn\u00ed syst\u00e9my Ostrava","publisher":{"@id":"https:\/\/kbso.cz\/#organization"},"potentialAction":[{"@type":"SearchAction","target":{"@type":"EntryPoint","urlTemplate":"https:\/\/kbso.cz\/?s={search_term_string}"},"query-input":{"@type":"PropertyValueSpecification","valueRequired":true,"valueName":"search_term_string"}}],"inLanguage":"cs"},{"@type":"Organization","@id":"https:\/\/kbso.cz\/#organization","name":"Kamerov\u00e9 a bezpe\u010dnostn\u00ed syst\u00e9my - faMartin Ho\u0159\u010dica","url":"https:\/\/kbso.cz\/","logo":{"@type":"ImageObject","inLanguage":"cs","@id":"https:\/\/kbso.cz\/#\/schema\/logo\/image\/","url":"http:\/\/kbso.cz\/wp-content\/uploads\/2020\/04\/logo-kbso.jpg","contentUrl":"http:\/\/kbso.cz\/wp-content\/uploads\/2020\/04\/logo-kbso.jpg","width":500,"height":91,"caption":"Kamerov\u00e9 a bezpe\u010dnostn\u00ed syst\u00e9my - faMartin Ho\u0159\u010dica"},"image":{"@id":"https:\/\/kbso.cz\/#\/schema\/logo\/image\/"},"sameAs":["https:\/\/www.facebook.com\/pages\/Kamerov\u00e9-a-bezpe\u010dnostn\u00ed-syst\u00e9my\/103414007977089"]}]}},"_links":{"self":[{"href":"https:\/\/kbso.cz\/index.php\/wp-json\/wp\/v2\/pages\/1440","targetHints":{"allow":["GET"]}}],"collection":[{"href":"https:\/\/kbso.cz\/index.php\/wp-json\/wp\/v2\/pages"}],"about":[{"href":"https:\/\/kbso.cz\/index.php\/wp-json\/wp\/v2\/types\/page"}],"author":[{"embeddable":true,"href":"https:\/\/kbso.cz\/index.php\/wp-json\/wp\/v2\/users\/1"}],"replies":[{"embeddable":true,"href":"https:\/\/kbso.cz\/index.php\/wp-json\/wp\/v2\/comments?post=1440"}],"version-history":[{"count":28,"href":"https:\/\/kbso.cz\/index.php\/wp-json\/wp\/v2\/pages\/1440\/revisions"}],"predecessor-version":[{"id":1572,"href":"https:\/\/kbso.cz\/index.php\/wp-json\/wp\/v2\/pages\/1440\/revisions\/1572"}],"wp:attachment":[{"href":"https:\/\/kbso.cz\/index.php\/wp-json\/wp\/v2\/media?parent=1440"}],"curies":[{"name":"wp","href":"https:\/\/api.w.org\/{rel}","templated":true}]}}