{"id":144,"date":"2020-02-25T15:03:56","date_gmt":"2020-02-25T14:03:56","guid":{"rendered":"http:\/\/kbso.cz\/?page_id=144"},"modified":"2021-03-14T19:14:41","modified_gmt":"2021-03-14T18:14:41","slug":"klempirstvi-a-pokryvacstvi-mlynek-s-r-o","status":"publish","type":"page","link":"https:\/\/kbso.cz\/","title":{"rendered":"Kamerov\u00e9 a bezpe\u010dnostn\u00ed syst\u00e9my Ostrava"},"content":{"rendered":"\n<div id=\"hp-dir\">\n  <a class=\"item\" href=\"https:\/\/kbso.cz\/index.php\/kamerove-systemy-cctv\/\">\n    <img decoding=\"async\" class=\"card-img\" src=\"https:\/\/kbso.cz\/wp-content\/uploads\/2020\/05\/cctv.png\" alt=\"CCTV kamera\">\n    <span class=\"item-body\">\n      <h2 class=\"item-title\">Kamerov\u00e9 syst\u00e9my<\/h2>\n    <span>V ot\u00e1zce kamerov\u00fdch syst\u00e9m\u016f, m\u00e1me dlouholetou praxi a mnoho zku\u0161enost\u00ed.<\/span>\n    <\/span>\n  <\/a>\n  <a class=\"item\" href=\"https:\/\/kbso.cz\/index.php\/zabezpecovaci-systemy-pzts\/\">\n    <img decoding=\"async\" class=\"item-img\" src=\"https:\/\/kbso.cz\/wp-content\/uploads\/2020\/05\/alarm.png\" alt=\"Dom\u00e1c\u00ed alarm\">\n    <span class=\"item-body\">\n      <h2 class=\"item-title\">Zabezpe\u010dovac\u00ed syst\u00e9my<\/h2>\n         <span>Elektronick\u00e9 zabezpe\u010dovac\u00ed syst\u00e9my jsou modern\u00ed prost\u0159edky ochrany obydl\u00ed \u010di jin\u00fdch prostor.<\/span>\n    <\/span>\n  <\/a>\n  <a class=\"item\" href=\"https:\/\/kbso.cz\/index.php\/tv-anteny-a-satelity\/\">\n    <img decoding=\"async\" class=\"item-img\" src=\"https:\/\/kbso.cz\/wp-content\/uploads\/2020\/05\/satelit.png\" alt=\"Satelit\">\n    <span class=\"item-body\">\n      <h2 class=\"item-title\">TV a sat. technologie<\/h2>\n         <span>Prov\u00e1d\u00edme kompletn\u00ed dod\u00e1vku a mont\u00e1\u017e TV technologi\u00ed.<\/span>\n    <\/span>\n  <\/a>\n<\/div>\n\n\n\n<p><\/p>\n","protected":false},"excerpt":{"rendered":"<p>Kamerov\u00e9 syst\u00e9my V ot\u00e1zce kamerov\u00fdch syst\u00e9m\u016f, m\u00e1me dlouholetou praxi a mnoho zku\u0161enost\u00ed. Zabezpe\u010dovac\u00ed syst\u00e9my Elektronick\u00e9 zabezpe\u010dovac\u00ed syst\u00e9my jsou modern\u00ed prost\u0159edky ochrany obydl\u00ed \u010di jin\u00fdch prostor. TV a sat. technologie Prov\u00e1d\u00edme kompletn\u00ed dod\u00e1vku a mont\u00e1\u017e TV technologi\u00ed.<\/p>\n","protected":false},"author":1,"featured_media":0,"parent":0,"menu_order":1,"comment_status":"closed","ping_status":"closed","template":"","meta":{"footnotes":""},"class_list":["post-144","page","type-page","status-publish","hentry"],"yoast_head":"<!-- This site is optimized with the Yoast SEO plugin v23.5 - https:\/\/yoast.com\/wordpress\/plugins\/seo\/ -->\n<title>Kamerov\u00e9 a bezpe\u010dnostn\u00ed syst\u00e9my Ostrava | kbso.cz<\/title>\n<meta name=\"robots\" content=\"index, follow, max-snippet:-1, max-image-preview:large, max-video-preview:-1\" \/>\n<link rel=\"canonical\" href=\"http:\/\/kbso.cz\/\" \/>\n<meta property=\"og:locale\" content=\"cs_CZ\" \/>\n<meta property=\"og:type\" content=\"article\" \/>\n<meta property=\"og:title\" content=\"Kamerov\u00e9 a bezpe\u010dnostn\u00ed syst\u00e9my Ostrava | kbso.cz\" \/>\n<meta property=\"og:description\" content=\"Kamerov\u00e9 syst\u00e9my V ot\u00e1zce kamerov\u00fdch syst\u00e9m\u016f, m\u00e1me dlouholetou praxi a mnoho zku\u0161enost\u00ed. Zabezpe\u010dovac\u00ed syst\u00e9my Elektronick\u00e9 zabezpe\u010dovac\u00ed syst\u00e9my jsou modern\u00ed prost\u0159edky ochrany obydl\u00ed \u010di jin\u00fdch prostor. TV a sat. technologie Prov\u00e1d\u00edme kompletn\u00ed dod\u00e1vku a mont\u00e1\u017e TV technologi\u00ed.\" \/>\n<meta property=\"og:url\" content=\"http:\/\/kbso.cz\/\" \/>\n<meta property=\"og:site_name\" content=\"kbso.cz\" \/>\n<meta property=\"article:publisher\" content=\"https:\/\/www.facebook.com\/pages\/Kamerov%c3%a9-a-bezpe%c4%8dnostn%c3%ad-syst%c3%a9my\/103414007977089\" \/>\n<meta property=\"article:modified_time\" content=\"2021-03-14T18:14:41+00:00\" \/>\n<meta property=\"og:image\" content=\"http:\/\/kbso.cz\/wp-content\/uploads\/2020\/05\/cctv.png\" \/>\n<meta name=\"twitter:card\" content=\"summary_large_image\" \/>\n<script type=\"application\/ld+json\" class=\"yoast-schema-graph\">{\"@context\":\"https:\/\/schema.org\",\"@graph\":[{\"@type\":\"WebPage\",\"@id\":\"https:\/\/kbso.cz\/\",\"url\":\"http:\/\/kbso.cz\/\",\"name\":\"Kamerov\u00e9 a bezpe\u010dnostn\u00ed syst\u00e9my Ostrava | kbso.cz\",\"isPartOf\":{\"@id\":\"https:\/\/kbso.cz\/#website\"},\"primaryImageOfPage\":{\"@id\":\"http:\/\/kbso.cz\/#primaryimage\"},\"image\":{\"@id\":\"http:\/\/kbso.cz\/#primaryimage\"},\"thumbnailUrl\":\"http:\/\/kbso.cz\/wp-content\/uploads\/2020\/05\/cctv.png\",\"datePublished\":\"2020-02-25T14:03:56+00:00\",\"dateModified\":\"2021-03-14T18:14:41+00:00\",\"breadcrumb\":{\"@id\":\"http:\/\/kbso.cz\/#breadcrumb\"},\"inLanguage\":\"cs\",\"potentialAction\":[{\"@type\":\"ReadAction\",\"target\":[\"http:\/\/kbso.cz\/\"]}]},{\"@type\":\"ImageObject\",\"inLanguage\":\"cs\",\"@id\":\"http:\/\/kbso.cz\/#primaryimage\",\"url\":\"https:\/\/kbso.cz\/wp-content\/uploads\/2020\/05\/cctv.png\",\"contentUrl\":\"https:\/\/kbso.cz\/wp-content\/uploads\/2020\/05\/cctv.png\",\"width\":280,\"height\":221},{\"@type\":\"BreadcrumbList\",\"@id\":\"http:\/\/kbso.cz\/#breadcrumb\",\"itemListElement\":[{\"@type\":\"ListItem\",\"position\":1,\"name\":\"Dom\u016f\",\"item\":\"https:\/\/kbso.cz\/\"},{\"@type\":\"ListItem\",\"position\":2,\"name\":\"Kamerov\u00e9 a bezpe\u010dnostn\u00ed syst\u00e9my Ostrava\"}]},{\"@type\":\"WebSite\",\"@id\":\"https:\/\/kbso.cz\/#website\",\"url\":\"https:\/\/kbso.cz\/\",\"name\":\"kbso.cz\",\"description\":\"Kamerov\u00e9 a bezpe\u010dnostn\u00ed syst\u00e9my Ostrava\",\"publisher\":{\"@id\":\"https:\/\/kbso.cz\/#organization\"},\"potentialAction\":[{\"@type\":\"SearchAction\",\"target\":{\"@type\":\"EntryPoint\",\"urlTemplate\":\"https:\/\/kbso.cz\/?s={search_term_string}\"},\"query-input\":{\"@type\":\"PropertyValueSpecification\",\"valueRequired\":true,\"valueName\":\"search_term_string\"}}],\"inLanguage\":\"cs\"},{\"@type\":\"Organization\",\"@id\":\"https:\/\/kbso.cz\/#organization\",\"name\":\"Kamerov\u00e9 a bezpe\u010dnostn\u00ed syst\u00e9my - faMartin Ho\u0159\u010dica\",\"url\":\"https:\/\/kbso.cz\/\",\"logo\":{\"@type\":\"ImageObject\",\"inLanguage\":\"cs\",\"@id\":\"https:\/\/kbso.cz\/#\/schema\/logo\/image\/\",\"url\":\"http:\/\/kbso.cz\/wp-content\/uploads\/2020\/04\/logo-kbso.jpg\",\"contentUrl\":\"http:\/\/kbso.cz\/wp-content\/uploads\/2020\/04\/logo-kbso.jpg\",\"width\":500,\"height\":91,\"caption\":\"Kamerov\u00e9 a bezpe\u010dnostn\u00ed syst\u00e9my - faMartin Ho\u0159\u010dica\"},\"image\":{\"@id\":\"https:\/\/kbso.cz\/#\/schema\/logo\/image\/\"},\"sameAs\":[\"https:\/\/www.facebook.com\/pages\/Kamerov\u00e9-a-bezpe\u010dnostn\u00ed-syst\u00e9my\/103414007977089\"]}]}<\/script>\n<!-- \/ Yoast SEO plugin. -->","yoast_head_json":{"title":"Kamerov\u00e9 a bezpe\u010dnostn\u00ed syst\u00e9my Ostrava | kbso.cz","robots":{"index":"index","follow":"follow","max-snippet":"max-snippet:-1","max-image-preview":"max-image-preview:large","max-video-preview":"max-video-preview:-1"},"canonical":"http:\/\/kbso.cz\/","og_locale":"cs_CZ","og_type":"article","og_title":"Kamerov\u00e9 a bezpe\u010dnostn\u00ed syst\u00e9my Ostrava | kbso.cz","og_description":"Kamerov\u00e9 syst\u00e9my V ot\u00e1zce kamerov\u00fdch syst\u00e9m\u016f, m\u00e1me dlouholetou praxi a mnoho zku\u0161enost\u00ed. Zabezpe\u010dovac\u00ed syst\u00e9my Elektronick\u00e9 zabezpe\u010dovac\u00ed syst\u00e9my jsou modern\u00ed prost\u0159edky ochrany obydl\u00ed \u010di jin\u00fdch prostor. TV a sat. technologie Prov\u00e1d\u00edme kompletn\u00ed dod\u00e1vku a mont\u00e1\u017e TV technologi\u00ed.","og_url":"http:\/\/kbso.cz\/","og_site_name":"kbso.cz","article_publisher":"https:\/\/www.facebook.com\/pages\/Kamerov%c3%a9-a-bezpe%c4%8dnostn%c3%ad-syst%c3%a9my\/103414007977089","article_modified_time":"2021-03-14T18:14:41+00:00","og_image":[{"url":"http:\/\/kbso.cz\/wp-content\/uploads\/2020\/05\/cctv.png"}],"twitter_card":"summary_large_image","schema":{"@context":"https:\/\/schema.org","@graph":[{"@type":"WebPage","@id":"https:\/\/kbso.cz\/","url":"http:\/\/kbso.cz\/","name":"Kamerov\u00e9 a bezpe\u010dnostn\u00ed syst\u00e9my Ostrava | kbso.cz","isPartOf":{"@id":"https:\/\/kbso.cz\/#website"},"primaryImageOfPage":{"@id":"http:\/\/kbso.cz\/#primaryimage"},"image":{"@id":"http:\/\/kbso.cz\/#primaryimage"},"thumbnailUrl":"http:\/\/kbso.cz\/wp-content\/uploads\/2020\/05\/cctv.png","datePublished":"2020-02-25T14:03:56+00:00","dateModified":"2021-03-14T18:14:41+00:00","breadcrumb":{"@id":"http:\/\/kbso.cz\/#breadcrumb"},"inLanguage":"cs","potentialAction":[{"@type":"ReadAction","target":["http:\/\/kbso.cz\/"]}]},{"@type":"ImageObject","inLanguage":"cs","@id":"http:\/\/kbso.cz\/#primaryimage","url":"https:\/\/kbso.cz\/wp-content\/uploads\/2020\/05\/cctv.png","contentUrl":"https:\/\/kbso.cz\/wp-content\/uploads\/2020\/05\/cctv.png","width":280,"height":221},{"@type":"BreadcrumbList","@id":"http:\/\/kbso.cz\/#breadcrumb","itemListElement":[{"@type":"ListItem","position":1,"name":"Dom\u016f","item":"https:\/\/kbso.cz\/"},{"@type":"ListItem","position":2,"name":"Kamerov\u00e9 a bezpe\u010dnostn\u00ed syst\u00e9my Ostrava"}]},{"@type":"WebSite","@id":"https:\/\/kbso.cz\/#website","url":"https:\/\/kbso.cz\/","name":"kbso.cz","description":"Kamerov\u00e9 a bezpe\u010dnostn\u00ed syst\u00e9my Ostrava","publisher":{"@id":"https:\/\/kbso.cz\/#organization"},"potentialAction":[{"@type":"SearchAction","target":{"@type":"EntryPoint","urlTemplate":"https:\/\/kbso.cz\/?s={search_term_string}"},"query-input":{"@type":"PropertyValueSpecification","valueRequired":true,"valueName":"search_term_string"}}],"inLanguage":"cs"},{"@type":"Organization","@id":"https:\/\/kbso.cz\/#organization","name":"Kamerov\u00e9 a bezpe\u010dnostn\u00ed syst\u00e9my - faMartin Ho\u0159\u010dica","url":"https:\/\/kbso.cz\/","logo":{"@type":"ImageObject","inLanguage":"cs","@id":"https:\/\/kbso.cz\/#\/schema\/logo\/image\/","url":"http:\/\/kbso.cz\/wp-content\/uploads\/2020\/04\/logo-kbso.jpg","contentUrl":"http:\/\/kbso.cz\/wp-content\/uploads\/2020\/04\/logo-kbso.jpg","width":500,"height":91,"caption":"Kamerov\u00e9 a bezpe\u010dnostn\u00ed syst\u00e9my - faMartin Ho\u0159\u010dica"},"image":{"@id":"https:\/\/kbso.cz\/#\/schema\/logo\/image\/"},"sameAs":["https:\/\/www.facebook.com\/pages\/Kamerov\u00e9-a-bezpe\u010dnostn\u00ed-syst\u00e9my\/103414007977089"]}]}},"_links":{"self":[{"href":"https:\/\/kbso.cz\/index.php\/wp-json\/wp\/v2\/pages\/144","targetHints":{"allow":["GET"]}}],"collection":[{"href":"https:\/\/kbso.cz\/index.php\/wp-json\/wp\/v2\/pages"}],"about":[{"href":"https:\/\/kbso.cz\/index.php\/wp-json\/wp\/v2\/types\/page"}],"author":[{"embeddable":true,"href":"https:\/\/kbso.cz\/index.php\/wp-json\/wp\/v2\/users\/1"}],"replies":[{"embeddable":true,"href":"https:\/\/kbso.cz\/index.php\/wp-json\/wp\/v2\/comments?post=144"}],"version-history":[{"count":57,"href":"https:\/\/kbso.cz\/index.php\/wp-json\/wp\/v2\/pages\/144\/revisions"}],"predecessor-version":[{"id":1293,"href":"https:\/\/kbso.cz\/index.php\/wp-json\/wp\/v2\/pages\/144\/revisions\/1293"}],"wp:attachment":[{"href":"https:\/\/kbso.cz\/index.php\/wp-json\/wp\/v2\/media?parent=144"}],"curies":[{"name":"wp","href":"https:\/\/api.w.org\/{rel}","templated":true}]}}