{"id":1341,"date":"2021-03-14T22:40:57","date_gmt":"2021-03-14T21:40:57","guid":{"rendered":"http:\/\/kbso.cz\/?page_id=1341"},"modified":"2021-03-14T22:56:23","modified_gmt":"2021-03-14T21:56:23","slug":"fotogalerie-pzts","status":"publish","type":"page","link":"https:\/\/kbso.cz\/index.php\/fotogalerie-pzts\/","title":{"rendered":"Fotogalerie PZTS"},"content":{"rendered":"\n<div class=\"wp-block-group\"><div class=\"wp-block-group__inner-container is-layout-flow wp-block-group-is-layout-flow\">\n<div class=\"wp-block-group\"><div class=\"wp-block-group__inner-container is-layout-flow wp-block-group-is-layout-flow\">\n<div class=\"wp-block-columns is-layout-flex wp-container-core-columns-is-layout-9d6595d7 wp-block-columns-is-layout-flex\">\n<div class=\"wp-block-column is-layout-flow wp-block-column-is-layout-flow\" style=\"flex-basis:100%\">\n<div class=\"wp-block-group\"><div class=\"wp-block-group__inner-container is-layout-flow wp-block-group-is-layout-flow\">\n<div class=\"wp-block-group\"><div class=\"wp-block-group__inner-container is-layout-flow wp-block-group-is-layout-flow\">\n<figure class=\"wp-block-gallery aligncenter columns-8  wpge-bl-masonry wp-block-gallery-1 is-layout-flex wp-block-gallery-is-layout-flex\"><ul class=\"blocks-gallery-grid\"><li class=\"blocks-gallery-item\"><figure><a href=\"https:\/\/kbso.cz\/wp-content\/uploads\/2021\/03\/IMG_20200702_100250.jpg\" data-lbwps-gid=\"2\" data-lbwps-width=\"3648\" data-lbwps-height=\"2736\" data-lbwps-srcsmall=\"https:\/\/kbso.cz\/wp-content\/uploads\/2021\/03\/IMG_20200702_100250-300x225.jpg\"><img loading=\"lazy\" decoding=\"async\" width=\"150\" height=\"150\" src=\"https:\/\/kbso.cz\/wp-content\/uploads\/2021\/03\/IMG_20200702_100250-150x150.jpg\" alt=\"\" data-id=\"1339\" data-full-url=\"https:\/\/kbso.cz\/wp-content\/uploads\/2021\/03\/IMG_20200702_100250-scaled.jpg\" data-link=\"https:\/\/kbso.cz\/img_20200702_100250\/\" class=\"wp-image-1339\"\/><\/a><\/figure><\/li><li class=\"blocks-gallery-item\"><figure><a href=\"https:\/\/kbso.cz\/wp-content\/uploads\/2021\/03\/IMG_20200320_082346.jpg\" data-lbwps-gid=\"2\" data-lbwps-width=\"2736\" data-lbwps-height=\"3648\" data-lbwps-srcsmall=\"https:\/\/kbso.cz\/wp-content\/uploads\/2021\/03\/IMG_20200320_082346-225x300.jpg\"><img loading=\"lazy\" decoding=\"async\" width=\"150\" height=\"150\" src=\"https:\/\/kbso.cz\/wp-content\/uploads\/2021\/03\/IMG_20200320_082346-150x150.jpg\" alt=\"\" data-id=\"1337\" data-full-url=\"https:\/\/kbso.cz\/wp-content\/uploads\/2021\/03\/IMG_20200320_082346-scaled.jpg\" data-link=\"https:\/\/kbso.cz\/img_20200320_082346\/\" class=\"wp-image-1337\"\/><\/a><\/figure><\/li><li class=\"blocks-gallery-item\"><figure><a href=\"https:\/\/kbso.cz\/wp-content\/uploads\/2021\/03\/IMG_20200320_082509.jpg\" data-lbwps-gid=\"2\" data-lbwps-width=\"2736\" data-lbwps-height=\"3648\" data-lbwps-srcsmall=\"https:\/\/kbso.cz\/wp-content\/uploads\/2021\/03\/IMG_20200320_082509-225x300.jpg\"><img loading=\"lazy\" decoding=\"async\" width=\"150\" height=\"150\" src=\"https:\/\/kbso.cz\/wp-content\/uploads\/2021\/03\/IMG_20200320_082509-150x150.jpg\" alt=\"\" data-id=\"1338\" data-full-url=\"https:\/\/kbso.cz\/wp-content\/uploads\/2021\/03\/IMG_20200320_082509-scaled.jpg\" data-link=\"https:\/\/kbso.cz\/img_20200320_082509\/\" class=\"wp-image-1338\"\/><\/a><\/figure><\/li><li class=\"blocks-gallery-item\"><figure><a href=\"https:\/\/kbso.cz\/wp-content\/uploads\/2021\/03\/IMG_20190618_144942.jpg\" data-lbwps-gid=\"2\" data-lbwps-width=\"2736\" data-lbwps-height=\"3648\" data-lbwps-srcsmall=\"https:\/\/kbso.cz\/wp-content\/uploads\/2021\/03\/IMG_20190618_144942-225x300.jpg\" data-lbwps-caption=\"dav_vivid\"><img loading=\"lazy\" decoding=\"async\" width=\"150\" height=\"150\" src=\"https:\/\/kbso.cz\/wp-content\/uploads\/2021\/03\/IMG_20190618_144942-150x150.jpg\" alt=\"\" data-id=\"1335\" data-full-url=\"https:\/\/kbso.cz\/wp-content\/uploads\/2021\/03\/IMG_20190618_144942-scaled.jpg\" data-link=\"https:\/\/kbso.cz\/dav_vivid-2\/\" class=\"wp-image-1335\"\/><\/a><\/figure><\/li><li class=\"blocks-gallery-item\"><figure><a href=\"https:\/\/kbso.cz\/wp-content\/uploads\/2021\/03\/IMG_20190323_093405.jpg\" data-lbwps-gid=\"2\" data-lbwps-width=\"3120\" data-lbwps-height=\"4160\" data-lbwps-srcsmall=\"https:\/\/kbso.cz\/wp-content\/uploads\/2021\/03\/IMG_20190323_093405-225x300.jpg\"><img loading=\"lazy\" decoding=\"async\" width=\"150\" height=\"150\" src=\"https:\/\/kbso.cz\/wp-content\/uploads\/2021\/03\/IMG_20190323_093405-150x150.jpg\" alt=\"\" data-id=\"1329\" data-full-url=\"https:\/\/kbso.cz\/wp-content\/uploads\/2021\/03\/IMG_20190323_093405-scaled.jpg\" data-link=\"https:\/\/kbso.cz\/dav-12\/\" class=\"wp-image-1329\"\/><\/a><\/figure><\/li><li class=\"blocks-gallery-item\"><figure><a href=\"https:\/\/kbso.cz\/wp-content\/uploads\/2021\/03\/IMG_20190323_093416.jpg\" data-lbwps-gid=\"2\" data-lbwps-width=\"3120\" data-lbwps-height=\"4160\" data-lbwps-srcsmall=\"https:\/\/kbso.cz\/wp-content\/uploads\/2021\/03\/IMG_20190323_093416-225x300.jpg\"><img loading=\"lazy\" decoding=\"async\" width=\"150\" height=\"150\" src=\"https:\/\/kbso.cz\/wp-content\/uploads\/2021\/03\/IMG_20190323_093416-150x150.jpg\" alt=\"\" data-id=\"1330\" data-full-url=\"https:\/\/kbso.cz\/wp-content\/uploads\/2021\/03\/IMG_20190323_093416-scaled.jpg\" data-link=\"https:\/\/kbso.cz\/dav-13\/\" class=\"wp-image-1330\"\/><\/a><\/figure><\/li><li class=\"blocks-gallery-item\"><figure><a href=\"https:\/\/kbso.cz\/wp-content\/uploads\/2021\/03\/IMG_20190407_142547.jpg\" data-lbwps-gid=\"2\" data-lbwps-width=\"2736\" data-lbwps-height=\"3648\" data-lbwps-srcsmall=\"https:\/\/kbso.cz\/wp-content\/uploads\/2021\/03\/IMG_20190407_142547-225x300.jpg\"><img loading=\"lazy\" decoding=\"async\" width=\"150\" height=\"150\" src=\"https:\/\/kbso.cz\/wp-content\/uploads\/2021\/03\/IMG_20190407_142547-150x150.jpg\" alt=\"\" data-id=\"1334\" data-full-url=\"https:\/\/kbso.cz\/wp-content\/uploads\/2021\/03\/IMG_20190407_142547-scaled.jpg\" data-link=\"https:\/\/kbso.cz\/dav-15\/\" class=\"wp-image-1334\"\/><\/a><\/figure><\/li><li class=\"blocks-gallery-item\"><figure><a href=\"https:\/\/kbso.cz\/wp-content\/uploads\/2021\/03\/IMG_20190407_141840.jpg\" data-lbwps-gid=\"2\" data-lbwps-width=\"2736\" data-lbwps-height=\"3648\" data-lbwps-srcsmall=\"https:\/\/kbso.cz\/wp-content\/uploads\/2021\/03\/IMG_20190407_141840-225x300.jpg\"><img loading=\"lazy\" decoding=\"async\" width=\"150\" height=\"150\" src=\"https:\/\/kbso.cz\/wp-content\/uploads\/2021\/03\/IMG_20190407_141840-150x150.jpg\" alt=\"\" data-id=\"1333\" data-full-url=\"https:\/\/kbso.cz\/wp-content\/uploads\/2021\/03\/IMG_20190407_141840-scaled.jpg\" data-link=\"https:\/\/kbso.cz\/oznor-2\/\" class=\"wp-image-1333\"\/><\/a><\/figure><\/li><li class=\"blocks-gallery-item\"><figure><a href=\"https:\/\/kbso.cz\/wp-content\/uploads\/2021\/03\/IMG_20190407_141755.jpg\" data-lbwps-gid=\"2\" data-lbwps-width=\"2736\" data-lbwps-height=\"3648\" data-lbwps-srcsmall=\"https:\/\/kbso.cz\/wp-content\/uploads\/2021\/03\/IMG_20190407_141755-225x300.jpg\"><img loading=\"lazy\" decoding=\"async\" width=\"150\" height=\"150\" src=\"https:\/\/kbso.cz\/wp-content\/uploads\/2021\/03\/IMG_20190407_141755-150x150.jpg\" alt=\"\" data-id=\"1332\" data-full-url=\"https:\/\/kbso.cz\/wp-content\/uploads\/2021\/03\/IMG_20190407_141755-scaled.jpg\" data-link=\"https:\/\/kbso.cz\/oznor\/\" class=\"wp-image-1332\"\/><\/a><\/figure><\/li><li class=\"blocks-gallery-item\"><figure><a href=\"https:\/\/kbso.cz\/wp-content\/uploads\/2021\/03\/IMG_20190323_095923.jpg\" data-lbwps-gid=\"2\" data-lbwps-width=\"3120\" data-lbwps-height=\"4160\" data-lbwps-srcsmall=\"https:\/\/kbso.cz\/wp-content\/uploads\/2021\/03\/IMG_20190323_095923-225x300.jpg\"><img loading=\"lazy\" decoding=\"async\" width=\"150\" height=\"150\" src=\"https:\/\/kbso.cz\/wp-content\/uploads\/2021\/03\/IMG_20190323_095923-150x150.jpg\" alt=\"\" data-id=\"1331\" data-full-url=\"https:\/\/kbso.cz\/wp-content\/uploads\/2021\/03\/IMG_20190323_095923-scaled.jpg\" data-link=\"https:\/\/kbso.cz\/dav-14\/\" class=\"wp-image-1331\"\/><\/a><\/figure><\/li><li class=\"blocks-gallery-item\"><figure><a href=\"https:\/\/kbso.cz\/wp-content\/uploads\/2021\/03\/IMG_20190323_093357.jpg\" data-lbwps-gid=\"2\" data-lbwps-width=\"3120\" data-lbwps-height=\"4160\" data-lbwps-srcsmall=\"https:\/\/kbso.cz\/wp-content\/uploads\/2021\/03\/IMG_20190323_093357-225x300.jpg\"><img loading=\"lazy\" decoding=\"async\" width=\"150\" height=\"150\" src=\"https:\/\/kbso.cz\/wp-content\/uploads\/2021\/03\/IMG_20190323_093357-150x150.jpg\" alt=\"\" data-id=\"1328\" data-full-url=\"https:\/\/kbso.cz\/wp-content\/uploads\/2021\/03\/IMG_20190323_093357-scaled.jpg\" data-link=\"https:\/\/kbso.cz\/dav-11\/\" class=\"wp-image-1328\"\/><\/a><\/figure><\/li><li class=\"blocks-gallery-item\"><figure><a href=\"https:\/\/kbso.cz\/wp-content\/uploads\/2021\/03\/IMG_20190323_093317.jpg\" data-lbwps-gid=\"2\" data-lbwps-width=\"3120\" data-lbwps-height=\"4160\" data-lbwps-srcsmall=\"https:\/\/kbso.cz\/wp-content\/uploads\/2021\/03\/IMG_20190323_093317-225x300.jpg\"><img loading=\"lazy\" decoding=\"async\" width=\"150\" height=\"150\" src=\"https:\/\/kbso.cz\/wp-content\/uploads\/2021\/03\/IMG_20190323_093317-150x150.jpg\" alt=\"\" data-id=\"1327\" data-full-url=\"https:\/\/kbso.cz\/wp-content\/uploads\/2021\/03\/IMG_20190323_093317-scaled.jpg\" data-link=\"https:\/\/kbso.cz\/dav-10\/\" class=\"wp-image-1327\"\/><\/a><\/figure><\/li><\/ul><\/figure>\n<\/div><\/div>\n<\/div><\/div>\n<\/div>\n<\/div>\n<\/div><\/div>\n<\/div><\/div>\n","protected":false},"excerpt":{"rendered":"","protected":false},"author":1,"featured_media":0,"parent":0,"menu_order":0,"comment_status":"closed","ping_status":"closed","template":"","meta":{"footnotes":""},"class_list":["post-1341","page","type-page","status-publish","hentry"],"yoast_head":"<!-- This site is optimized with the Yoast SEO plugin v23.5 - https:\/\/yoast.com\/wordpress\/plugins\/seo\/ -->\n<title>Fotogalerie PZTS | kbso.cz<\/title>\n<meta name=\"robots\" content=\"index, follow, max-snippet:-1, max-image-preview:large, max-video-preview:-1\" \/>\n<link rel=\"canonical\" href=\"https:\/\/kbso.cz\/index.php\/fotogalerie-pzts\/\" \/>\n<meta property=\"og:locale\" content=\"cs_CZ\" \/>\n<meta property=\"og:type\" content=\"article\" \/>\n<meta property=\"og:title\" content=\"Fotogalerie PZTS | kbso.cz\" \/>\n<meta property=\"og:url\" content=\"https:\/\/kbso.cz\/index.php\/fotogalerie-pzts\/\" \/>\n<meta property=\"og:site_name\" content=\"kbso.cz\" \/>\n<meta property=\"article:publisher\" content=\"https:\/\/www.facebook.com\/pages\/Kamerov%c3%a9-a-bezpe%c4%8dnostn%c3%ad-syst%c3%a9my\/103414007977089\" \/>\n<meta property=\"article:modified_time\" content=\"2021-03-14T21:56:23+00:00\" \/>\n<meta property=\"og:image\" content=\"http:\/\/kbso.cz\/wp-content\/uploads\/2021\/03\/IMG_20200702_100250-150x150.jpg\" \/>\n<meta name=\"twitter:card\" content=\"summary_large_image\" \/>\n<script type=\"application\/ld+json\" class=\"yoast-schema-graph\">{\"@context\":\"https:\/\/schema.org\",\"@graph\":[{\"@type\":\"WebPage\",\"@id\":\"https:\/\/kbso.cz\/index.php\/fotogalerie-pzts\/\",\"url\":\"https:\/\/kbso.cz\/index.php\/fotogalerie-pzts\/\",\"name\":\"Fotogalerie PZTS | kbso.cz\",\"isPartOf\":{\"@id\":\"https:\/\/kbso.cz\/#website\"},\"primaryImageOfPage\":{\"@id\":\"https:\/\/kbso.cz\/index.php\/fotogalerie-pzts\/#primaryimage\"},\"image\":{\"@id\":\"https:\/\/kbso.cz\/index.php\/fotogalerie-pzts\/#primaryimage\"},\"thumbnailUrl\":\"http:\/\/kbso.cz\/wp-content\/uploads\/2021\/03\/IMG_20200702_100250-150x150.jpg\",\"datePublished\":\"2021-03-14T21:40:57+00:00\",\"dateModified\":\"2021-03-14T21:56:23+00:00\",\"breadcrumb\":{\"@id\":\"https:\/\/kbso.cz\/index.php\/fotogalerie-pzts\/#breadcrumb\"},\"inLanguage\":\"cs\",\"potentialAction\":[{\"@type\":\"ReadAction\",\"target\":[\"https:\/\/kbso.cz\/index.php\/fotogalerie-pzts\/\"]}]},{\"@type\":\"ImageObject\",\"inLanguage\":\"cs\",\"@id\":\"https:\/\/kbso.cz\/index.php\/fotogalerie-pzts\/#primaryimage\",\"url\":\"http:\/\/kbso.cz\/wp-content\/uploads\/2021\/03\/IMG_20200702_100250-150x150.jpg\",\"contentUrl\":\"http:\/\/kbso.cz\/wp-content\/uploads\/2021\/03\/IMG_20200702_100250-150x150.jpg\"},{\"@type\":\"BreadcrumbList\",\"@id\":\"https:\/\/kbso.cz\/index.php\/fotogalerie-pzts\/#breadcrumb\",\"itemListElement\":[{\"@type\":\"ListItem\",\"position\":1,\"name\":\"Dom\u016f\",\"item\":\"https:\/\/kbso.cz\/\"},{\"@type\":\"ListItem\",\"position\":2,\"name\":\"Fotogalerie PZTS\"}]},{\"@type\":\"WebSite\",\"@id\":\"https:\/\/kbso.cz\/#website\",\"url\":\"https:\/\/kbso.cz\/\",\"name\":\"kbso.cz\",\"description\":\"Kamerov\u00e9 a bezpe\u010dnostn\u00ed syst\u00e9my Ostrava\",\"publisher\":{\"@id\":\"https:\/\/kbso.cz\/#organization\"},\"potentialAction\":[{\"@type\":\"SearchAction\",\"target\":{\"@type\":\"EntryPoint\",\"urlTemplate\":\"https:\/\/kbso.cz\/?s={search_term_string}\"},\"query-input\":{\"@type\":\"PropertyValueSpecification\",\"valueRequired\":true,\"valueName\":\"search_term_string\"}}],\"inLanguage\":\"cs\"},{\"@type\":\"Organization\",\"@id\":\"https:\/\/kbso.cz\/#organization\",\"name\":\"Kamerov\u00e9 a bezpe\u010dnostn\u00ed syst\u00e9my - faMartin Ho\u0159\u010dica\",\"url\":\"https:\/\/kbso.cz\/\",\"logo\":{\"@type\":\"ImageObject\",\"inLanguage\":\"cs\",\"@id\":\"https:\/\/kbso.cz\/#\/schema\/logo\/image\/\",\"url\":\"http:\/\/kbso.cz\/wp-content\/uploads\/2020\/04\/logo-kbso.jpg\",\"contentUrl\":\"http:\/\/kbso.cz\/wp-content\/uploads\/2020\/04\/logo-kbso.jpg\",\"width\":500,\"height\":91,\"caption\":\"Kamerov\u00e9 a bezpe\u010dnostn\u00ed syst\u00e9my - faMartin Ho\u0159\u010dica\"},\"image\":{\"@id\":\"https:\/\/kbso.cz\/#\/schema\/logo\/image\/\"},\"sameAs\":[\"https:\/\/www.facebook.com\/pages\/Kamerov\u00e9-a-bezpe\u010dnostn\u00ed-syst\u00e9my\/103414007977089\"]}]}<\/script>\n<!-- \/ Yoast SEO plugin. -->","yoast_head_json":{"title":"Fotogalerie PZTS | kbso.cz","robots":{"index":"index","follow":"follow","max-snippet":"max-snippet:-1","max-image-preview":"max-image-preview:large","max-video-preview":"max-video-preview:-1"},"canonical":"https:\/\/kbso.cz\/index.php\/fotogalerie-pzts\/","og_locale":"cs_CZ","og_type":"article","og_title":"Fotogalerie PZTS | kbso.cz","og_url":"https:\/\/kbso.cz\/index.php\/fotogalerie-pzts\/","og_site_name":"kbso.cz","article_publisher":"https:\/\/www.facebook.com\/pages\/Kamerov%c3%a9-a-bezpe%c4%8dnostn%c3%ad-syst%c3%a9my\/103414007977089","article_modified_time":"2021-03-14T21:56:23+00:00","og_image":[{"url":"http:\/\/kbso.cz\/wp-content\/uploads\/2021\/03\/IMG_20200702_100250-150x150.jpg"}],"twitter_card":"summary_large_image","schema":{"@context":"https:\/\/schema.org","@graph":[{"@type":"WebPage","@id":"https:\/\/kbso.cz\/index.php\/fotogalerie-pzts\/","url":"https:\/\/kbso.cz\/index.php\/fotogalerie-pzts\/","name":"Fotogalerie PZTS | kbso.cz","isPartOf":{"@id":"https:\/\/kbso.cz\/#website"},"primaryImageOfPage":{"@id":"https:\/\/kbso.cz\/index.php\/fotogalerie-pzts\/#primaryimage"},"image":{"@id":"https:\/\/kbso.cz\/index.php\/fotogalerie-pzts\/#primaryimage"},"thumbnailUrl":"http:\/\/kbso.cz\/wp-content\/uploads\/2021\/03\/IMG_20200702_100250-150x150.jpg","datePublished":"2021-03-14T21:40:57+00:00","dateModified":"2021-03-14T21:56:23+00:00","breadcrumb":{"@id":"https:\/\/kbso.cz\/index.php\/fotogalerie-pzts\/#breadcrumb"},"inLanguage":"cs","potentialAction":[{"@type":"ReadAction","target":["https:\/\/kbso.cz\/index.php\/fotogalerie-pzts\/"]}]},{"@type":"ImageObject","inLanguage":"cs","@id":"https:\/\/kbso.cz\/index.php\/fotogalerie-pzts\/#primaryimage","url":"http:\/\/kbso.cz\/wp-content\/uploads\/2021\/03\/IMG_20200702_100250-150x150.jpg","contentUrl":"http:\/\/kbso.cz\/wp-content\/uploads\/2021\/03\/IMG_20200702_100250-150x150.jpg"},{"@type":"BreadcrumbList","@id":"https:\/\/kbso.cz\/index.php\/fotogalerie-pzts\/#breadcrumb","itemListElement":[{"@type":"ListItem","position":1,"name":"Dom\u016f","item":"https:\/\/kbso.cz\/"},{"@type":"ListItem","position":2,"name":"Fotogalerie PZTS"}]},{"@type":"WebSite","@id":"https:\/\/kbso.cz\/#website","url":"https:\/\/kbso.cz\/","name":"kbso.cz","description":"Kamerov\u00e9 a bezpe\u010dnostn\u00ed syst\u00e9my Ostrava","publisher":{"@id":"https:\/\/kbso.cz\/#organization"},"potentialAction":[{"@type":"SearchAction","target":{"@type":"EntryPoint","urlTemplate":"https:\/\/kbso.cz\/?s={search_term_string}"},"query-input":{"@type":"PropertyValueSpecification","valueRequired":true,"valueName":"search_term_string"}}],"inLanguage":"cs"},{"@type":"Organization","@id":"https:\/\/kbso.cz\/#organization","name":"Kamerov\u00e9 a bezpe\u010dnostn\u00ed syst\u00e9my - faMartin Ho\u0159\u010dica","url":"https:\/\/kbso.cz\/","logo":{"@type":"ImageObject","inLanguage":"cs","@id":"https:\/\/kbso.cz\/#\/schema\/logo\/image\/","url":"http:\/\/kbso.cz\/wp-content\/uploads\/2020\/04\/logo-kbso.jpg","contentUrl":"http:\/\/kbso.cz\/wp-content\/uploads\/2020\/04\/logo-kbso.jpg","width":500,"height":91,"caption":"Kamerov\u00e9 a bezpe\u010dnostn\u00ed syst\u00e9my - faMartin Ho\u0159\u010dica"},"image":{"@id":"https:\/\/kbso.cz\/#\/schema\/logo\/image\/"},"sameAs":["https:\/\/www.facebook.com\/pages\/Kamerov\u00e9-a-bezpe\u010dnostn\u00ed-syst\u00e9my\/103414007977089"]}]}},"_links":{"self":[{"href":"https:\/\/kbso.cz\/index.php\/wp-json\/wp\/v2\/pages\/1341","targetHints":{"allow":["GET"]}}],"collection":[{"href":"https:\/\/kbso.cz\/index.php\/wp-json\/wp\/v2\/pages"}],"about":[{"href":"https:\/\/kbso.cz\/index.php\/wp-json\/wp\/v2\/types\/page"}],"author":[{"embeddable":true,"href":"https:\/\/kbso.cz\/index.php\/wp-json\/wp\/v2\/users\/1"}],"replies":[{"embeddable":true,"href":"https:\/\/kbso.cz\/index.php\/wp-json\/wp\/v2\/comments?post=1341"}],"version-history":[{"count":4,"href":"https:\/\/kbso.cz\/index.php\/wp-json\/wp\/v2\/pages\/1341\/revisions"}],"predecessor-version":[{"id":1348,"href":"https:\/\/kbso.cz\/index.php\/wp-json\/wp\/v2\/pages\/1341\/revisions\/1348"}],"wp:attachment":[{"href":"https:\/\/kbso.cz\/index.php\/wp-json\/wp\/v2\/media?parent=1341"}],"curies":[{"name":"wp","href":"https:\/\/api.w.org\/{rel}","templated":true}]}}