{"id":13,"date":"2020-02-25T12:16:51","date_gmt":"2020-02-25T11:16:51","guid":{"rendered":"http:\/\/kbso.vrabcovo.czhttp:\/\/kbso.cz\/?page_id=13"},"modified":"2020-05-03T15:58:03","modified_gmt":"2020-05-03T13:58:03","slug":"kamerove-systemy-cctv","status":"publish","type":"page","link":"https:\/\/kbso.cz\/index.php\/kamerove-systemy-cctv\/","title":{"rendered":"Kamerov\u00e9 syst\u00e9my (CCTV)"},"content":{"rendered":"\n<p>V ot\u00e1zce kamerov\u00fdch syst\u00e9m\u016f, m\u00e1me dlouholetou praxi a mnoho zku\u0161enost\u00ed. Pom\u016f\u017eeme V\u00e1m jednak s n\u00e1vrhem pro co nejlep\u0161\u00ed zaji\u0161t\u011bn\u00ed perimetru (oblasti z\u00e1jmu), ale tak\u00e9 i s v\u00fdb\u011brem nejvhodn\u011bj\u0161\u00edch za\u0159\u00edzen\u00ed od kamer, a\u017e po DVR (z\u00e1znamov\u00e9 za\u0159\u00edzen\u00ed).<\/p>\n\n\n\n<p>Rovn\u011b\u017e provedeme odbornou mont\u00e1\u017e, za\u0161kolen\u00ed a p\u0159iprav\u00edme kompletn\u00ed p\u00edsemnou a projektovou dokumentaci dle z\u00e1kona a p\u0159\u00edslu\u0161n\u00fdch p\u0159edpis\u016f.Na ji\u017e vybudovan\u00fdch syst\u00e9mech CCTV prov\u00e1d\u00edme revize a funk\u010dn\u00ed zkou\u0161ky, kter\u00e9 jsou ze z\u00e1kona povinn\u00e9.<\/p>\n\n\n\n<h2 class=\"wp-block-heading\">Zabezpe\u010den\u00ed domu, bytu, komer\u010dn\u00edho objektu<\/h2>\n\n\n\n<p><strong>Nab\u00edz\u00edme kamery vnit\u0159n\u00ed, venkovn\u00ed, antivandal proveden\u00ed, kamery do v\u00fdtahu, kamery do spole\u010dn\u00fdch prostor v panelov\u00e9m dom\u011b, kamerov\u00fd syst\u00e9m do restaurace, monitorov\u00e1n\u00ed prodejny, kamery na parkovi\u0161t\u011b, br\u00e1ny, kamerov\u00fd syst\u00e9m na rodinn\u00fd d\u016fm a dal\u0161\u00ed&#8230;<\/strong><\/p>\n\n\n\n<h3 class=\"wp-block-heading\">Co umo\u017e\u0148uje kamerov\u00fd syst\u00e9m ?<\/h3>\n\n\n\n<ul class=\"wp-block-list\"><li>nep\u0159etr\u017eit\u00fd z\u00e1znam ze v\u0161ech kamer<\/li><li>vzd\u00e1len\u00fd dohledu p\u0159es internet<\/li><li>n\u00e1hled kamer p\u0159es mobiln\u00ed telefon<\/li><li>kompletn\u00ed vzd\u00e1len\u00e1 spr\u00e1va kamerov\u00e9ho syst\u00e9mu<\/li><li>z\u0159\u00edzen\u00ed n\u011bkolika u\u017eivatel\u016f s r\u016fzn\u00fdmi pr\u00e1vy<\/li><li>software v \u010de\u0161tin\u011b<\/li><\/ul>\n\n\n\n<p>Ke kamerov\u00fdm syst\u00e9m\u016fm dod\u00e1v\u00e1me \u0161pi\u010dkov\u00e1 nahr\u00e1vac\u00ed za\u0159\u00edzen\u00ed, kter\u00e1 jsou pln\u011b lokalizov\u00e1na do \u010de\u0161tiny. Umo\u017e\u0148uj\u00ed v\u00e1m nep\u0159etr\u017eit\u00fd z\u00e1znam ze v\u0161ech kamer, individu\u00e1ln\u00ed nastaven\u00ed ka\u017ed\u00e9 kamery, detekce pohybu, alarm p\u0159i odpojen\u00ed kamery, vzd\u00e1len\u00fd p\u0159\u00edstup p\u0159es internet nebo mobiln\u00ed telefon, p\u0159id\u011blen\u00ed pr\u00e1v n\u011bkolika u\u017eivatel\u016fm, a dal\u0161\u00ed u\u017eite\u010dn\u00e9 funkce.<\/p>\n\n\n\n<h3 class=\"wp-block-heading\">Kamerov\u00fd syst\u00e9m je mo\u017eno monitorovat n\u00e1sleduj\u00edc\u00edm zp\u016fsobem:<\/h3>\n\n\n\n<ul class=\"wp-block-list\"><li>Pracovn\u00ed monitor u DVR<\/li><li>Zapojen\u00edm do TV s\u00edt\u011b a sledov\u00e1n\u00edm ve vlastn\u00ed TV<\/li><li>P\u0159ipojen\u00edm se prost\u0159ednictv\u00edm internetu p\u0159es internetov\u00fd prohl\u00ed\u017ee\u010d<\/li><li>P\u0159ipojen\u00edm se pomoc\u00ed aplikace v mobiln\u00edm telefonu<\/li><\/ul>\n","protected":false},"excerpt":{"rendered":"<p>V ot\u00e1zce kamerov\u00fdch syst\u00e9m\u016f, m\u00e1me dlouholetou praxi a mnoho zku\u0161enost\u00ed. Pom\u016f\u017eeme V\u00e1m jednak s n\u00e1vrhem pro co nejlep\u0161\u00ed zaji\u0161t\u011bn\u00ed perimetru (oblasti z\u00e1jmu), ale tak\u00e9 i s v\u00fdb\u011brem nejvhodn\u011bj\u0161\u00edch za\u0159\u00edzen\u00ed od kamer, a\u017e po DVR (z\u00e1znamov\u00e9 za\u0159\u00edzen\u00ed). Rovn\u011b\u017e provedeme odbornou mont\u00e1\u017e, za\u0161kolen\u00ed a p\u0159iprav\u00edme kompletn\u00ed p\u00edsemnou a projektovou dokumentaci dle z\u00e1kona a p\u0159\u00edslu\u0161n\u00fdch p\u0159edpis\u016f.Na ji\u017e vybudovan\u00fdch [&hellip;]<\/p>\n","protected":false},"author":1,"featured_media":0,"parent":0,"menu_order":10,"comment_status":"closed","ping_status":"closed","template":"","meta":{"footnotes":""},"class_list":["post-13","page","type-page","status-publish","hentry"],"yoast_head":"<!-- This site is optimized with the Yoast SEO plugin v23.5 - https:\/\/yoast.com\/wordpress\/plugins\/seo\/ -->\n<title>Kamerov\u00e9 syst\u00e9my (CCTV) | kbso.cz<\/title>\n<meta name=\"robots\" content=\"index, follow, max-snippet:-1, max-image-preview:large, max-video-preview:-1\" \/>\n<link rel=\"canonical\" href=\"https:\/\/kbso.cz\/index.php\/kamerove-systemy-cctv\/\" \/>\n<meta property=\"og:locale\" content=\"cs_CZ\" \/>\n<meta property=\"og:type\" content=\"article\" \/>\n<meta property=\"og:title\" content=\"Kamerov\u00e9 syst\u00e9my (CCTV) | kbso.cz\" \/>\n<meta property=\"og:description\" content=\"V ot\u00e1zce kamerov\u00fdch syst\u00e9m\u016f, m\u00e1me dlouholetou praxi a mnoho zku\u0161enost\u00ed. Pom\u016f\u017eeme V\u00e1m jednak s n\u00e1vrhem pro co nejlep\u0161\u00ed zaji\u0161t\u011bn\u00ed perimetru (oblasti z\u00e1jmu), ale tak\u00e9 i s v\u00fdb\u011brem nejvhodn\u011bj\u0161\u00edch za\u0159\u00edzen\u00ed od kamer, a\u017e po DVR (z\u00e1znamov\u00e9 za\u0159\u00edzen\u00ed). Rovn\u011b\u017e provedeme odbornou mont\u00e1\u017e, za\u0161kolen\u00ed a p\u0159iprav\u00edme kompletn\u00ed p\u00edsemnou a projektovou dokumentaci dle z\u00e1kona a p\u0159\u00edslu\u0161n\u00fdch p\u0159edpis\u016f.Na ji\u017e vybudovan\u00fdch [&hellip;]\" \/>\n<meta property=\"og:url\" content=\"https:\/\/kbso.cz\/index.php\/kamerove-systemy-cctv\/\" \/>\n<meta property=\"og:site_name\" content=\"kbso.cz\" \/>\n<meta property=\"article:publisher\" content=\"https:\/\/www.facebook.com\/pages\/Kamerov%c3%a9-a-bezpe%c4%8dnostn%c3%ad-syst%c3%a9my\/103414007977089\" \/>\n<meta property=\"article:modified_time\" content=\"2020-05-03T13:58:03+00:00\" \/>\n<meta name=\"twitter:card\" content=\"summary_large_image\" \/>\n<meta name=\"twitter:label1\" content=\"Odhadovan\u00e1 doba \u010dten\u00ed\" \/>\n\t<meta name=\"twitter:data1\" content=\"2 minuty\" \/>\n<script type=\"application\/ld+json\" class=\"yoast-schema-graph\">{\"@context\":\"https:\/\/schema.org\",\"@graph\":[{\"@type\":\"WebPage\",\"@id\":\"https:\/\/kbso.cz\/index.php\/kamerove-systemy-cctv\/\",\"url\":\"https:\/\/kbso.cz\/index.php\/kamerove-systemy-cctv\/\",\"name\":\"Kamerov\u00e9 syst\u00e9my (CCTV) | kbso.cz\",\"isPartOf\":{\"@id\":\"https:\/\/kbso.cz\/#website\"},\"datePublished\":\"2020-02-25T11:16:51+00:00\",\"dateModified\":\"2020-05-03T13:58:03+00:00\",\"breadcrumb\":{\"@id\":\"https:\/\/kbso.cz\/index.php\/kamerove-systemy-cctv\/#breadcrumb\"},\"inLanguage\":\"cs\",\"potentialAction\":[{\"@type\":\"ReadAction\",\"target\":[\"https:\/\/kbso.cz\/index.php\/kamerove-systemy-cctv\/\"]}]},{\"@type\":\"BreadcrumbList\",\"@id\":\"https:\/\/kbso.cz\/index.php\/kamerove-systemy-cctv\/#breadcrumb\",\"itemListElement\":[{\"@type\":\"ListItem\",\"position\":1,\"name\":\"Dom\u016f\",\"item\":\"https:\/\/kbso.cz\/\"},{\"@type\":\"ListItem\",\"position\":2,\"name\":\"Kamerov\u00e9 syst\u00e9my (CCTV)\"}]},{\"@type\":\"WebSite\",\"@id\":\"https:\/\/kbso.cz\/#website\",\"url\":\"https:\/\/kbso.cz\/\",\"name\":\"kbso.cz\",\"description\":\"Kamerov\u00e9 a bezpe\u010dnostn\u00ed syst\u00e9my Ostrava\",\"publisher\":{\"@id\":\"https:\/\/kbso.cz\/#organization\"},\"potentialAction\":[{\"@type\":\"SearchAction\",\"target\":{\"@type\":\"EntryPoint\",\"urlTemplate\":\"https:\/\/kbso.cz\/?s={search_term_string}\"},\"query-input\":{\"@type\":\"PropertyValueSpecification\",\"valueRequired\":true,\"valueName\":\"search_term_string\"}}],\"inLanguage\":\"cs\"},{\"@type\":\"Organization\",\"@id\":\"https:\/\/kbso.cz\/#organization\",\"name\":\"Kamerov\u00e9 a bezpe\u010dnostn\u00ed syst\u00e9my - faMartin Ho\u0159\u010dica\",\"url\":\"https:\/\/kbso.cz\/\",\"logo\":{\"@type\":\"ImageObject\",\"inLanguage\":\"cs\",\"@id\":\"https:\/\/kbso.cz\/#\/schema\/logo\/image\/\",\"url\":\"http:\/\/kbso.cz\/wp-content\/uploads\/2020\/04\/logo-kbso.jpg\",\"contentUrl\":\"http:\/\/kbso.cz\/wp-content\/uploads\/2020\/04\/logo-kbso.jpg\",\"width\":500,\"height\":91,\"caption\":\"Kamerov\u00e9 a bezpe\u010dnostn\u00ed syst\u00e9my - faMartin Ho\u0159\u010dica\"},\"image\":{\"@id\":\"https:\/\/kbso.cz\/#\/schema\/logo\/image\/\"},\"sameAs\":[\"https:\/\/www.facebook.com\/pages\/Kamerov\u00e9-a-bezpe\u010dnostn\u00ed-syst\u00e9my\/103414007977089\"]}]}<\/script>\n<!-- \/ Yoast SEO plugin. -->","yoast_head_json":{"title":"Kamerov\u00e9 syst\u00e9my (CCTV) | kbso.cz","robots":{"index":"index","follow":"follow","max-snippet":"max-snippet:-1","max-image-preview":"max-image-preview:large","max-video-preview":"max-video-preview:-1"},"canonical":"https:\/\/kbso.cz\/index.php\/kamerove-systemy-cctv\/","og_locale":"cs_CZ","og_type":"article","og_title":"Kamerov\u00e9 syst\u00e9my (CCTV) | kbso.cz","og_description":"V ot\u00e1zce kamerov\u00fdch syst\u00e9m\u016f, m\u00e1me dlouholetou praxi a mnoho zku\u0161enost\u00ed. Pom\u016f\u017eeme V\u00e1m jednak s n\u00e1vrhem pro co nejlep\u0161\u00ed zaji\u0161t\u011bn\u00ed perimetru (oblasti z\u00e1jmu), ale tak\u00e9 i s v\u00fdb\u011brem nejvhodn\u011bj\u0161\u00edch za\u0159\u00edzen\u00ed od kamer, a\u017e po DVR (z\u00e1znamov\u00e9 za\u0159\u00edzen\u00ed). Rovn\u011b\u017e provedeme odbornou mont\u00e1\u017e, za\u0161kolen\u00ed a p\u0159iprav\u00edme kompletn\u00ed p\u00edsemnou a projektovou dokumentaci dle z\u00e1kona a p\u0159\u00edslu\u0161n\u00fdch p\u0159edpis\u016f.Na ji\u017e vybudovan\u00fdch [&hellip;]","og_url":"https:\/\/kbso.cz\/index.php\/kamerove-systemy-cctv\/","og_site_name":"kbso.cz","article_publisher":"https:\/\/www.facebook.com\/pages\/Kamerov%c3%a9-a-bezpe%c4%8dnostn%c3%ad-syst%c3%a9my\/103414007977089","article_modified_time":"2020-05-03T13:58:03+00:00","twitter_card":"summary_large_image","twitter_misc":{"Odhadovan\u00e1 doba \u010dten\u00ed":"2 minuty"},"schema":{"@context":"https:\/\/schema.org","@graph":[{"@type":"WebPage","@id":"https:\/\/kbso.cz\/index.php\/kamerove-systemy-cctv\/","url":"https:\/\/kbso.cz\/index.php\/kamerove-systemy-cctv\/","name":"Kamerov\u00e9 syst\u00e9my (CCTV) | kbso.cz","isPartOf":{"@id":"https:\/\/kbso.cz\/#website"},"datePublished":"2020-02-25T11:16:51+00:00","dateModified":"2020-05-03T13:58:03+00:00","breadcrumb":{"@id":"https:\/\/kbso.cz\/index.php\/kamerove-systemy-cctv\/#breadcrumb"},"inLanguage":"cs","potentialAction":[{"@type":"ReadAction","target":["https:\/\/kbso.cz\/index.php\/kamerove-systemy-cctv\/"]}]},{"@type":"BreadcrumbList","@id":"https:\/\/kbso.cz\/index.php\/kamerove-systemy-cctv\/#breadcrumb","itemListElement":[{"@type":"ListItem","position":1,"name":"Dom\u016f","item":"https:\/\/kbso.cz\/"},{"@type":"ListItem","position":2,"name":"Kamerov\u00e9 syst\u00e9my (CCTV)"}]},{"@type":"WebSite","@id":"https:\/\/kbso.cz\/#website","url":"https:\/\/kbso.cz\/","name":"kbso.cz","description":"Kamerov\u00e9 a bezpe\u010dnostn\u00ed syst\u00e9my Ostrava","publisher":{"@id":"https:\/\/kbso.cz\/#organization"},"potentialAction":[{"@type":"SearchAction","target":{"@type":"EntryPoint","urlTemplate":"https:\/\/kbso.cz\/?s={search_term_string}"},"query-input":{"@type":"PropertyValueSpecification","valueRequired":true,"valueName":"search_term_string"}}],"inLanguage":"cs"},{"@type":"Organization","@id":"https:\/\/kbso.cz\/#organization","name":"Kamerov\u00e9 a bezpe\u010dnostn\u00ed syst\u00e9my - faMartin Ho\u0159\u010dica","url":"https:\/\/kbso.cz\/","logo":{"@type":"ImageObject","inLanguage":"cs","@id":"https:\/\/kbso.cz\/#\/schema\/logo\/image\/","url":"http:\/\/kbso.cz\/wp-content\/uploads\/2020\/04\/logo-kbso.jpg","contentUrl":"http:\/\/kbso.cz\/wp-content\/uploads\/2020\/04\/logo-kbso.jpg","width":500,"height":91,"caption":"Kamerov\u00e9 a bezpe\u010dnostn\u00ed syst\u00e9my - faMartin Ho\u0159\u010dica"},"image":{"@id":"https:\/\/kbso.cz\/#\/schema\/logo\/image\/"},"sameAs":["https:\/\/www.facebook.com\/pages\/Kamerov\u00e9-a-bezpe\u010dnostn\u00ed-syst\u00e9my\/103414007977089"]}]}},"_links":{"self":[{"href":"https:\/\/kbso.cz\/index.php\/wp-json\/wp\/v2\/pages\/13","targetHints":{"allow":["GET"]}}],"collection":[{"href":"https:\/\/kbso.cz\/index.php\/wp-json\/wp\/v2\/pages"}],"about":[{"href":"https:\/\/kbso.cz\/index.php\/wp-json\/wp\/v2\/types\/page"}],"author":[{"embeddable":true,"href":"https:\/\/kbso.cz\/index.php\/wp-json\/wp\/v2\/users\/1"}],"replies":[{"embeddable":true,"href":"https:\/\/kbso.cz\/index.php\/wp-json\/wp\/v2\/comments?post=13"}],"version-history":[{"count":23,"href":"https:\/\/kbso.cz\/index.php\/wp-json\/wp\/v2\/pages\/13\/revisions"}],"predecessor-version":[{"id":1133,"href":"https:\/\/kbso.cz\/index.php\/wp-json\/wp\/v2\/pages\/13\/revisions\/1133"}],"wp:attachment":[{"href":"https:\/\/kbso.cz\/index.php\/wp-json\/wp\/v2\/media?parent=13"}],"curies":[{"name":"wp","href":"https:\/\/api.w.org\/{rel}","templated":true}]}}