{"id":1042,"date":"2020-04-26T21:24:01","date_gmt":"2020-04-26T19:24:01","guid":{"rendered":"http:\/\/kbso.cz\/?page_id=1042"},"modified":"2020-06-13T14:57:15","modified_gmt":"2020-06-13T12:57:15","slug":"elektro-prace","status":"publish","type":"page","link":"https:\/\/kbso.cz\/index.php\/ostatni\/elektro-prace\/","title":{"rendered":"Elektro pr\u00e1ce"},"content":{"rendered":"\n<div class=\"wp-block-image\"><figure class=\"alignright size-large is-resized\"><img loading=\"lazy\" decoding=\"async\" src=\"https:\/\/kbso.cz\/wp-content\/uploads\/2020\/05\/elektrikar.jpg\" alt=\"\" class=\"wp-image-1189\" width=\"237\" height=\"302\" srcset=\"https:\/\/kbso.cz\/wp-content\/uploads\/2020\/05\/elektrikar.jpg 354w, https:\/\/kbso.cz\/wp-content\/uploads\/2020\/05\/elektrikar-236x300.jpg 236w\" sizes=\"auto, (max-width: 237px) 100vw, 237px\" \/><\/figure><\/div>\n\n\n\n<p>V t\u00e9to oblasti V\u00e1m m\u016f\u017eeme nab\u00eddnout n\u00e1sleduj\u00edc\u00ed slu\u017eby:<\/p>\n\n\n\n<ul class=\"wp-block-list\"><li>\u010ci\u0161t\u011bn\u00ed elektrorozvad\u011b\u010d\u016f<\/li><li>Odstra\u0148ov\u00e1n\u00ed z\u00e1vad po reviz\u00edch<\/li><li>Renovaci rozvad\u011b\u010d\u016f a elektrorozvod\u016f<\/li><li>Vybudov\u00e1n\u00ed a opravy elektrorozvod\u016f<\/li><li>Opravy a zhotoven\u00ed nov\u00e9ho osv\u011btlen\u00ed<\/li><li>Opravy a zhotoven\u00ed dom\u00e1c\u00edch telefon\u016f<\/li><\/ul>\n\n\n\n<p>a mnoho dal\u0161\u00edho<\/p>\n","protected":false},"excerpt":{"rendered":"<p>V t\u00e9to oblasti V\u00e1m m\u016f\u017eeme nab\u00eddnout n\u00e1sleduj\u00edc\u00ed slu\u017eby: \u010ci\u0161t\u011bn\u00ed elektrorozvad\u011b\u010d\u016f Odstra\u0148ov\u00e1n\u00ed z\u00e1vad po reviz\u00edch Renovaci rozvad\u011b\u010d\u016f a elektrorozvod\u016f Vybudov\u00e1n\u00ed a opravy elektrorozvod\u016f Opravy a zhotoven\u00ed nov\u00e9ho osv\u011btlen\u00ed Opravy a zhotoven\u00ed dom\u00e1c\u00edch telefon\u016f a mnoho dal\u0161\u00edho<\/p>\n","protected":false},"author":1,"featured_media":0,"parent":1001,"menu_order":20,"comment_status":"closed","ping_status":"closed","template":"","meta":{"footnotes":""},"class_list":["post-1042","page","type-page","status-publish","hentry"],"yoast_head":"<!-- This site is optimized with the Yoast SEO plugin v23.5 - https:\/\/yoast.com\/wordpress\/plugins\/seo\/ -->\n<title>Elektro pr\u00e1ce | kbso.cz<\/title>\n<meta name=\"robots\" content=\"index, follow, max-snippet:-1, max-image-preview:large, max-video-preview:-1\" \/>\n<link rel=\"canonical\" href=\"https:\/\/kbso.cz\/index.php\/ostatni\/elektro-prace\/\" \/>\n<meta property=\"og:locale\" content=\"cs_CZ\" \/>\n<meta property=\"og:type\" content=\"article\" \/>\n<meta property=\"og:title\" content=\"Elektro pr\u00e1ce | kbso.cz\" \/>\n<meta property=\"og:description\" content=\"V t\u00e9to oblasti V\u00e1m m\u016f\u017eeme nab\u00eddnout n\u00e1sleduj\u00edc\u00ed slu\u017eby: \u010ci\u0161t\u011bn\u00ed elektrorozvad\u011b\u010d\u016f Odstra\u0148ov\u00e1n\u00ed z\u00e1vad po reviz\u00edch Renovaci rozvad\u011b\u010d\u016f a elektrorozvod\u016f Vybudov\u00e1n\u00ed a opravy elektrorozvod\u016f Opravy a zhotoven\u00ed nov\u00e9ho osv\u011btlen\u00ed Opravy a zhotoven\u00ed dom\u00e1c\u00edch telefon\u016f a mnoho dal\u0161\u00edho\" \/>\n<meta property=\"og:url\" content=\"https:\/\/kbso.cz\/index.php\/ostatni\/elektro-prace\/\" \/>\n<meta property=\"og:site_name\" content=\"kbso.cz\" \/>\n<meta property=\"article:publisher\" content=\"https:\/\/www.facebook.com\/pages\/Kamerov%c3%a9-a-bezpe%c4%8dnostn%c3%ad-syst%c3%a9my\/103414007977089\" \/>\n<meta property=\"article:modified_time\" content=\"2020-06-13T12:57:15+00:00\" \/>\n<meta property=\"og:image\" content=\"http:\/\/kbso.cz\/wp-content\/uploads\/2020\/05\/elektrikar.jpg\" \/>\n<meta name=\"twitter:card\" content=\"summary_large_image\" \/>\n<script type=\"application\/ld+json\" class=\"yoast-schema-graph\">{\"@context\":\"https:\/\/schema.org\",\"@graph\":[{\"@type\":\"WebPage\",\"@id\":\"https:\/\/kbso.cz\/index.php\/ostatni\/elektro-prace\/\",\"url\":\"https:\/\/kbso.cz\/index.php\/ostatni\/elektro-prace\/\",\"name\":\"Elektro pr\u00e1ce | kbso.cz\",\"isPartOf\":{\"@id\":\"https:\/\/kbso.cz\/#website\"},\"primaryImageOfPage\":{\"@id\":\"https:\/\/kbso.cz\/index.php\/ostatni\/elektro-prace\/#primaryimage\"},\"image\":{\"@id\":\"https:\/\/kbso.cz\/index.php\/ostatni\/elektro-prace\/#primaryimage\"},\"thumbnailUrl\":\"http:\/\/kbso.cz\/wp-content\/uploads\/2020\/05\/elektrikar.jpg\",\"datePublished\":\"2020-04-26T19:24:01+00:00\",\"dateModified\":\"2020-06-13T12:57:15+00:00\",\"breadcrumb\":{\"@id\":\"https:\/\/kbso.cz\/index.php\/ostatni\/elektro-prace\/#breadcrumb\"},\"inLanguage\":\"cs\",\"potentialAction\":[{\"@type\":\"ReadAction\",\"target\":[\"https:\/\/kbso.cz\/index.php\/ostatni\/elektro-prace\/\"]}]},{\"@type\":\"ImageObject\",\"inLanguage\":\"cs\",\"@id\":\"https:\/\/kbso.cz\/index.php\/ostatni\/elektro-prace\/#primaryimage\",\"url\":\"http:\/\/kbso.cz\/wp-content\/uploads\/2020\/05\/elektrikar.jpg\",\"contentUrl\":\"http:\/\/kbso.cz\/wp-content\/uploads\/2020\/05\/elektrikar.jpg\"},{\"@type\":\"BreadcrumbList\",\"@id\":\"https:\/\/kbso.cz\/index.php\/ostatni\/elektro-prace\/#breadcrumb\",\"itemListElement\":[{\"@type\":\"ListItem\",\"position\":1,\"name\":\"Dom\u016f\",\"item\":\"https:\/\/kbso.cz\/\"},{\"@type\":\"ListItem\",\"position\":2,\"name\":\"Ostatn\u00ed\",\"item\":\"https:\/\/kbso.cz\/index.php\/ostatni\/\"},{\"@type\":\"ListItem\",\"position\":3,\"name\":\"Elektro pr\u00e1ce\"}]},{\"@type\":\"WebSite\",\"@id\":\"https:\/\/kbso.cz\/#website\",\"url\":\"https:\/\/kbso.cz\/\",\"name\":\"kbso.cz\",\"description\":\"Kamerov\u00e9 a bezpe\u010dnostn\u00ed syst\u00e9my Ostrava\",\"publisher\":{\"@id\":\"https:\/\/kbso.cz\/#organization\"},\"potentialAction\":[{\"@type\":\"SearchAction\",\"target\":{\"@type\":\"EntryPoint\",\"urlTemplate\":\"https:\/\/kbso.cz\/?s={search_term_string}\"},\"query-input\":{\"@type\":\"PropertyValueSpecification\",\"valueRequired\":true,\"valueName\":\"search_term_string\"}}],\"inLanguage\":\"cs\"},{\"@type\":\"Organization\",\"@id\":\"https:\/\/kbso.cz\/#organization\",\"name\":\"Kamerov\u00e9 a bezpe\u010dnostn\u00ed syst\u00e9my - faMartin Ho\u0159\u010dica\",\"url\":\"https:\/\/kbso.cz\/\",\"logo\":{\"@type\":\"ImageObject\",\"inLanguage\":\"cs\",\"@id\":\"https:\/\/kbso.cz\/#\/schema\/logo\/image\/\",\"url\":\"http:\/\/kbso.cz\/wp-content\/uploads\/2020\/04\/logo-kbso.jpg\",\"contentUrl\":\"http:\/\/kbso.cz\/wp-content\/uploads\/2020\/04\/logo-kbso.jpg\",\"width\":500,\"height\":91,\"caption\":\"Kamerov\u00e9 a bezpe\u010dnostn\u00ed syst\u00e9my - faMartin Ho\u0159\u010dica\"},\"image\":{\"@id\":\"https:\/\/kbso.cz\/#\/schema\/logo\/image\/\"},\"sameAs\":[\"https:\/\/www.facebook.com\/pages\/Kamerov\u00e9-a-bezpe\u010dnostn\u00ed-syst\u00e9my\/103414007977089\"]}]}<\/script>\n<!-- \/ Yoast SEO plugin. -->","yoast_head_json":{"title":"Elektro pr\u00e1ce | kbso.cz","robots":{"index":"index","follow":"follow","max-snippet":"max-snippet:-1","max-image-preview":"max-image-preview:large","max-video-preview":"max-video-preview:-1"},"canonical":"https:\/\/kbso.cz\/index.php\/ostatni\/elektro-prace\/","og_locale":"cs_CZ","og_type":"article","og_title":"Elektro pr\u00e1ce | kbso.cz","og_description":"V t\u00e9to oblasti V\u00e1m m\u016f\u017eeme nab\u00eddnout n\u00e1sleduj\u00edc\u00ed slu\u017eby: \u010ci\u0161t\u011bn\u00ed elektrorozvad\u011b\u010d\u016f Odstra\u0148ov\u00e1n\u00ed z\u00e1vad po reviz\u00edch Renovaci rozvad\u011b\u010d\u016f a elektrorozvod\u016f Vybudov\u00e1n\u00ed a opravy elektrorozvod\u016f Opravy a zhotoven\u00ed nov\u00e9ho osv\u011btlen\u00ed Opravy a zhotoven\u00ed dom\u00e1c\u00edch telefon\u016f a mnoho dal\u0161\u00edho","og_url":"https:\/\/kbso.cz\/index.php\/ostatni\/elektro-prace\/","og_site_name":"kbso.cz","article_publisher":"https:\/\/www.facebook.com\/pages\/Kamerov%c3%a9-a-bezpe%c4%8dnostn%c3%ad-syst%c3%a9my\/103414007977089","article_modified_time":"2020-06-13T12:57:15+00:00","og_image":[{"url":"http:\/\/kbso.cz\/wp-content\/uploads\/2020\/05\/elektrikar.jpg"}],"twitter_card":"summary_large_image","schema":{"@context":"https:\/\/schema.org","@graph":[{"@type":"WebPage","@id":"https:\/\/kbso.cz\/index.php\/ostatni\/elektro-prace\/","url":"https:\/\/kbso.cz\/index.php\/ostatni\/elektro-prace\/","name":"Elektro pr\u00e1ce | kbso.cz","isPartOf":{"@id":"https:\/\/kbso.cz\/#website"},"primaryImageOfPage":{"@id":"https:\/\/kbso.cz\/index.php\/ostatni\/elektro-prace\/#primaryimage"},"image":{"@id":"https:\/\/kbso.cz\/index.php\/ostatni\/elektro-prace\/#primaryimage"},"thumbnailUrl":"http:\/\/kbso.cz\/wp-content\/uploads\/2020\/05\/elektrikar.jpg","datePublished":"2020-04-26T19:24:01+00:00","dateModified":"2020-06-13T12:57:15+00:00","breadcrumb":{"@id":"https:\/\/kbso.cz\/index.php\/ostatni\/elektro-prace\/#breadcrumb"},"inLanguage":"cs","potentialAction":[{"@type":"ReadAction","target":["https:\/\/kbso.cz\/index.php\/ostatni\/elektro-prace\/"]}]},{"@type":"ImageObject","inLanguage":"cs","@id":"https:\/\/kbso.cz\/index.php\/ostatni\/elektro-prace\/#primaryimage","url":"http:\/\/kbso.cz\/wp-content\/uploads\/2020\/05\/elektrikar.jpg","contentUrl":"http:\/\/kbso.cz\/wp-content\/uploads\/2020\/05\/elektrikar.jpg"},{"@type":"BreadcrumbList","@id":"https:\/\/kbso.cz\/index.php\/ostatni\/elektro-prace\/#breadcrumb","itemListElement":[{"@type":"ListItem","position":1,"name":"Dom\u016f","item":"https:\/\/kbso.cz\/"},{"@type":"ListItem","position":2,"name":"Ostatn\u00ed","item":"https:\/\/kbso.cz\/index.php\/ostatni\/"},{"@type":"ListItem","position":3,"name":"Elektro pr\u00e1ce"}]},{"@type":"WebSite","@id":"https:\/\/kbso.cz\/#website","url":"https:\/\/kbso.cz\/","name":"kbso.cz","description":"Kamerov\u00e9 a bezpe\u010dnostn\u00ed syst\u00e9my Ostrava","publisher":{"@id":"https:\/\/kbso.cz\/#organization"},"potentialAction":[{"@type":"SearchAction","target":{"@type":"EntryPoint","urlTemplate":"https:\/\/kbso.cz\/?s={search_term_string}"},"query-input":{"@type":"PropertyValueSpecification","valueRequired":true,"valueName":"search_term_string"}}],"inLanguage":"cs"},{"@type":"Organization","@id":"https:\/\/kbso.cz\/#organization","name":"Kamerov\u00e9 a bezpe\u010dnostn\u00ed syst\u00e9my - faMartin Ho\u0159\u010dica","url":"https:\/\/kbso.cz\/","logo":{"@type":"ImageObject","inLanguage":"cs","@id":"https:\/\/kbso.cz\/#\/schema\/logo\/image\/","url":"http:\/\/kbso.cz\/wp-content\/uploads\/2020\/04\/logo-kbso.jpg","contentUrl":"http:\/\/kbso.cz\/wp-content\/uploads\/2020\/04\/logo-kbso.jpg","width":500,"height":91,"caption":"Kamerov\u00e9 a bezpe\u010dnostn\u00ed syst\u00e9my - faMartin Ho\u0159\u010dica"},"image":{"@id":"https:\/\/kbso.cz\/#\/schema\/logo\/image\/"},"sameAs":["https:\/\/www.facebook.com\/pages\/Kamerov\u00e9-a-bezpe\u010dnostn\u00ed-syst\u00e9my\/103414007977089"]}]}},"_links":{"self":[{"href":"https:\/\/kbso.cz\/index.php\/wp-json\/wp\/v2\/pages\/1042","targetHints":{"allow":["GET"]}}],"collection":[{"href":"https:\/\/kbso.cz\/index.php\/wp-json\/wp\/v2\/pages"}],"about":[{"href":"https:\/\/kbso.cz\/index.php\/wp-json\/wp\/v2\/types\/page"}],"author":[{"embeddable":true,"href":"https:\/\/kbso.cz\/index.php\/wp-json\/wp\/v2\/users\/1"}],"replies":[{"embeddable":true,"href":"https:\/\/kbso.cz\/index.php\/wp-json\/wp\/v2\/comments?post=1042"}],"version-history":[{"count":6,"href":"https:\/\/kbso.cz\/index.php\/wp-json\/wp\/v2\/pages\/1042\/revisions"}],"predecessor-version":[{"id":1286,"href":"https:\/\/kbso.cz\/index.php\/wp-json\/wp\/v2\/pages\/1042\/revisions\/1286"}],"up":[{"embeddable":true,"href":"https:\/\/kbso.cz\/index.php\/wp-json\/wp\/v2\/pages\/1001"}],"wp:attachment":[{"href":"https:\/\/kbso.cz\/index.php\/wp-json\/wp\/v2\/media?parent=1042"}],"curies":[{"name":"wp","href":"https:\/\/api.w.org\/{rel}","templated":true}]}}