{"id":1032,"date":"2020-04-26T21:06:00","date_gmt":"2020-04-26T19:06:00","guid":{"rendered":"http:\/\/kbso.cz\/?page_id=1032"},"modified":"2020-05-15T09:45:17","modified_gmt":"2020-05-15T07:45:17","slug":"proc-zabezpecit-domov","status":"publish","type":"page","link":"https:\/\/kbso.cz\/index.php\/zabezpecovaci-systemy-pzts\/proc-zabezpecit-domov\/","title":{"rendered":"Pro\u010d zabezpe\u010dit domov"},"content":{"rendered":"\n<p>V \u017eivot\u011b v\u011bt\u0161iny lid\u00ed znamen\u00e1 domov bezpe\u010d\u00ed. Pro mnoh\u00e9 je byt nebo, rodinn\u00fd d\u016fm nav\u00edc m\u00edstem, kde pro\u017eili v\u011bt\u0161inu sv\u00e9ho \u017eivota, je m\u00edstem vzpom\u00ednek, o\u00e1zou klidu a prezentac\u00ed v\u0161eho, \u010deho v profesn\u00edm a osobn\u00edm \u017eivot\u011b dos\u00e1hli. M\u016fj d\u016fm \u2013 m\u016fj hrad, \u0159\u00edk\u00e1 jedno \u010desk\u00e9 p\u0159\u00edslov\u00ed &#8230; Ano, hrady stav\u011bli tak\u00e9 kv\u016fli tomu, aby byly nedobytn\u00e9 a odolaly n\u00e1jezd\u016fm lupi\u010d\u016f la\u010dn\u00edc\u00edch po majetku. Dnes je to historie, ale podstata loupen\u00ed z\u016fst\u00e1v\u00e1 nad\u00e1le v mnoha ohledech identick\u00e1. S\u00edl\u00ed agrese ze strany pachatel\u016f, jejich\u017e mnohdy zoufal\u00e1 \u017eivotn\u00ed situace produkuje zoufal\u00e9 \u010diny. Pokud je majitel nemovitosti proti takov\u00e9to trestn\u00e9 \u010dinnosti dostate\u010dn\u011b poji\u0161t\u011bn\u00fd, nevad\u00ed mu ani tak fakt, \u017ee zmizela drah\u00e1 televize nebo je zni\u010deno za\u0159\u00edzen\u00ed dom\u00e1cnosti. Nejv\u011bt\u0161\u00ed probl\u00e9m spo\u010d\u00edv\u00e1 v psychick\u00e9 str\u00e1nce v\u011bci, kdy\u017e dojde k odcizen\u00ed p\u0159edm\u011bt\u016f, na kter\u00e9 m\u00e1 silnou osobn\u00ed vazbu. V neposledn\u00ed \u0159ad\u011b trv\u00e1 velmi dlouhou dobu p\u0159ekonat tu skute\u010dnost, \u017ee soukrom\u00ed bytu bylo naru\u0161eno ciz\u00edm \u010dlov\u011bkem, nemluv\u011b o tom, \u017ee k vykraden\u00ed do\u0161lo v dob\u011b, kdy v\u0161ichni spali. Abychom p\u0159edch\u00e1zeli podobn\u00fdm nep\u0159\u00edjemnostem, je t\u0159eba dodr\u017eovat d\u016fle\u017eit\u00e9 z\u00e1sady prevence a danou nemovitost vybavit zabezpe\u010dovac\u00edm syst\u00e9mem. Mont\u00e1\u017e takov\u00e9ho za\u0159\u00edzen\u00ed je vhodn\u00e9 sv\u011b\u0159it autorizovan\u00e9 firm\u011b. Je to lep\u0161\u00ed v r\u00e1mci poz\u00e1ru\u010dn\u00edho servisu, mo\u017en\u00e9 likvidace \u0161kod a jedn\u00e1n\u00ed s poji\u0161\u0165ovnou.<\/p>\n\n\n\n<p><strong>Kr\u00e1de\u017e\u00edm a vloup\u00e1n\u00edm m\u016f\u017eeme p\u0159edch\u00e1zet<\/strong><\/p>\n\n\n\n<p>Kl\u00ed\u010dov\u00fdm bodem panelov\u00fdch dom\u016f je z hlediska bezpe\u010dnosti proti vloup\u00e1n\u00ed hlavn\u00ed spole\u010dn\u00fd vchod. V\u011bt\u0161ina jich dnes disponuje velmi dob\u0159e zabezpe\u010den\u00fdm dve\u0159n\u00edm syst\u00e9mem, jen\u017ee ani to n\u011bkdy nesta\u010d\u00ed, pokud nen\u00ed zam\u010den\u00fd, a samotn\u00ed obyvatel\u00e9 nedodr\u017euj\u00ed z\u00e1sady prevence. Je t\u0159eba si uv\u011bdomit, \u017ee jakmile hlavn\u00edm vchodem umo\u017en\u00edte vstup lidem, kter\u00e9 nezn\u00e1te, m\u016f\u017ee doj\u00edt k trestn\u00e9 \u010dinnosti, kter\u00e1 se m\u016f\u017ee st\u00e1t pr\u00e1v\u011b v\u00e1m. Pokud potk\u00e1te n\u011bkoho ciz\u00edho p\u0159i vch\u00e1zen\u00ed do domu nebo t\u0159eba na chodb\u011b, polo\u017ete mu jednoduchou ot\u00e1zku, zda n\u011bco nepot\u0159ebuje. V\u011bt\u0161inu pachatel\u016f toti\u017e tento kr\u00e1tk\u00fd kontakt odrad\u00ed od pl\u00e1novan\u00e9 trestn\u00e9 \u010dinnosti kv\u016fli obav\u00e1m, \u017ee si je n\u011bkdo zapamatuje.<\/p>\n\n\n\n<p>Kritick\u00fdm m\u00edstem panelov\u00fdch dom\u016f jsou tak\u00e9 sklepn\u00ed prostory. Zabezpe\u010den\u00ed jednotliv\u00fdch box\u016f b\u00fdv\u00e1 v\u011bt\u0161inou \u017ealostn\u00e9 a st\u00e1v\u00e1 se snadn\u00fdm ter\u010dem \u00fatoku i m\u00e9n\u011b zdatn\u00fdch zlod\u011bj\u016f. V\u0161\u00edmavost soused\u016f a ob\u010dansk\u00e1 solidarita je v takov\u00fdch p\u0159\u00edpadech velmi d\u016fle\u017eit\u00e1, proto\u017ee ke kr\u00e1de\u017e\u00edm v panelov\u00fdch domech doch\u00e1z\u00ed v\u011bt\u0161inou v dopoledn\u00edch hodin\u00e1ch.<\/p>\n\n\n\n<p>Zbyte\u010dn\u011b neupozor\u0148ujte na majetkov\u00e9, nebo rodinn\u00e9 pom\u011bry. U\u017e jen takov\u00e1 oby\u010dejn\u00e1 jmenovka na zvonku m\u016f\u017ee napov\u011bd\u011bt n\u011bco o jeho obyvatel\u00edch. Nepsan\u00fdm pravidlem je uv\u00e1d\u011bt pouze p\u0159\u00edjmen\u00ed, bez titul\u016f a koncovek -ov\u00e1. Jak\u00e9koliv cennosti zamykejte v dom\u00e1c\u00edm trezoru nebo vyu\u017eijte bezpe\u010dnostn\u00ed schr\u00e1nku v bance. Evidujte cenn\u00e9 vybaven\u00ed dom\u00e1cnosti (\u0161perky, televize, po\u010d\u00edta\u010d, mobiln\u00ed telefon, zahradn\u00ed technika, sportovn\u00ed vybaven\u00ed, apod.) a do seznamu napi\u0161te v\u00fdrobn\u00ed \u010d\u00edsla, p\u0159ilo\u017ete doklady o po\u0159\u00edzen\u00ed plus fotodokumentaci kv\u016fli snadn\u011bj\u0161\u00ed identifikaci. V p\u0159\u00edpad\u011b vykraden\u00ed m\u016f\u017eete tento seznam podstoupit policii nebo poji\u0161\u0165ovn\u011b. U\u0161et\u0159\u00edte si t\u00edm spoustu \u010dasu a mo\u017en\u00e1 zachr\u00e1n\u00edte alespo\u0148 n\u011bco z toho, co v\u00e1m bylo odcizeno.<\/p>\n\n\n\n<p>Na rozd\u00edl od bytu, nen\u00ed u rodinn\u00e9mu domu nej\u010dast\u011bj\u0161\u00edm m\u00edstem \u00fatoku jeho hlavn\u00ed vchod, kter\u00fd dnes b\u00fdv\u00e1 standardn\u011b velmi dob\u0159e zabezpe\u010den, ale v\u011bt\u0161inou \u0161patn\u011b zaji\u0161t\u011bn\u00e1 okna nebo dve\u0159e do sklepa. Pachatel\u00e9 loupe\u017e\u00ed tak\u00e9 p\u0159izn\u00e1vaj\u00ed, \u017ee nejlep\u0161\u00ed doba pro kr\u00e1de\u017e je v noci, i kdy\u017e v\u00ed, \u017ee v dom\u011b sp\u00ed jeho nic netu\u0161\u00edc\u00ed obyvatel\u00e9. K vykraden\u00ed tak\u00e9 doch\u00e1z\u00ed v hospod\u00e1\u0159sk\u00fdch budov\u00e1ch, kter\u00e9 \u010dasto nejsou sou\u010d\u00e1st\u00ed domu a zpravidla maj\u00ed velmi slab\u00e9 zaji\u0161t\u011bn\u00ed. P\u0159itom se v nich skladuje zahradn\u00ed technika v \u0159\u00e1du n\u011bkolika des\u00edtek tis\u00edc. Jedin\u00fdm preventivn\u00edm opat\u0159en\u00edm tak z\u016fst\u00e1v\u00e1 zamyk\u00e1n\u00ed v\u0161ech vstupn\u00edch cest do jednotliv\u00fdch nemovitost\u00ed po\u010d\u00ednaje brankou do zahrady a kon\u010de ventila\u010dn\u00edm oknem kotelny.<\/p>\n\n\n\n<p>Samostatnou kapitolou jsou soci\u00e1ln\u00ed s\u00edt\u011b. Nepi\u0161te na internet nic, \u010deho byste pozd\u011bji mohli litovat. Zejm\u00e9na d\u011btem nem\u016f\u017eete v dne\u0161n\u00edm p\u0159etechnizovan\u00e9m sv\u011bt\u011b \u0159\u00edkat \u00fapln\u011b v\u0161echno. Je t\u0159eba je d\u016fkladn\u011b upozornit, aby zbyte\u010dn\u011b nemluvily o tom, jak drah\u00e9 m\u00e1te vybaven\u00ed dom\u00e1cnosti, kdy pl\u00e1nujete dovolenou, rodi\u010de slu\u017eebn\u00ed cestu a podobn\u00e9 v\u011bci. Soci\u00e1ln\u00ed s\u00edt\u011b nab\u00edz\u00ed zlod\u011bj\u016fm p\u0159\u00edmo neuv\u011b\u0159iteln\u00fd zdroj informac\u00ed. Je t\u011b\u017ek\u00e9 se pak sm\u00ed\u0159it s v\u011bdom\u00edm, \u017ee impuls k vykraden\u00ed va\u0161eho domova dal n\u011bkdo z rodiny, i kdy\u017e necht\u011bn\u011b. Kdy\u017e u\u017e dojde k nejhor\u0161\u00edmu a vstupn\u00ed dve\u0159e bytu nebo rodinn\u00e9ho domu vykazuj\u00ed zn\u00e1mky po\u0161kozen\u00ed, zavolejte okam\u017eit\u011b policii. V \u017e\u00e1dn\u00e9m p\u0159\u00edpad\u011b nevstupujte do objektu, proto\u017ee t\u00edm jednak po\u0161kod\u00edte mo\u017en\u00e9 usv\u011bd\u010duj\u00edc\u00ed d\u016fkazy, jednak m\u016f\u017eete narazit na samotn\u00e9ho zlod\u011bje. Pozor, hranice mezi nutnou obranou a krajn\u00ed nouz\u00ed je v na\u0161em pr\u00e1vn\u00edm \u0159\u00e1du velmi tenk\u00e1.<\/p>\n\n\n\n<p><strong>Mo\u017enosti zabezpe\u010den\u00ed rodinn\u00e9ho domu<\/strong><\/p>\n\n\n\n<p>V posledn\u00edch letech doch\u00e1z\u00ed k p\u0159esunu majetkov\u00e9 trestn\u00e9 \u010dinnosti z m\u011bst na venkov. Zabezpe\u010dit d\u016fm, hospod\u00e1\u0159sk\u00e9 staven\u00ed nebo gar\u00e1\u017e stoj\u00ed ale nemal\u00e9 pen\u00edze. Ka\u017ed\u00e9ho asi napadne, \u017ee klasick\u00fdm zabezpe\u010den\u00edm rodinn\u00e9ho domu na vesnici je pes. A je to tak. Psi dok\u00e1\u017eou sv\u00fdm \u0161t\u011bkotem zlod\u011bje odradit nejen od \u00fatoku na d\u016fm, ale n\u011bkdy t\u00edm zachr\u00e1n\u00ed i ty sousedn\u00ed. To je prax\u00ed ov\u011b\u0159en\u00e1 skute\u010dnost. Samoz\u0159ejm\u011b sofistikovan\u011bj\u0161\u00edm zabezpe\u010den\u00edm jsou mechanick\u00e9 a elektronick\u00e9 z\u00e1brann\u00e9 syst\u00e9my. Ka\u017ed\u00e9 zabezpe\u010den\u00ed domu je ale tak odoln\u00e9, jak odoln\u00fd je jeho nejslab\u0161\u00ed \u010dl\u00e1nek. U rodinn\u00e9ho domu je t\u0159eba v prvn\u00ed \u0159ad\u011b zabezpe\u010dit v\u0161echny p\u0159\u00edstupov\u00e9 cesty. Na prvn\u00edm m\u00edst\u011b jsou bezpe\u010dnostn\u00ed dve\u0159n\u00ed syst\u00e9my, co\u017e je kombinace minim\u00e1ln\u011b kvalitn\u00edho bezpe\u010dnostn\u00edho z\u00e1mku, odoln\u00fdch dve\u0159\u00ed a bezpe\u010dnostn\u00edho ocelov\u00e9ho r\u00e1mu. U oken do t\u0159\u00ed metr\u016f nad zem\u00ed je t\u0159eba pou\u017e\u00edt bezpe\u010dnostn\u00ed tvrzen\u00e1 skla nebo bezpe\u010dnostn\u00ed \u010dir\u00e9 f\u00f3lie. D\u016fle\u017eit\u00e9 je m\u00edt u oken syst\u00e9m zabezpe\u010den\u00ed polohy, jen\u017e neumo\u017en\u00ed otev\u0159\u00edt okno, kter\u00e9 je p\u0159es noc ve stavu ventilace. Toto je velk\u00fd probl\u00e9m a jedno z m\u00edst, kudy zlod\u011bj pronikne do bytu nej\u010dast\u011bji. Kamenem \u00farazu jsou sklepn\u00ed nebo p\u016fdn\u00ed okna, kter\u00e1 pat\u0159\u00ed mezi v\u016fbec ty nejslab\u0161\u00ed \u010dl\u00e1nky domu. Takov\u00e1 okna je t\u0159eba bu\u010f dovybavit kvalitn\u011b ukotvenou okrasnou m\u0159\u00ed\u017e\u00ed nebo nahradit nov\u00fdm tvrzen\u00fdm sklem. V\u011bt\u0161ina dom\u016f dnes disponuje kvalitn\u00edm mechanick\u00fdm z\u00e1brann\u00fdm syst\u00e9mem, jen\u017ee ty maj\u00ed za \u00fakol zlod\u011bje odradit nebo zpomalit. Abychom byli o naru\u0161en\u00ed objektu v\u010das informov\u00e1n\u00ed, tak k tomu slou\u017e\u00ed elektronick\u00fd zabezpe\u010dovac\u00ed syst\u00e9m.<\/p>\n\n\n\n<p><strong>Elektronick\u00e9 syst\u00e9my zabezpe\u010den\u00ed<\/strong><\/p>\n\n\n\n<p>Elektronick\u00e9 zabezpe\u010dovac\u00ed syst\u00e9my v byt\u011b nebo rodinn\u00e9m dom\u011b rozd\u011blujeme na klasick\u00e9 dr\u00e1tov\u00e9 a bezdr\u00e1tov\u00e9. V prvn\u00edm p\u0159\u00edpad\u011b jsou jednotliv\u00e9 detektory a \u010didla vz\u00e1jemn\u011b propojena vodi\u010di. Instalace dr\u00e1tov\u00e9ho syst\u00e9mu je z tohoto d\u016fvodu n\u00e1ro\u010dn\u011bj\u0161\u00ed a tud\u00ed\u017e dra\u017e\u0161\u00ed. Mont\u00e1\u017e bezdr\u00e1tov\u00fdch syst\u00e9m\u016f je mnohem snadn\u011bj\u0161\u00ed, ale jejich po\u0159izovac\u00ed cena je vy\u0161\u0161\u00ed. Nav\u00edc je t\u0159eba v\u011bnovat pozornost pravideln\u00e9 \u00fadr\u017eb\u011b, co\u017e p\u0159edstavuje minim\u00e1ln\u011b jednou ro\u010dn\u011b v\u00fdm\u011bnu nap\u00e1jec\u00edch bateri\u00ed.<\/p>\n\n\n\n<p>Mozkem zabezpe\u010dovac\u00edho za\u0159\u00edzen\u00ed je elektronick\u00e1 \u00fast\u0159edna, kter\u00e1 vyhodnocuje sign\u00e1ly od v\u0161ech detektor\u016f, ovl\u00e1d\u00e1 GSM v\u00fdstup nebo t\u0159eba dve\u0159n\u00ed biometrick\u00e9 z\u00e1mky. Jednotliv\u00e9 detektory hl\u00eddaj\u00ed prostor, zm\u011bnu tlaku v m\u00edstnostech, rozbit\u00ed skla nebo rozpojen\u00ed oken a dve\u0159\u00ed. Sou\u010d\u00e1st\u00ed komplexn\u00ed ochrany b\u00fdv\u00e1 \u010dasto po\u017e\u00e1rn\u00ed detektor s detektorem plynu. Pokud z domu odch\u00e1z\u00edte jako posledn\u00ed, aktivujete re\u017eim hl\u00edd\u00e1n\u00ed v\u0161ech p\u0159edem ur\u010den\u00fdch p\u0159\u00edstupov\u00fdch cest a m\u00edstnost\u00ed. V p\u0159\u00edpad\u011b, \u017ee jste doma, ale chcete aktivovat ochranu proti vloup\u00e1n\u00ed v dob\u011b, kdy sp\u00edte, aktivuj\u00ed se nap\u0159\u00edklad jen detektory oken a dve\u0159\u00ed. Pokud dojde k naru\u0161en\u00ed hl\u00eddan\u00e9ho prostoru, zabezpe\u010dovac\u00ed \u00fast\u0159edna spust\u00ed sir\u00e9nu a n\u00e1sledn\u011b m\u016f\u017ee poslat informaci o naru\u0161en\u00ed na v\u00e1\u0161 mobiln\u00ed telefon nebo aktivovat poplach na pultu centr\u00e1ln\u00ed ochrany. M\u016f\u017eete nam\u00edtnout, \u017ee ne\u017e k v\u00e1m p\u0159ijede hl\u00eddka, bude d\u016fm kompletn\u011b vykraden. To m\u00e1te sice pravdu, ale pokud budete p\u0159epadeni, je to neoceniteln\u00e1 slu\u017eba.<\/p>\n\n\n\n<p>Elektronick\u00e9 zabezpe\u010dovac\u00ed syst\u00e9my jsou ide\u00e1ln\u00ed v kombinaci s mechanick\u00fdmi z\u00e1brann\u00fdmi syst\u00e9my a dobrou pojistnou smlouvou. Pak m\u016f\u017eete sp\u00e1t s \u010dit\u00fdm sv\u011bdom\u00edm, \u017ee jste pro bezpe\u010dnost sv\u00e9 rodiny a majetku ud\u011blali maximum.<\/p>\n","protected":false},"excerpt":{"rendered":"<p>V \u017eivot\u011b v\u011bt\u0161iny lid\u00ed znamen\u00e1 domov bezpe\u010d\u00ed. Pro mnoh\u00e9 je byt nebo, rodinn\u00fd d\u016fm nav\u00edc m\u00edstem, kde pro\u017eili v\u011bt\u0161inu sv\u00e9ho \u017eivota, je m\u00edstem vzpom\u00ednek, o\u00e1zou klidu a prezentac\u00ed v\u0161eho, \u010deho v profesn\u00edm a osobn\u00edm \u017eivot\u011b dos\u00e1hli. M\u016fj d\u016fm \u2013 m\u016fj hrad, \u0159\u00edk\u00e1 jedno \u010desk\u00e9 p\u0159\u00edslov\u00ed &#8230; Ano, hrady stav\u011bli tak\u00e9 kv\u016fli tomu, aby byly nedobytn\u00e9 [&hellip;]<\/p>\n","protected":false},"author":1,"featured_media":0,"parent":15,"menu_order":20,"comment_status":"closed","ping_status":"closed","template":"","meta":{"footnotes":""},"class_list":["post-1032","page","type-page","status-publish","hentry"],"yoast_head":"<!-- This site is optimized with the Yoast SEO plugin v23.5 - https:\/\/yoast.com\/wordpress\/plugins\/seo\/ -->\n<title>Pro\u010d zabezpe\u010dit domov | kbso.cz<\/title>\n<meta name=\"robots\" content=\"index, follow, max-snippet:-1, max-image-preview:large, max-video-preview:-1\" \/>\n<link rel=\"canonical\" href=\"https:\/\/kbso.cz\/index.php\/zabezpecovaci-systemy-pzts\/proc-zabezpecit-domov\/\" \/>\n<meta property=\"og:locale\" content=\"cs_CZ\" \/>\n<meta property=\"og:type\" content=\"article\" \/>\n<meta property=\"og:title\" content=\"Pro\u010d zabezpe\u010dit domov | kbso.cz\" \/>\n<meta property=\"og:description\" content=\"V \u017eivot\u011b v\u011bt\u0161iny lid\u00ed znamen\u00e1 domov bezpe\u010d\u00ed. Pro mnoh\u00e9 je byt nebo, rodinn\u00fd d\u016fm nav\u00edc m\u00edstem, kde pro\u017eili v\u011bt\u0161inu sv\u00e9ho \u017eivota, je m\u00edstem vzpom\u00ednek, o\u00e1zou klidu a prezentac\u00ed v\u0161eho, \u010deho v profesn\u00edm a osobn\u00edm \u017eivot\u011b dos\u00e1hli. M\u016fj d\u016fm \u2013 m\u016fj hrad, \u0159\u00edk\u00e1 jedno \u010desk\u00e9 p\u0159\u00edslov\u00ed &#8230; Ano, hrady stav\u011bli tak\u00e9 kv\u016fli tomu, aby byly nedobytn\u00e9 [&hellip;]\" \/>\n<meta property=\"og:url\" content=\"https:\/\/kbso.cz\/index.php\/zabezpecovaci-systemy-pzts\/proc-zabezpecit-domov\/\" \/>\n<meta property=\"og:site_name\" content=\"kbso.cz\" \/>\n<meta property=\"article:publisher\" content=\"https:\/\/www.facebook.com\/pages\/Kamerov%c3%a9-a-bezpe%c4%8dnostn%c3%ad-syst%c3%a9my\/103414007977089\" \/>\n<meta property=\"article:modified_time\" content=\"2020-05-15T07:45:17+00:00\" \/>\n<meta name=\"twitter:card\" content=\"summary_large_image\" \/>\n<meta name=\"twitter:label1\" content=\"Odhadovan\u00e1 doba \u010dten\u00ed\" \/>\n\t<meta name=\"twitter:data1\" content=\"8 minut\" \/>\n<script type=\"application\/ld+json\" class=\"yoast-schema-graph\">{\"@context\":\"https:\/\/schema.org\",\"@graph\":[{\"@type\":\"WebPage\",\"@id\":\"https:\/\/kbso.cz\/index.php\/zabezpecovaci-systemy-pzts\/proc-zabezpecit-domov\/\",\"url\":\"https:\/\/kbso.cz\/index.php\/zabezpecovaci-systemy-pzts\/proc-zabezpecit-domov\/\",\"name\":\"Pro\u010d zabezpe\u010dit domov | kbso.cz\",\"isPartOf\":{\"@id\":\"https:\/\/kbso.cz\/#website\"},\"datePublished\":\"2020-04-26T19:06:00+00:00\",\"dateModified\":\"2020-05-15T07:45:17+00:00\",\"breadcrumb\":{\"@id\":\"https:\/\/kbso.cz\/index.php\/zabezpecovaci-systemy-pzts\/proc-zabezpecit-domov\/#breadcrumb\"},\"inLanguage\":\"cs\",\"potentialAction\":[{\"@type\":\"ReadAction\",\"target\":[\"https:\/\/kbso.cz\/index.php\/zabezpecovaci-systemy-pzts\/proc-zabezpecit-domov\/\"]}]},{\"@type\":\"BreadcrumbList\",\"@id\":\"https:\/\/kbso.cz\/index.php\/zabezpecovaci-systemy-pzts\/proc-zabezpecit-domov\/#breadcrumb\",\"itemListElement\":[{\"@type\":\"ListItem\",\"position\":1,\"name\":\"Dom\u016f\",\"item\":\"https:\/\/kbso.cz\/\"},{\"@type\":\"ListItem\",\"position\":2,\"name\":\"Zabezpe\u010dovac\u00ed syst\u00e9my (PZTS)\",\"item\":\"https:\/\/kbso.cz\/index.php\/zabezpecovaci-systemy-pzts\/\"},{\"@type\":\"ListItem\",\"position\":3,\"name\":\"Pro\u010d zabezpe\u010dit domov\"}]},{\"@type\":\"WebSite\",\"@id\":\"https:\/\/kbso.cz\/#website\",\"url\":\"https:\/\/kbso.cz\/\",\"name\":\"kbso.cz\",\"description\":\"Kamerov\u00e9 a bezpe\u010dnostn\u00ed syst\u00e9my Ostrava\",\"publisher\":{\"@id\":\"https:\/\/kbso.cz\/#organization\"},\"potentialAction\":[{\"@type\":\"SearchAction\",\"target\":{\"@type\":\"EntryPoint\",\"urlTemplate\":\"https:\/\/kbso.cz\/?s={search_term_string}\"},\"query-input\":{\"@type\":\"PropertyValueSpecification\",\"valueRequired\":true,\"valueName\":\"search_term_string\"}}],\"inLanguage\":\"cs\"},{\"@type\":\"Organization\",\"@id\":\"https:\/\/kbso.cz\/#organization\",\"name\":\"Kamerov\u00e9 a bezpe\u010dnostn\u00ed syst\u00e9my - faMartin Ho\u0159\u010dica\",\"url\":\"https:\/\/kbso.cz\/\",\"logo\":{\"@type\":\"ImageObject\",\"inLanguage\":\"cs\",\"@id\":\"https:\/\/kbso.cz\/#\/schema\/logo\/image\/\",\"url\":\"http:\/\/kbso.cz\/wp-content\/uploads\/2020\/04\/logo-kbso.jpg\",\"contentUrl\":\"http:\/\/kbso.cz\/wp-content\/uploads\/2020\/04\/logo-kbso.jpg\",\"width\":500,\"height\":91,\"caption\":\"Kamerov\u00e9 a bezpe\u010dnostn\u00ed syst\u00e9my - faMartin Ho\u0159\u010dica\"},\"image\":{\"@id\":\"https:\/\/kbso.cz\/#\/schema\/logo\/image\/\"},\"sameAs\":[\"https:\/\/www.facebook.com\/pages\/Kamerov\u00e9-a-bezpe\u010dnostn\u00ed-syst\u00e9my\/103414007977089\"]}]}<\/script>\n<!-- \/ Yoast SEO plugin. -->","yoast_head_json":{"title":"Pro\u010d zabezpe\u010dit domov | kbso.cz","robots":{"index":"index","follow":"follow","max-snippet":"max-snippet:-1","max-image-preview":"max-image-preview:large","max-video-preview":"max-video-preview:-1"},"canonical":"https:\/\/kbso.cz\/index.php\/zabezpecovaci-systemy-pzts\/proc-zabezpecit-domov\/","og_locale":"cs_CZ","og_type":"article","og_title":"Pro\u010d zabezpe\u010dit domov | kbso.cz","og_description":"V \u017eivot\u011b v\u011bt\u0161iny lid\u00ed znamen\u00e1 domov bezpe\u010d\u00ed. Pro mnoh\u00e9 je byt nebo, rodinn\u00fd d\u016fm nav\u00edc m\u00edstem, kde pro\u017eili v\u011bt\u0161inu sv\u00e9ho \u017eivota, je m\u00edstem vzpom\u00ednek, o\u00e1zou klidu a prezentac\u00ed v\u0161eho, \u010deho v profesn\u00edm a osobn\u00edm \u017eivot\u011b dos\u00e1hli. M\u016fj d\u016fm \u2013 m\u016fj hrad, \u0159\u00edk\u00e1 jedno \u010desk\u00e9 p\u0159\u00edslov\u00ed &#8230; Ano, hrady stav\u011bli tak\u00e9 kv\u016fli tomu, aby byly nedobytn\u00e9 [&hellip;]","og_url":"https:\/\/kbso.cz\/index.php\/zabezpecovaci-systemy-pzts\/proc-zabezpecit-domov\/","og_site_name":"kbso.cz","article_publisher":"https:\/\/www.facebook.com\/pages\/Kamerov%c3%a9-a-bezpe%c4%8dnostn%c3%ad-syst%c3%a9my\/103414007977089","article_modified_time":"2020-05-15T07:45:17+00:00","twitter_card":"summary_large_image","twitter_misc":{"Odhadovan\u00e1 doba \u010dten\u00ed":"8 minut"},"schema":{"@context":"https:\/\/schema.org","@graph":[{"@type":"WebPage","@id":"https:\/\/kbso.cz\/index.php\/zabezpecovaci-systemy-pzts\/proc-zabezpecit-domov\/","url":"https:\/\/kbso.cz\/index.php\/zabezpecovaci-systemy-pzts\/proc-zabezpecit-domov\/","name":"Pro\u010d zabezpe\u010dit domov | kbso.cz","isPartOf":{"@id":"https:\/\/kbso.cz\/#website"},"datePublished":"2020-04-26T19:06:00+00:00","dateModified":"2020-05-15T07:45:17+00:00","breadcrumb":{"@id":"https:\/\/kbso.cz\/index.php\/zabezpecovaci-systemy-pzts\/proc-zabezpecit-domov\/#breadcrumb"},"inLanguage":"cs","potentialAction":[{"@type":"ReadAction","target":["https:\/\/kbso.cz\/index.php\/zabezpecovaci-systemy-pzts\/proc-zabezpecit-domov\/"]}]},{"@type":"BreadcrumbList","@id":"https:\/\/kbso.cz\/index.php\/zabezpecovaci-systemy-pzts\/proc-zabezpecit-domov\/#breadcrumb","itemListElement":[{"@type":"ListItem","position":1,"name":"Dom\u016f","item":"https:\/\/kbso.cz\/"},{"@type":"ListItem","position":2,"name":"Zabezpe\u010dovac\u00ed syst\u00e9my (PZTS)","item":"https:\/\/kbso.cz\/index.php\/zabezpecovaci-systemy-pzts\/"},{"@type":"ListItem","position":3,"name":"Pro\u010d zabezpe\u010dit domov"}]},{"@type":"WebSite","@id":"https:\/\/kbso.cz\/#website","url":"https:\/\/kbso.cz\/","name":"kbso.cz","description":"Kamerov\u00e9 a bezpe\u010dnostn\u00ed syst\u00e9my Ostrava","publisher":{"@id":"https:\/\/kbso.cz\/#organization"},"potentialAction":[{"@type":"SearchAction","target":{"@type":"EntryPoint","urlTemplate":"https:\/\/kbso.cz\/?s={search_term_string}"},"query-input":{"@type":"PropertyValueSpecification","valueRequired":true,"valueName":"search_term_string"}}],"inLanguage":"cs"},{"@type":"Organization","@id":"https:\/\/kbso.cz\/#organization","name":"Kamerov\u00e9 a bezpe\u010dnostn\u00ed syst\u00e9my - faMartin Ho\u0159\u010dica","url":"https:\/\/kbso.cz\/","logo":{"@type":"ImageObject","inLanguage":"cs","@id":"https:\/\/kbso.cz\/#\/schema\/logo\/image\/","url":"http:\/\/kbso.cz\/wp-content\/uploads\/2020\/04\/logo-kbso.jpg","contentUrl":"http:\/\/kbso.cz\/wp-content\/uploads\/2020\/04\/logo-kbso.jpg","width":500,"height":91,"caption":"Kamerov\u00e9 a bezpe\u010dnostn\u00ed syst\u00e9my - faMartin Ho\u0159\u010dica"},"image":{"@id":"https:\/\/kbso.cz\/#\/schema\/logo\/image\/"},"sameAs":["https:\/\/www.facebook.com\/pages\/Kamerov\u00e9-a-bezpe\u010dnostn\u00ed-syst\u00e9my\/103414007977089"]}]}},"_links":{"self":[{"href":"https:\/\/kbso.cz\/index.php\/wp-json\/wp\/v2\/pages\/1032","targetHints":{"allow":["GET"]}}],"collection":[{"href":"https:\/\/kbso.cz\/index.php\/wp-json\/wp\/v2\/pages"}],"about":[{"href":"https:\/\/kbso.cz\/index.php\/wp-json\/wp\/v2\/types\/page"}],"author":[{"embeddable":true,"href":"https:\/\/kbso.cz\/index.php\/wp-json\/wp\/v2\/users\/1"}],"replies":[{"embeddable":true,"href":"https:\/\/kbso.cz\/index.php\/wp-json\/wp\/v2\/comments?post=1032"}],"version-history":[{"count":2,"href":"https:\/\/kbso.cz\/index.php\/wp-json\/wp\/v2\/pages\/1032\/revisions"}],"predecessor-version":[{"id":1162,"href":"https:\/\/kbso.cz\/index.php\/wp-json\/wp\/v2\/pages\/1032\/revisions\/1162"}],"up":[{"embeddable":true,"href":"https:\/\/kbso.cz\/index.php\/wp-json\/wp\/v2\/pages\/15"}],"wp:attachment":[{"href":"https:\/\/kbso.cz\/index.php\/wp-json\/wp\/v2\/media?parent=1032"}],"curies":[{"name":"wp","href":"https:\/\/api.w.org\/{rel}","templated":true}]}}