{"id":1030,"date":"2020-04-26T21:05:43","date_gmt":"2020-04-26T19:05:43","guid":{"rendered":"http:\/\/kbso.cz\/?page_id=1030"},"modified":"2020-05-15T09:44:31","modified_gmt":"2020-05-15T07:44:31","slug":"alarmy-do-domu","status":"publish","type":"page","link":"https:\/\/kbso.cz\/index.php\/zabezpecovaci-systemy-pzts\/alarmy-do-domu\/","title":{"rendered":"Alarmy do dom\u016f"},"content":{"rendered":"\n<p><strong>Alarmy do domu &#8211; v\u00fdb\u011br a druhy<\/strong><\/p>\n\n\n\n<p>\u0160et\u0159ili jste si n\u011bkolik let na V\u00e1\u0161 vysn\u011bn\u00fd d\u016fm, je tedy pochopiteln\u00e9, \u017ee chcete m\u00edt jistotu jeho ochrany p\u0159ed zlod\u011bji a vandaly, kte\u0159\u00ed se r\u00e1di vloup\u00e1vaj\u00ed do dom\u016f. Modern\u00ed bytov\u00e9 alarmy p\u0159edstavuj\u00ed pomocn\u00edka, kter\u00fd pom\u016f\u017ee spolehliv\u011b ochr\u00e1nit V\u00e1\u0161 majetek. Elektronick\u00e9 zabezpe\u010den\u00ed a kamerov\u00e9 syst\u00e9my p\u0159edstavuj\u00ed v sou\u010dasn\u00e9 dob\u011b nejlep\u0161\u00ed ochranu p\u0159ed zlod\u011bji a vandaly. Pro kvalitn\u00ed zabezpe\u010den\u00ed domu i zabezpe\u010den\u00ed bytu se nej\u010dast\u011bji instaluje alarm a kamery. P\u0159i zabezpe\u010den\u00ed domu je vhodn\u00e9 uva\u017eovat i o zabezpe\u010den\u00ed venkovn\u00edch prostor.<\/p>\n\n\n\n<p>Zabezpe\u010dovac\u00ed syst\u00e9my pro domy, byty jsou ji\u017e i v bezdr\u00e1tov\u00e9 (radiov\u00e9) variant\u011b. P\u0159i zabezpe\u010den\u00ed domu je mnohdy zabezpe\u010dovac\u00ed za\u0159\u00edzen\u00ed vhodn\u00e9 instalovat pomoc\u00ed kabel\u016f. Alarmy a kamerov\u00e9 syst\u00e9my potom nepot\u0159ebuj\u00ed m\u011bnit baterie, proto\u017ee alarm i kamerov\u00fd syst\u00e9m je napojen na elektrick\u00fd rozvod v dom\u011b, bytu. Bezpe\u010dnostn\u00ed syst\u00e9my a zabezpe\u010dovac\u00ed technika pro st\u0159e\u017een\u00ed venkovn\u00edch prostor obsahuj\u00ed zabezpe\u010dovac\u00ed za\u0159\u00edzen\u00ed a bezpe\u010dnostn\u00ed \u010didla i detektory, kter\u00e9 jsou vodot\u011bsn\u00e9 a upraven\u00e9 tak, aby zbyte\u010dn\u011b nevyvol\u00e1valy fale\u0161n\u00e9 alarmy.<\/p>\n\n\n\n<p><strong>Zabezpe\u010dovac\u00ed syst\u00e9my sou\u010dasnosti<\/strong><\/p>\n\n\n\n<p>Alarmy se za posledn\u00ed desetilet\u00ed staly b\u011b\u017enou sou\u010d\u00e1st\u00ed vybaven\u00ed firem, ale i dom\u00e1cnost\u00ed. Jejich funkce nekon\u010d\u00ed u zji\u0161t\u011bn\u00ed p\u0159\u00edpadn\u00e9ho pachatele, vandala, ale umo\u017e\u0148uj\u00ed tak\u00e9 sp\u00ednat topen\u00ed pomoc\u00ed SMS zpr\u00e1vy, informovat o z\u00e1plav\u011b v objektu nebo kontrolovat p\u0159\u00edchod i odchod d\u011bt\u00ed do \u0161koly.<\/p>\n\n\n\n<p><strong>D\u016fvody, pro\u010d si nechat instalovat alarm do domu<\/strong><\/p>\n\n\n\n<ul class=\"wp-block-list\"><li>Ochrana majetku a ochrana osob je v sou\u010dasn\u00e9 dob\u011b velmi pot\u0159ebn\u00e1, vzhledem k rostouc\u00ed kriminalit\u011b.<\/li><li>Pocit bezpe\u010d\u00ed a jistoty.<\/li><\/ul>\n\n\n\n<p><strong>Co V\u00e1m zajist\u00ed spolehlivou ochranu domu<\/strong><\/p>\n\n\n\n<p>Pouze kvalitn\u00ed zabezpe\u010dovac\u00ed syst\u00e9my a jejich odborn\u00e1 instalace v\u00e1m zajist\u00ed spolehliv\u00e9 zabezpe\u010den\u00ed va\u0161eho majetku. Alarmy do domu dnes nahrazuj\u00ed klasick\u00e9 vyvol\u00e1n\u00ed poplachu pomoc\u00ed sir\u00e9ny p\u0159i napaden\u00ed nemovitosti. Jedn\u00e1 se o signalizaci poplachu p\u0159es p\u0159enosov\u00e9 za\u0159\u00edzen\u00ed sm\u011brem k majiteli na mobiln\u00ed telefon \u010di na pult centr\u00e1ln\u00ed ochrany n\u011bkter\u00e9 z bezpe\u010dnostn\u00edch agentur. V p\u0159\u00edpad\u011b napaden\u00ed vyj\u00ed\u017ed\u00ed na m\u00edsto speci\u00e1ln\u00ed z\u00e1sahov\u00e1 jednotka hl\u00eddac\u00ed agentury. P\u0159enos na pult je pomoc\u00ed telefonn\u00ed linky, GSM s\u00edt\u011b, r\u00e1diov\u00e9 linky atd.<\/p>\n\n\n\n<p><strong>Vyb\u00edrejte kvalitn\u00ed zabezpe\u010dovac\u00ed syst\u00e9m<\/strong><\/p>\n\n\n\n<p>N\u011bkte\u0159\u00ed z\u00e1kazn\u00edci \u017e\u00e1daj\u00ed od firem, prodejc\u016f elektronick\u00e9 zabezpe\u010den\u00ed a\u017e pot\u00e9, co byly vykradeni. N\u00e1sledn\u011b pak narychlo hledaj\u00ed &#8222;n\u011bjak\u00fd&#8220; elektronick\u00fd zabezpe\u010dovac\u00ed syst\u00e9m na trhu, kter\u00fd je ve v\u011bt\u0161in\u011b p\u0159\u00edpad\u016f nespolehliv\u00fd. To se bohu\u017eel projev\u00ed po kr\u00e1tk\u00e9m \u010dase, kdy zabezpe\u010dovac\u00ed syst\u00e9m za\u010dne nap\u0159\u00edklad fale\u0161n\u011b informovat u\u017eivatele o stavu syst\u00e9mu plan\u00fdmi poplachy.<\/p>\n\n\n\n<p><strong>Parametry, podle kter\u00fdch vyb\u00edrat alarm do domu<\/strong><\/p>\n\n\n\n<ul class=\"wp-block-list\"><li>O jak\u00fd typ zabezpe\u010dovac\u00edho za\u0159\u00edzen\u00ed m\u00e1te z\u00e1jem &#8211; alarm do domu, alarm do bytu, zabezpe\u010den\u00ed chaty, chalupy, gar\u00e1\u017ee aj.<\/li><li>Klasick\u00fd dr\u00e1tov\u00fd nebo bezdr\u00e1tov\u00fd zabezpe\u010dovac\u00ed syst\u00e9m.<\/li><li>Zabezpe\u010den\u00ed cel\u00e9ho objektu nebo pouze vybran\u00fdch m\u00edstnost\u00ed, pater.<\/li><li>Po\u010det pohybov\u00fdch detektor\u016f pro objekt &#8211; po\u010d\u00edtejte s t\u00edm, co m\u00edstnost, to jedenpohybov\u00fd detektor. Dosah detektoru je zhruba 13 m a \u00fahel z\u00e1b\u011bru 110\u00b0.<\/li><li>Po\u010det vstup\u016f do domu &#8211; po\u010det vyu\u017e\u00edvan\u00fdch vstup\u016f je shodn\u00fd pot\u00e9 s po\u010dtem kl\u00e1vesnicVa\u0161eho zabezpe\u010dovac\u00edho za\u0159\u00edzen\u00ed.<\/li><li>Zp\u016fsob komunikace zabezpe\u010dovac\u00edho za\u0159\u00edzen\u00ed &#8211; sir\u00e9na, p\u0159enesen\u00ed poplachu na pult centralizovan\u00e9 ochrany, posl\u00e1n\u00ed SMS zpr\u00e1vy na mobil, kombinace jednotliv\u00fdchkomunikac\u00ed aj.<\/li><li>Mo\u017enost p\u0159ipojen\u00ed alarmu na pult centralizovan\u00e9 ochrany.<\/li><\/ul>\n\n\n\n<p><strong>Druhy alarmu<\/strong><\/p>\n\n\n\n<ul class=\"wp-block-list\"><li>Klasick\u00fd dr\u00e1tov\u00fd alarm &#8211; jedn\u00e1 se o zabezpe\u010dovac\u00ed za\u0159\u00edzen\u00ed, kdy jsou navz\u00e1jem propojeny kabely, kter\u00fdmi se p\u0159en\u00e1\u0161\u00ed nap\u00e1jec\u00ed nap\u011bt\u00ed a ve\u0161ker\u00e9 informace. Klasick\u00e9 dr\u00e1tov\u00e9 alarmy jsou v\u011bt\u0161inou levn\u011bj\u0161\u00ed ne\u017e bezdr\u00e1tov\u00e9 alarmy, ov\u0161em na druhou stranuse prodra\u017e\u00ed jejich instalace kabel\u00e1\u017ee a zapojen\u00ed detektor\u016f. P\u0159i klasick\u00e9m alarmum\u016f\u017eete kombinovat komponenty n\u011bkolika v\u00fdrobc\u016f v jedn\u00e9 instalaci. V\u00fdhodouklasick\u00e9ho alarmu je to, \u017ee nemus\u00edte myslet na v\u010dasnou v\u00fdm\u011bnu bateri\u00ed ve sn\u00edma\u010di.Na druhou stranu je v\u0161ak zapot\u0159eb\u00ed nechat si prov\u00e1d\u011bt preventivn\u00ed prohl\u00eddky zabezpe\u010dovac\u00edho syst\u00e9mu.<\/li><li>Bezdr\u00e1tov\u00fd alarm &#8211; tyto alarmy mezi sebou komunikuj\u00ed r\u00e1diov\u011b. Sn\u00edma\u010de jsou nap\u00e1jeny z bateri\u00ed. Instalace bezdr\u00e1tov\u00e9ho alarmu je rychl\u00e1, \u010dist\u00e1, levn\u00e1. V\u00fdsledn\u00fd vzhled interi\u00e9ru nen\u00ed nijak naru\u0161en instala\u010dn\u00edmi li\u0161tami. Bezdr\u00e1tov\u00e9 alarmy maj\u00ed tak\u00e9 tu v\u00fdhodu, \u017ee p\u0159i Va\u0161em p\u0159est\u011bhov\u00e1n\u00ed, si m\u016f\u017eete vz\u00edt zabezpe\u010dovac\u00ed syst\u00e9m jednodu\u0161e s sebou, do nov\u00e9ho domu, bytu. Je v\u0161ak t\u0159eba po\u010d\u00edtat, pokud se rozhodnete pro bezdr\u00e1tov\u00e9 alarmy, \u017ee mus\u00edte v\u010das a pravideln\u011b m\u011bnit baterie.<\/li><\/ul>\n\n\n\n<p><strong>V\u00fdhody alarmu do domu<\/strong><\/p>\n\n\n\n<ul class=\"wp-block-list\"><li>Zabezpe\u010den\u00ed domu proti zlod\u011bj\u016fm, vandal\u016fm.<\/li><li>Instalace alarmu v dom\u011b je rychl\u00e1.<\/li><li>Snadn\u00e1 obsluha alarmu.<\/li><li>Zabezpe\u010den\u00e1 nemovitost alarmem v\u011bt\u0161inou odrad\u00ed zlod\u011bje a vandaly od nezvan\u00e9 n\u00e1v\u0161t\u011bvy.<\/li><li>Syst\u00e9m V\u00e1m pos\u00edl\u00e1 pomoc\u00ed SMS hl\u00e1\u0161en\u00ed o stavu objektu v dob\u011b Va\u0161\u00ed nep\u0159\u00edtomnosti.<\/li><li>Alarm lze napojit na pult centralizovan\u00e9 ochrany.<\/li><li>Poji\u0161\u0165ovny zohled\u0148uj\u00ed i p\u0159i vznikl\u00e9 \u0161kod\u011b fakt, zda jste m\u011bli nebo nem\u011bli nainstalov\u00e1n alarm.<\/li><\/ul>\n\n\n\n<p><strong>Alarm &amp; cena<\/strong><\/p>\n\n\n\n<p>V sou\u010dasn\u00e9 dob\u011b ji\u017e alarmy nejsou \u0159e\u0161en\u00edm pouze pro movit\u00e9, jsou cenov\u011b dostupn\u00e9 skute\u010dn\u011b ka\u017ed\u00e9mu. Cena se odv\u00edj\u00ed od po\u010dtu \u010didel, a to, zda je pou\u017eit klasick\u00fd nebo bezdr\u00e1tov\u00fd alarm. Vhodn\u00e1 doba pro namontov\u00e1n\u00ed alarmu do domu V p\u0159\u00edpad\u011b, \u017ee jste ve f\u00e1zi stav\u011bn\u00ed, respektive dokon\u010dov\u00e1n\u00ed domu, je ide\u00e1ln\u00edm za\u010d\u00e1tkem mont\u00e1\u017ee alarmu do domu v okam\u017eiku mont\u00e1\u017ee silnoproudu. Jednotliv\u00e9 komponenty pro alarm do domu jsou tak propojeny kabelem pod om\u00edtkou. Alarm od domu m\u00e1 poplachov\u00e9 v\u00fdstupy houka\u010dku nebo napojen\u00ed na pult centralizovan\u00e9 ochrany, nebo kombinace obou. Alarm do domu dok\u00e1\u017ee tak\u00e9 chr\u00e1nit, otev\u00edrat gar\u00e1\u017eov\u00e1 i vjezdov\u00e1 vrata. V p\u0159\u00edpad\u011b, \u017ee jste se nast\u011bhovali do ji\u017e hotov\u00e9ho domu, nebo jste se rozhodli pro alarm domu, a\u017e po jeho stavb\u011b, nevad\u00ed, pou\u017eijte bezdr\u00e1tov\u00fd syst\u00e9m.<\/p>\n","protected":false},"excerpt":{"rendered":"<p>Alarmy do domu &#8211; v\u00fdb\u011br a druhy \u0160et\u0159ili jste si n\u011bkolik let na V\u00e1\u0161 vysn\u011bn\u00fd d\u016fm, je tedy pochopiteln\u00e9, \u017ee chcete m\u00edt jistotu jeho ochrany p\u0159ed zlod\u011bji a vandaly, kte\u0159\u00ed se r\u00e1di vloup\u00e1vaj\u00ed do dom\u016f. Modern\u00ed bytov\u00e9 alarmy p\u0159edstavuj\u00ed pomocn\u00edka, kter\u00fd pom\u016f\u017ee spolehliv\u011b ochr\u00e1nit V\u00e1\u0161 majetek. Elektronick\u00e9 zabezpe\u010den\u00ed a kamerov\u00e9 syst\u00e9my p\u0159edstavuj\u00ed v sou\u010dasn\u00e9 dob\u011b [&hellip;]<\/p>\n","protected":false},"author":1,"featured_media":0,"parent":15,"menu_order":10,"comment_status":"closed","ping_status":"closed","template":"","meta":{"footnotes":""},"class_list":["post-1030","page","type-page","status-publish","hentry"],"yoast_head":"<!-- This site is optimized with the Yoast SEO plugin v23.5 - https:\/\/yoast.com\/wordpress\/plugins\/seo\/ -->\n<title>Alarmy do dom\u016f | kbso.cz<\/title>\n<meta name=\"robots\" content=\"index, follow, max-snippet:-1, max-image-preview:large, max-video-preview:-1\" \/>\n<link rel=\"canonical\" href=\"https:\/\/kbso.cz\/index.php\/zabezpecovaci-systemy-pzts\/alarmy-do-domu\/\" \/>\n<meta property=\"og:locale\" content=\"cs_CZ\" \/>\n<meta property=\"og:type\" content=\"article\" \/>\n<meta property=\"og:title\" content=\"Alarmy do dom\u016f | kbso.cz\" \/>\n<meta property=\"og:description\" content=\"Alarmy do domu &#8211; v\u00fdb\u011br a druhy \u0160et\u0159ili jste si n\u011bkolik let na V\u00e1\u0161 vysn\u011bn\u00fd d\u016fm, je tedy pochopiteln\u00e9, \u017ee chcete m\u00edt jistotu jeho ochrany p\u0159ed zlod\u011bji a vandaly, kte\u0159\u00ed se r\u00e1di vloup\u00e1vaj\u00ed do dom\u016f. Modern\u00ed bytov\u00e9 alarmy p\u0159edstavuj\u00ed pomocn\u00edka, kter\u00fd pom\u016f\u017ee spolehliv\u011b ochr\u00e1nit V\u00e1\u0161 majetek. Elektronick\u00e9 zabezpe\u010den\u00ed a kamerov\u00e9 syst\u00e9my p\u0159edstavuj\u00ed v sou\u010dasn\u00e9 dob\u011b [&hellip;]\" \/>\n<meta property=\"og:url\" content=\"https:\/\/kbso.cz\/index.php\/zabezpecovaci-systemy-pzts\/alarmy-do-domu\/\" \/>\n<meta property=\"og:site_name\" content=\"kbso.cz\" \/>\n<meta property=\"article:publisher\" content=\"https:\/\/www.facebook.com\/pages\/Kamerov%c3%a9-a-bezpe%c4%8dnostn%c3%ad-syst%c3%a9my\/103414007977089\" \/>\n<meta property=\"article:modified_time\" content=\"2020-05-15T07:44:31+00:00\" \/>\n<meta name=\"twitter:card\" content=\"summary_large_image\" \/>\n<meta name=\"twitter:label1\" content=\"Odhadovan\u00e1 doba \u010dten\u00ed\" \/>\n\t<meta name=\"twitter:data1\" content=\"6 minut\" \/>\n<script type=\"application\/ld+json\" class=\"yoast-schema-graph\">{\"@context\":\"https:\/\/schema.org\",\"@graph\":[{\"@type\":\"WebPage\",\"@id\":\"https:\/\/kbso.cz\/index.php\/zabezpecovaci-systemy-pzts\/alarmy-do-domu\/\",\"url\":\"https:\/\/kbso.cz\/index.php\/zabezpecovaci-systemy-pzts\/alarmy-do-domu\/\",\"name\":\"Alarmy do dom\u016f | kbso.cz\",\"isPartOf\":{\"@id\":\"https:\/\/kbso.cz\/#website\"},\"datePublished\":\"2020-04-26T19:05:43+00:00\",\"dateModified\":\"2020-05-15T07:44:31+00:00\",\"breadcrumb\":{\"@id\":\"https:\/\/kbso.cz\/index.php\/zabezpecovaci-systemy-pzts\/alarmy-do-domu\/#breadcrumb\"},\"inLanguage\":\"cs\",\"potentialAction\":[{\"@type\":\"ReadAction\",\"target\":[\"https:\/\/kbso.cz\/index.php\/zabezpecovaci-systemy-pzts\/alarmy-do-domu\/\"]}]},{\"@type\":\"BreadcrumbList\",\"@id\":\"https:\/\/kbso.cz\/index.php\/zabezpecovaci-systemy-pzts\/alarmy-do-domu\/#breadcrumb\",\"itemListElement\":[{\"@type\":\"ListItem\",\"position\":1,\"name\":\"Dom\u016f\",\"item\":\"https:\/\/kbso.cz\/\"},{\"@type\":\"ListItem\",\"position\":2,\"name\":\"Zabezpe\u010dovac\u00ed syst\u00e9my (PZTS)\",\"item\":\"https:\/\/kbso.cz\/index.php\/zabezpecovaci-systemy-pzts\/\"},{\"@type\":\"ListItem\",\"position\":3,\"name\":\"Alarmy do dom\u016f\"}]},{\"@type\":\"WebSite\",\"@id\":\"https:\/\/kbso.cz\/#website\",\"url\":\"https:\/\/kbso.cz\/\",\"name\":\"kbso.cz\",\"description\":\"Kamerov\u00e9 a bezpe\u010dnostn\u00ed syst\u00e9my Ostrava\",\"publisher\":{\"@id\":\"https:\/\/kbso.cz\/#organization\"},\"potentialAction\":[{\"@type\":\"SearchAction\",\"target\":{\"@type\":\"EntryPoint\",\"urlTemplate\":\"https:\/\/kbso.cz\/?s={search_term_string}\"},\"query-input\":{\"@type\":\"PropertyValueSpecification\",\"valueRequired\":true,\"valueName\":\"search_term_string\"}}],\"inLanguage\":\"cs\"},{\"@type\":\"Organization\",\"@id\":\"https:\/\/kbso.cz\/#organization\",\"name\":\"Kamerov\u00e9 a bezpe\u010dnostn\u00ed syst\u00e9my - faMartin Ho\u0159\u010dica\",\"url\":\"https:\/\/kbso.cz\/\",\"logo\":{\"@type\":\"ImageObject\",\"inLanguage\":\"cs\",\"@id\":\"https:\/\/kbso.cz\/#\/schema\/logo\/image\/\",\"url\":\"http:\/\/kbso.cz\/wp-content\/uploads\/2020\/04\/logo-kbso.jpg\",\"contentUrl\":\"http:\/\/kbso.cz\/wp-content\/uploads\/2020\/04\/logo-kbso.jpg\",\"width\":500,\"height\":91,\"caption\":\"Kamerov\u00e9 a bezpe\u010dnostn\u00ed syst\u00e9my - faMartin Ho\u0159\u010dica\"},\"image\":{\"@id\":\"https:\/\/kbso.cz\/#\/schema\/logo\/image\/\"},\"sameAs\":[\"https:\/\/www.facebook.com\/pages\/Kamerov\u00e9-a-bezpe\u010dnostn\u00ed-syst\u00e9my\/103414007977089\"]}]}<\/script>\n<!-- \/ Yoast SEO plugin. -->","yoast_head_json":{"title":"Alarmy do dom\u016f | kbso.cz","robots":{"index":"index","follow":"follow","max-snippet":"max-snippet:-1","max-image-preview":"max-image-preview:large","max-video-preview":"max-video-preview:-1"},"canonical":"https:\/\/kbso.cz\/index.php\/zabezpecovaci-systemy-pzts\/alarmy-do-domu\/","og_locale":"cs_CZ","og_type":"article","og_title":"Alarmy do dom\u016f | kbso.cz","og_description":"Alarmy do domu &#8211; v\u00fdb\u011br a druhy \u0160et\u0159ili jste si n\u011bkolik let na V\u00e1\u0161 vysn\u011bn\u00fd d\u016fm, je tedy pochopiteln\u00e9, \u017ee chcete m\u00edt jistotu jeho ochrany p\u0159ed zlod\u011bji a vandaly, kte\u0159\u00ed se r\u00e1di vloup\u00e1vaj\u00ed do dom\u016f. Modern\u00ed bytov\u00e9 alarmy p\u0159edstavuj\u00ed pomocn\u00edka, kter\u00fd pom\u016f\u017ee spolehliv\u011b ochr\u00e1nit V\u00e1\u0161 majetek. Elektronick\u00e9 zabezpe\u010den\u00ed a kamerov\u00e9 syst\u00e9my p\u0159edstavuj\u00ed v sou\u010dasn\u00e9 dob\u011b [&hellip;]","og_url":"https:\/\/kbso.cz\/index.php\/zabezpecovaci-systemy-pzts\/alarmy-do-domu\/","og_site_name":"kbso.cz","article_publisher":"https:\/\/www.facebook.com\/pages\/Kamerov%c3%a9-a-bezpe%c4%8dnostn%c3%ad-syst%c3%a9my\/103414007977089","article_modified_time":"2020-05-15T07:44:31+00:00","twitter_card":"summary_large_image","twitter_misc":{"Odhadovan\u00e1 doba \u010dten\u00ed":"6 minut"},"schema":{"@context":"https:\/\/schema.org","@graph":[{"@type":"WebPage","@id":"https:\/\/kbso.cz\/index.php\/zabezpecovaci-systemy-pzts\/alarmy-do-domu\/","url":"https:\/\/kbso.cz\/index.php\/zabezpecovaci-systemy-pzts\/alarmy-do-domu\/","name":"Alarmy do dom\u016f | kbso.cz","isPartOf":{"@id":"https:\/\/kbso.cz\/#website"},"datePublished":"2020-04-26T19:05:43+00:00","dateModified":"2020-05-15T07:44:31+00:00","breadcrumb":{"@id":"https:\/\/kbso.cz\/index.php\/zabezpecovaci-systemy-pzts\/alarmy-do-domu\/#breadcrumb"},"inLanguage":"cs","potentialAction":[{"@type":"ReadAction","target":["https:\/\/kbso.cz\/index.php\/zabezpecovaci-systemy-pzts\/alarmy-do-domu\/"]}]},{"@type":"BreadcrumbList","@id":"https:\/\/kbso.cz\/index.php\/zabezpecovaci-systemy-pzts\/alarmy-do-domu\/#breadcrumb","itemListElement":[{"@type":"ListItem","position":1,"name":"Dom\u016f","item":"https:\/\/kbso.cz\/"},{"@type":"ListItem","position":2,"name":"Zabezpe\u010dovac\u00ed syst\u00e9my (PZTS)","item":"https:\/\/kbso.cz\/index.php\/zabezpecovaci-systemy-pzts\/"},{"@type":"ListItem","position":3,"name":"Alarmy do dom\u016f"}]},{"@type":"WebSite","@id":"https:\/\/kbso.cz\/#website","url":"https:\/\/kbso.cz\/","name":"kbso.cz","description":"Kamerov\u00e9 a bezpe\u010dnostn\u00ed syst\u00e9my Ostrava","publisher":{"@id":"https:\/\/kbso.cz\/#organization"},"potentialAction":[{"@type":"SearchAction","target":{"@type":"EntryPoint","urlTemplate":"https:\/\/kbso.cz\/?s={search_term_string}"},"query-input":{"@type":"PropertyValueSpecification","valueRequired":true,"valueName":"search_term_string"}}],"inLanguage":"cs"},{"@type":"Organization","@id":"https:\/\/kbso.cz\/#organization","name":"Kamerov\u00e9 a bezpe\u010dnostn\u00ed syst\u00e9my - faMartin Ho\u0159\u010dica","url":"https:\/\/kbso.cz\/","logo":{"@type":"ImageObject","inLanguage":"cs","@id":"https:\/\/kbso.cz\/#\/schema\/logo\/image\/","url":"http:\/\/kbso.cz\/wp-content\/uploads\/2020\/04\/logo-kbso.jpg","contentUrl":"http:\/\/kbso.cz\/wp-content\/uploads\/2020\/04\/logo-kbso.jpg","width":500,"height":91,"caption":"Kamerov\u00e9 a bezpe\u010dnostn\u00ed syst\u00e9my - faMartin Ho\u0159\u010dica"},"image":{"@id":"https:\/\/kbso.cz\/#\/schema\/logo\/image\/"},"sameAs":["https:\/\/www.facebook.com\/pages\/Kamerov\u00e9-a-bezpe\u010dnostn\u00ed-syst\u00e9my\/103414007977089"]}]}},"_links":{"self":[{"href":"https:\/\/kbso.cz\/index.php\/wp-json\/wp\/v2\/pages\/1030","targetHints":{"allow":["GET"]}}],"collection":[{"href":"https:\/\/kbso.cz\/index.php\/wp-json\/wp\/v2\/pages"}],"about":[{"href":"https:\/\/kbso.cz\/index.php\/wp-json\/wp\/v2\/types\/page"}],"author":[{"embeddable":true,"href":"https:\/\/kbso.cz\/index.php\/wp-json\/wp\/v2\/users\/1"}],"replies":[{"embeddable":true,"href":"https:\/\/kbso.cz\/index.php\/wp-json\/wp\/v2\/comments?post=1030"}],"version-history":[{"count":3,"href":"https:\/\/kbso.cz\/index.php\/wp-json\/wp\/v2\/pages\/1030\/revisions"}],"predecessor-version":[{"id":1163,"href":"https:\/\/kbso.cz\/index.php\/wp-json\/wp\/v2\/pages\/1030\/revisions\/1163"}],"up":[{"embeddable":true,"href":"https:\/\/kbso.cz\/index.php\/wp-json\/wp\/v2\/pages\/15"}],"wp:attachment":[{"href":"https:\/\/kbso.cz\/index.php\/wp-json\/wp\/v2\/media?parent=1030"}],"curies":[{"name":"wp","href":"https:\/\/api.w.org\/{rel}","templated":true}]}}