{"id":1023,"date":"2020-04-26T21:01:09","date_gmt":"2020-04-26T19:01:09","guid":{"rendered":"http:\/\/kbso.cz\/?page_id=1023"},"modified":"2020-05-15T09:38:16","modified_gmt":"2020-05-15T07:38:16","slug":"jak-okrast-zakaznika","status":"publish","type":"page","link":"https:\/\/kbso.cz\/index.php\/kamerove-systemy-cctv\/jak-okrast-zakaznika\/","title":{"rendered":"Jak okr\u00e1st z\u00e1kazn\u00edka"},"content":{"rendered":"\n<p><strong>Jste v \u0161oku ?<\/strong><br>To je dob\u0159e, jeliko\u017e tento \u010dl\u00e1nek, nen\u00ed n\u00e1vod jak V\u00e1s podv\u00e9st, ale naopak, je to n\u00e1vod, jak se podv\u00e9st nenechat !<\/p>\n\n\n\n<p>Konkurence je pr\u00e1v\u011b asi na\u0161tvan\u00e1, nic m\u00e9n\u011b se s t\u00edm mus\u00ed srovnat sami, tyto \u0159\u00e1dky jsou ur\u010den\u00e9 z\u00e1kazn\u00edk\u016fm.<\/p>\n\n\n\n<ol class=\"wp-block-list\"><li>V\u017edy cht\u011bjte zn\u00e1t technick\u00e9 \u00fadaje v\u0161ech pou\u017eit\u00fdch prvk\u016f \u2013 prov\u011b\u0159ujte na internetu &#8211; ptejte se PRO\u010c tento model a ne jin\u00fd<\/li><li>Dbejte na to, aby kvalita v\u0161ech prvk\u016f byla toto\u017en\u00e1 a navazovala na sebe &#8211; kamera-DVR-HDD<\/li><li>Po dod\u00e1n\u00ed a mont\u00e1\u017ei cht\u011bjte tzv. rodn\u00e9 listy za\u0159\u00edzen\u00ed, n\u00e1vody k obsluze atd.-&nbsp; a v\u0161e si ov\u011b\u0159te<\/li><li>Pokud n\u011b\u010demu nerozum\u00edte ptejte se, a ptejte se tak dlouho dokud problematice dostate\u010dn\u011b neporozum\u00edte \u2013 jde o Va\u0161e pen\u00edze !<\/li><\/ol>\n\n\n\n<p><strong>Jak se podv\u00e1d\u00ed<\/strong><br><strong>Kamera<\/strong>. Zde jsou dva modely:<\/p>\n\n\n\n<figure class=\"wp-block-image\"><img decoding=\"async\" src=\"http:\/\/www.tv-internet-site.cz\/images\/stories\/kamery\/kam1.jpg\" alt=\"kam1\"\/><\/figure>\n\n\n\n<p><img loading=\"lazy\" decoding=\"async\" src=\"http:\/\/www.tv-internet-site.cz\/images\/stories\/kamery\/kam2.jpg\" alt=\"kam2\" width=\"130\" height=\"80\">&nbsp;&nbsp; Oba modely jsou v kovov\u00e9m pouzdru a s no\u010dn\u00edm vid\u011bn\u00edm. Zde v\u0161ak to co maj\u00ed spole\u010dn\u00e9 kon\u010d\u00ed!<br>Jeden model m\u00e1 850 TV \u0159\u00e1dk\u016f a druh\u00fd jen 600 TV \u0159\u00e1dk\u016f. Ka\u017ed\u00fd model m\u00e1 jinou optiku. Jeden m\u00e1 optiku a z\u00e1b\u011br 3,5mm (92<sup>o<\/sup>), druh\u00fd jen 4mm (78<sup>o<\/sup>). A takto bych mohl pokra\u010dovat d\u00e1l. D\u016fle\u017eit\u00fd rozd\u00edl je pak cena, jedna stoj\u00ed 1.400,- K\u010d druh\u00e1 3.200,- K\u010d<\/p>\n\n\n\n<p>Pozn\u00e1te kter\u00e1 je kter\u00e1?<br>Rada: p\u0159ed mont\u00e1\u017e\u00ed zkontrolujte \u0161t\u00edtek na kame\u0159e a cht\u011bjte tzv. rodn\u00fd list vydan\u00fd v\u00fdrobcem, kde jsou parametry kamery.<\/p>\n\n\n\n<p><strong>DVR nebo NDVR<\/strong> \u2013 z\u00e1znamov\u00e9 za\u0159\u00edzen\u00ed.<br>Jeho mo\u017enosti mus\u00ed odpov\u00eddat kvalit\u011b obrazu po\u0159\u00edzen\u00e9ho kamerou. Pokud budete m\u00edt kameru s 850 TV \u0159\u00e1dky a z\u00e1znamov\u00e9 za\u0159\u00edzen\u00ed bude slab\u0161\u00ed, bude z\u00e1znam obrazu m\u00e9n\u011b kvalitn\u00ed !<\/p>\n\n\n\n<p>Rada (stejn\u00e1): p\u0159ed mont\u00e1\u017e\u00ed zkontrolujte \u0161t\u00edtek cht\u011bjte tzv. rodn\u00fd list vydan\u00fd v\u00fdrobcem nebo manu\u00e1l atd. dod\u00e1van\u00e9 v\u00fdrobcem<\/p>\n\n\n\n<p><strong>HDD<\/strong> \u2013 ulo\u017ei\u0161t\u011b z\u00e1znamu<br>V podstat\u011b jde o h\u00e1rdisk. Probl\u00e9m je v tom, \u017ee je n\u011bkolik druh\u016f HDD a d\u016fle\u017eit\u00e9 d\u011blen\u00ed pro V\u00e1s je to, \u017ee jeden se pou\u017e\u00edv\u00e1 do po\u010d\u00edta\u010d\u016f a druh\u00fd do server\u016f a DVR. Kdy\u017e pou\u017eijete HDD do po\u010d\u00edta\u010de, tak DVR to zvl\u00e1dne a bude pracovat jak m\u00e1. Probl\u00e9m je v\u0161ak v tom \u017ee tento HDD nen\u00ed na tuto pr\u00e1ci zkonstruov\u00e1n a proto cca po 2 a\u017e 3 letech doch\u00e1z\u00ed k jeho poruch\u00e1m, nebo \u00fapln\u00e9mu zkolabov\u00e1n\u00ed. A vy plat\u00edte ne jen nov\u00fd HDD, ale i pr\u00e1ci, dopravu\u2026\u2026.<br>Ano HDD do DVR jsou drah\u0161\u00ed, ale vydr\u017e\u00ed V\u00e1m i 10 let !<\/p>\n\n\n\n<p>Rada: na ka\u017ed\u00e9m HDD jsou uvedeny parametry<\/p>\n\n\n\n<p><br>Co d\u011bl\u00e1 HDD v pln\u00e9m zat\u00ed\u017een\u00ed:<br>\u2022\u00a0\u00a0 \u00a0Okam\u017eit\u00fd z\u00e1pis ze v\u0161ech kamer \u2013 obraz v max. kvalit\u011b, datum a \u010das<br>\u2022\u00a0\u00a0 \u00a0Zobrazuje data ze z\u00e1znamu z jin\u00e9ho dne dle va\u0161eho po\u017eadavku<br>\u2022\u00a0\u00a0 \u00a0P\u0159ev\u00e1d\u00ed tento z\u00e1znam na z\u00e1lo\u017en\u00ed disk<br>\u2022\u00a0\u00a0 \u00a0Odes\u00edl\u00e1 data p\u0159i vzd\u00e1len\u00e9 spr\u00e1v\u011b a vy\u0159izuje po\u017eadavky vzd\u00e1len\u00e9 spr\u00e1vy<\/p>\n\n\n\n<p><strong>Kabel\u00e1\u017e<\/strong><br>Ka\u017ed\u00fd v\u00fdrobce uv\u00e1d\u00ed doporu\u010denou kabel\u00e1\u017e ohl\u00eddejte si jej\u00ed spr\u00e1vn\u00e9 pou\u017eit\u00ed. V prostor\u00e1ch nap\u0159. nemocnice, hotely atd. se mus\u00ed dle norem pou\u017e\u00edvat kabel\u00e1\u017e, kter\u00e1 nepodporuje ho\u0159en\u00ed a neuvol\u0148uje nebezpe\u010dn\u00e9 splodiny p\u0159i po\u017e\u00e1ru.<\/p>\n\n\n\n<p class=\"has-text-align-center\"><strong>Jde o Va\u0161e pen\u00edze.<\/strong><\/p>\n","protected":false},"excerpt":{"rendered":"<p>Jste v \u0161oku ?To je dob\u0159e, jeliko\u017e tento \u010dl\u00e1nek, nen\u00ed n\u00e1vod jak V\u00e1s podv\u00e9st, ale naopak, je to n\u00e1vod, jak se podv\u00e9st nenechat ! Konkurence je pr\u00e1v\u011b asi na\u0161tvan\u00e1, nic m\u00e9n\u011b se s t\u00edm mus\u00ed srovnat sami, tyto \u0159\u00e1dky jsou ur\u010den\u00e9 z\u00e1kazn\u00edk\u016fm. V\u017edy cht\u011bjte zn\u00e1t technick\u00e9 \u00fadaje v\u0161ech pou\u017eit\u00fdch prvk\u016f \u2013 prov\u011b\u0159ujte na internetu &#8211; [&hellip;]<\/p>\n","protected":false},"author":1,"featured_media":0,"parent":13,"menu_order":70,"comment_status":"closed","ping_status":"closed","template":"","meta":{"footnotes":""},"class_list":["post-1023","page","type-page","status-publish","hentry"],"yoast_head":"<!-- This site is optimized with the Yoast SEO plugin v23.5 - https:\/\/yoast.com\/wordpress\/plugins\/seo\/ -->\n<title>Jak okr\u00e1st z\u00e1kazn\u00edka | kbso.cz<\/title>\n<meta name=\"robots\" content=\"index, follow, max-snippet:-1, max-image-preview:large, max-video-preview:-1\" \/>\n<link rel=\"canonical\" href=\"https:\/\/kbso.cz\/index.php\/kamerove-systemy-cctv\/jak-okrast-zakaznika\/\" \/>\n<meta property=\"og:locale\" content=\"cs_CZ\" \/>\n<meta property=\"og:type\" content=\"article\" \/>\n<meta property=\"og:title\" content=\"Jak okr\u00e1st z\u00e1kazn\u00edka | kbso.cz\" \/>\n<meta property=\"og:description\" content=\"Jste v \u0161oku ?To je dob\u0159e, jeliko\u017e tento \u010dl\u00e1nek, nen\u00ed n\u00e1vod jak V\u00e1s podv\u00e9st, ale naopak, je to n\u00e1vod, jak se podv\u00e9st nenechat ! Konkurence je pr\u00e1v\u011b asi na\u0161tvan\u00e1, nic m\u00e9n\u011b se s t\u00edm mus\u00ed srovnat sami, tyto \u0159\u00e1dky jsou ur\u010den\u00e9 z\u00e1kazn\u00edk\u016fm. V\u017edy cht\u011bjte zn\u00e1t technick\u00e9 \u00fadaje v\u0161ech pou\u017eit\u00fdch prvk\u016f \u2013 prov\u011b\u0159ujte na internetu &#8211; [&hellip;]\" \/>\n<meta property=\"og:url\" content=\"https:\/\/kbso.cz\/index.php\/kamerove-systemy-cctv\/jak-okrast-zakaznika\/\" \/>\n<meta property=\"og:site_name\" content=\"kbso.cz\" \/>\n<meta property=\"article:publisher\" content=\"https:\/\/www.facebook.com\/pages\/Kamerov%c3%a9-a-bezpe%c4%8dnostn%c3%ad-syst%c3%a9my\/103414007977089\" \/>\n<meta property=\"article:modified_time\" content=\"2020-05-15T07:38:16+00:00\" \/>\n<meta property=\"og:image\" content=\"http:\/\/www.tv-internet-site.cz\/images\/stories\/kamery\/kam1.jpg\" \/>\n<meta name=\"twitter:card\" content=\"summary_large_image\" \/>\n<meta name=\"twitter:label1\" content=\"Odhadovan\u00e1 doba \u010dten\u00ed\" \/>\n\t<meta name=\"twitter:data1\" content=\"3 minuty\" \/>\n<script type=\"application\/ld+json\" class=\"yoast-schema-graph\">{\"@context\":\"https:\/\/schema.org\",\"@graph\":[{\"@type\":\"WebPage\",\"@id\":\"https:\/\/kbso.cz\/index.php\/kamerove-systemy-cctv\/jak-okrast-zakaznika\/\",\"url\":\"https:\/\/kbso.cz\/index.php\/kamerove-systemy-cctv\/jak-okrast-zakaznika\/\",\"name\":\"Jak okr\u00e1st z\u00e1kazn\u00edka | kbso.cz\",\"isPartOf\":{\"@id\":\"https:\/\/kbso.cz\/#website\"},\"primaryImageOfPage\":{\"@id\":\"https:\/\/kbso.cz\/index.php\/kamerove-systemy-cctv\/jak-okrast-zakaznika\/#primaryimage\"},\"image\":{\"@id\":\"https:\/\/kbso.cz\/index.php\/kamerove-systemy-cctv\/jak-okrast-zakaznika\/#primaryimage\"},\"thumbnailUrl\":\"http:\/\/www.tv-internet-site.cz\/images\/stories\/kamery\/kam1.jpg\",\"datePublished\":\"2020-04-26T19:01:09+00:00\",\"dateModified\":\"2020-05-15T07:38:16+00:00\",\"breadcrumb\":{\"@id\":\"https:\/\/kbso.cz\/index.php\/kamerove-systemy-cctv\/jak-okrast-zakaznika\/#breadcrumb\"},\"inLanguage\":\"cs\",\"potentialAction\":[{\"@type\":\"ReadAction\",\"target\":[\"https:\/\/kbso.cz\/index.php\/kamerove-systemy-cctv\/jak-okrast-zakaznika\/\"]}]},{\"@type\":\"ImageObject\",\"inLanguage\":\"cs\",\"@id\":\"https:\/\/kbso.cz\/index.php\/kamerove-systemy-cctv\/jak-okrast-zakaznika\/#primaryimage\",\"url\":\"http:\/\/www.tv-internet-site.cz\/images\/stories\/kamery\/kam1.jpg\",\"contentUrl\":\"http:\/\/www.tv-internet-site.cz\/images\/stories\/kamery\/kam1.jpg\"},{\"@type\":\"BreadcrumbList\",\"@id\":\"https:\/\/kbso.cz\/index.php\/kamerove-systemy-cctv\/jak-okrast-zakaznika\/#breadcrumb\",\"itemListElement\":[{\"@type\":\"ListItem\",\"position\":1,\"name\":\"Dom\u016f\",\"item\":\"https:\/\/kbso.cz\/\"},{\"@type\":\"ListItem\",\"position\":2,\"name\":\"Kamerov\u00e9 syst\u00e9my (CCTV)\",\"item\":\"https:\/\/kbso.cz\/index.php\/kamerove-systemy-cctv\/\"},{\"@type\":\"ListItem\",\"position\":3,\"name\":\"Jak okr\u00e1st z\u00e1kazn\u00edka\"}]},{\"@type\":\"WebSite\",\"@id\":\"https:\/\/kbso.cz\/#website\",\"url\":\"https:\/\/kbso.cz\/\",\"name\":\"kbso.cz\",\"description\":\"Kamerov\u00e9 a bezpe\u010dnostn\u00ed syst\u00e9my Ostrava\",\"publisher\":{\"@id\":\"https:\/\/kbso.cz\/#organization\"},\"potentialAction\":[{\"@type\":\"SearchAction\",\"target\":{\"@type\":\"EntryPoint\",\"urlTemplate\":\"https:\/\/kbso.cz\/?s={search_term_string}\"},\"query-input\":{\"@type\":\"PropertyValueSpecification\",\"valueRequired\":true,\"valueName\":\"search_term_string\"}}],\"inLanguage\":\"cs\"},{\"@type\":\"Organization\",\"@id\":\"https:\/\/kbso.cz\/#organization\",\"name\":\"Kamerov\u00e9 a bezpe\u010dnostn\u00ed syst\u00e9my - faMartin Ho\u0159\u010dica\",\"url\":\"https:\/\/kbso.cz\/\",\"logo\":{\"@type\":\"ImageObject\",\"inLanguage\":\"cs\",\"@id\":\"https:\/\/kbso.cz\/#\/schema\/logo\/image\/\",\"url\":\"http:\/\/kbso.cz\/wp-content\/uploads\/2020\/04\/logo-kbso.jpg\",\"contentUrl\":\"http:\/\/kbso.cz\/wp-content\/uploads\/2020\/04\/logo-kbso.jpg\",\"width\":500,\"height\":91,\"caption\":\"Kamerov\u00e9 a bezpe\u010dnostn\u00ed syst\u00e9my - faMartin Ho\u0159\u010dica\"},\"image\":{\"@id\":\"https:\/\/kbso.cz\/#\/schema\/logo\/image\/\"},\"sameAs\":[\"https:\/\/www.facebook.com\/pages\/Kamerov\u00e9-a-bezpe\u010dnostn\u00ed-syst\u00e9my\/103414007977089\"]}]}<\/script>\n<!-- \/ Yoast SEO plugin. -->","yoast_head_json":{"title":"Jak okr\u00e1st z\u00e1kazn\u00edka | kbso.cz","robots":{"index":"index","follow":"follow","max-snippet":"max-snippet:-1","max-image-preview":"max-image-preview:large","max-video-preview":"max-video-preview:-1"},"canonical":"https:\/\/kbso.cz\/index.php\/kamerove-systemy-cctv\/jak-okrast-zakaznika\/","og_locale":"cs_CZ","og_type":"article","og_title":"Jak okr\u00e1st z\u00e1kazn\u00edka | kbso.cz","og_description":"Jste v \u0161oku ?To je dob\u0159e, jeliko\u017e tento \u010dl\u00e1nek, nen\u00ed n\u00e1vod jak V\u00e1s podv\u00e9st, ale naopak, je to n\u00e1vod, jak se podv\u00e9st nenechat ! Konkurence je pr\u00e1v\u011b asi na\u0161tvan\u00e1, nic m\u00e9n\u011b se s t\u00edm mus\u00ed srovnat sami, tyto \u0159\u00e1dky jsou ur\u010den\u00e9 z\u00e1kazn\u00edk\u016fm. V\u017edy cht\u011bjte zn\u00e1t technick\u00e9 \u00fadaje v\u0161ech pou\u017eit\u00fdch prvk\u016f \u2013 prov\u011b\u0159ujte na internetu &#8211; [&hellip;]","og_url":"https:\/\/kbso.cz\/index.php\/kamerove-systemy-cctv\/jak-okrast-zakaznika\/","og_site_name":"kbso.cz","article_publisher":"https:\/\/www.facebook.com\/pages\/Kamerov%c3%a9-a-bezpe%c4%8dnostn%c3%ad-syst%c3%a9my\/103414007977089","article_modified_time":"2020-05-15T07:38:16+00:00","og_image":[{"url":"http:\/\/www.tv-internet-site.cz\/images\/stories\/kamery\/kam1.jpg"}],"twitter_card":"summary_large_image","twitter_misc":{"Odhadovan\u00e1 doba \u010dten\u00ed":"3 minuty"},"schema":{"@context":"https:\/\/schema.org","@graph":[{"@type":"WebPage","@id":"https:\/\/kbso.cz\/index.php\/kamerove-systemy-cctv\/jak-okrast-zakaznika\/","url":"https:\/\/kbso.cz\/index.php\/kamerove-systemy-cctv\/jak-okrast-zakaznika\/","name":"Jak okr\u00e1st z\u00e1kazn\u00edka | kbso.cz","isPartOf":{"@id":"https:\/\/kbso.cz\/#website"},"primaryImageOfPage":{"@id":"https:\/\/kbso.cz\/index.php\/kamerove-systemy-cctv\/jak-okrast-zakaznika\/#primaryimage"},"image":{"@id":"https:\/\/kbso.cz\/index.php\/kamerove-systemy-cctv\/jak-okrast-zakaznika\/#primaryimage"},"thumbnailUrl":"http:\/\/www.tv-internet-site.cz\/images\/stories\/kamery\/kam1.jpg","datePublished":"2020-04-26T19:01:09+00:00","dateModified":"2020-05-15T07:38:16+00:00","breadcrumb":{"@id":"https:\/\/kbso.cz\/index.php\/kamerove-systemy-cctv\/jak-okrast-zakaznika\/#breadcrumb"},"inLanguage":"cs","potentialAction":[{"@type":"ReadAction","target":["https:\/\/kbso.cz\/index.php\/kamerove-systemy-cctv\/jak-okrast-zakaznika\/"]}]},{"@type":"ImageObject","inLanguage":"cs","@id":"https:\/\/kbso.cz\/index.php\/kamerove-systemy-cctv\/jak-okrast-zakaznika\/#primaryimage","url":"http:\/\/www.tv-internet-site.cz\/images\/stories\/kamery\/kam1.jpg","contentUrl":"http:\/\/www.tv-internet-site.cz\/images\/stories\/kamery\/kam1.jpg"},{"@type":"BreadcrumbList","@id":"https:\/\/kbso.cz\/index.php\/kamerove-systemy-cctv\/jak-okrast-zakaznika\/#breadcrumb","itemListElement":[{"@type":"ListItem","position":1,"name":"Dom\u016f","item":"https:\/\/kbso.cz\/"},{"@type":"ListItem","position":2,"name":"Kamerov\u00e9 syst\u00e9my (CCTV)","item":"https:\/\/kbso.cz\/index.php\/kamerove-systemy-cctv\/"},{"@type":"ListItem","position":3,"name":"Jak okr\u00e1st z\u00e1kazn\u00edka"}]},{"@type":"WebSite","@id":"https:\/\/kbso.cz\/#website","url":"https:\/\/kbso.cz\/","name":"kbso.cz","description":"Kamerov\u00e9 a bezpe\u010dnostn\u00ed syst\u00e9my Ostrava","publisher":{"@id":"https:\/\/kbso.cz\/#organization"},"potentialAction":[{"@type":"SearchAction","target":{"@type":"EntryPoint","urlTemplate":"https:\/\/kbso.cz\/?s={search_term_string}"},"query-input":{"@type":"PropertyValueSpecification","valueRequired":true,"valueName":"search_term_string"}}],"inLanguage":"cs"},{"@type":"Organization","@id":"https:\/\/kbso.cz\/#organization","name":"Kamerov\u00e9 a bezpe\u010dnostn\u00ed syst\u00e9my - faMartin Ho\u0159\u010dica","url":"https:\/\/kbso.cz\/","logo":{"@type":"ImageObject","inLanguage":"cs","@id":"https:\/\/kbso.cz\/#\/schema\/logo\/image\/","url":"http:\/\/kbso.cz\/wp-content\/uploads\/2020\/04\/logo-kbso.jpg","contentUrl":"http:\/\/kbso.cz\/wp-content\/uploads\/2020\/04\/logo-kbso.jpg","width":500,"height":91,"caption":"Kamerov\u00e9 a bezpe\u010dnostn\u00ed syst\u00e9my - faMartin Ho\u0159\u010dica"},"image":{"@id":"https:\/\/kbso.cz\/#\/schema\/logo\/image\/"},"sameAs":["https:\/\/www.facebook.com\/pages\/Kamerov\u00e9-a-bezpe\u010dnostn\u00ed-syst\u00e9my\/103414007977089"]}]}},"_links":{"self":[{"href":"https:\/\/kbso.cz\/index.php\/wp-json\/wp\/v2\/pages\/1023","targetHints":{"allow":["GET"]}}],"collection":[{"href":"https:\/\/kbso.cz\/index.php\/wp-json\/wp\/v2\/pages"}],"about":[{"href":"https:\/\/kbso.cz\/index.php\/wp-json\/wp\/v2\/types\/page"}],"author":[{"embeddable":true,"href":"https:\/\/kbso.cz\/index.php\/wp-json\/wp\/v2\/users\/1"}],"replies":[{"embeddable":true,"href":"https:\/\/kbso.cz\/index.php\/wp-json\/wp\/v2\/comments?post=1023"}],"version-history":[{"count":3,"href":"https:\/\/kbso.cz\/index.php\/wp-json\/wp\/v2\/pages\/1023\/revisions"}],"predecessor-version":[{"id":1156,"href":"https:\/\/kbso.cz\/index.php\/wp-json\/wp\/v2\/pages\/1023\/revisions\/1156"}],"up":[{"embeddable":true,"href":"https:\/\/kbso.cz\/index.php\/wp-json\/wp\/v2\/pages\/13"}],"wp:attachment":[{"href":"https:\/\/kbso.cz\/index.php\/wp-json\/wp\/v2\/media?parent=1023"}],"curies":[{"name":"wp","href":"https:\/\/api.w.org\/{rel}","templated":true}]}}