{"id":1021,"date":"2020-04-26T21:00:53","date_gmt":"2020-04-26T19:00:53","guid":{"rendered":"http:\/\/kbso.cz\/?page_id=1021"},"modified":"2021-03-14T22:58:34","modified_gmt":"2021-03-14T21:58:34","slug":"fotogalerie-cctv","status":"publish","type":"page","link":"https:\/\/kbso.cz\/index.php\/kamerove-systemy-cctv\/fotogalerie-cctv\/","title":{"rendered":"Fotogalerie &#8211; CCTV"},"content":{"rendered":"\n<div class=\"wp-block-columns is-layout-flex wp-container-core-columns-is-layout-9d6595d7 wp-block-columns-is-layout-flex\">\n<div class=\"wp-block-column is-layout-flow wp-block-column-is-layout-flow\" style=\"flex-basis:100%\">\n<div class=\"wp-block-group\"><div class=\"wp-block-group__inner-container is-layout-flow wp-block-group-is-layout-flow\">\n<div class=\"wp-block-group\"><div class=\"wp-block-group__inner-container is-layout-flow wp-block-group-is-layout-flow\">\n<figure class=\"wp-block-gallery aligncenter columns-8  wpge-bl-masonry wp-block-gallery-1 is-layout-flex wp-block-gallery-is-layout-flex\"><ul class=\"blocks-gallery-grid\"><li class=\"blocks-gallery-item\"><figure><a href=\"https:\/\/kbso.cz\/wp-content\/uploads\/2021\/03\/IMG_20201021_095737-1.jpg\" data-lbwps-gid=\"2\" data-lbwps-width=\"3648\" data-lbwps-height=\"2736\" data-lbwps-srcsmall=\"https:\/\/kbso.cz\/wp-content\/uploads\/2021\/03\/IMG_20201021_095737-1-300x225.jpg\"><img loading=\"lazy\" decoding=\"async\" width=\"150\" height=\"150\" src=\"https:\/\/kbso.cz\/wp-content\/uploads\/2021\/03\/IMG_20201021_095737-1-150x150.jpg\" alt=\"\" data-id=\"1321\" data-full-url=\"https:\/\/kbso.cz\/wp-content\/uploads\/2021\/03\/IMG_20201021_095737-1-scaled.jpg\" data-link=\"https:\/\/kbso.cz\/index.php\/kamerove-systemy-cctv\/fotogalerie-cctv\/img_20201021_095737-1\/\" class=\"wp-image-1321\"\/><\/a><\/figure><\/li><li class=\"blocks-gallery-item\"><figure><a href=\"https:\/\/kbso.cz\/wp-content\/uploads\/2021\/03\/IMG_20201021_095721-1.jpg\" data-lbwps-gid=\"2\" data-lbwps-width=\"3648\" data-lbwps-height=\"2736\" data-lbwps-srcsmall=\"https:\/\/kbso.cz\/wp-content\/uploads\/2021\/03\/IMG_20201021_095721-1-300x225.jpg\"><img loading=\"lazy\" decoding=\"async\" width=\"150\" height=\"150\" src=\"https:\/\/kbso.cz\/wp-content\/uploads\/2021\/03\/IMG_20201021_095721-1-150x150.jpg\" alt=\"\" data-id=\"1320\" data-full-url=\"https:\/\/kbso.cz\/wp-content\/uploads\/2021\/03\/IMG_20201021_095721-1-scaled.jpg\" data-link=\"https:\/\/kbso.cz\/index.php\/kamerove-systemy-cctv\/fotogalerie-cctv\/img_20201021_095721-1\/\" class=\"wp-image-1320\"\/><\/a><\/figure><\/li><li class=\"blocks-gallery-item\"><figure><a href=\"https:\/\/kbso.cz\/wp-content\/uploads\/2021\/03\/IMG_20201021_095629-1.jpg\" data-lbwps-gid=\"2\" data-lbwps-width=\"3648\" data-lbwps-height=\"2736\" data-lbwps-srcsmall=\"https:\/\/kbso.cz\/wp-content\/uploads\/2021\/03\/IMG_20201021_095629-1-300x225.jpg\"><img loading=\"lazy\" decoding=\"async\" width=\"150\" height=\"150\" src=\"https:\/\/kbso.cz\/wp-content\/uploads\/2021\/03\/IMG_20201021_095629-1-150x150.jpg\" alt=\"\" data-id=\"1318\" data-full-url=\"https:\/\/kbso.cz\/wp-content\/uploads\/2021\/03\/IMG_20201021_095629-1-scaled.jpg\" data-link=\"https:\/\/kbso.cz\/index.php\/kamerove-systemy-cctv\/fotogalerie-cctv\/img_20201021_095629-1\/\" class=\"wp-image-1318\"\/><\/a><\/figure><\/li><li class=\"blocks-gallery-item\"><figure><a href=\"https:\/\/kbso.cz\/wp-content\/uploads\/2021\/03\/IMG_20190510_070713.jpg\" data-lbwps-gid=\"2\" data-lbwps-width=\"2736\" data-lbwps-height=\"3648\" data-lbwps-srcsmall=\"https:\/\/kbso.cz\/wp-content\/uploads\/2021\/03\/IMG_20190510_070713-225x300.jpg\"><img loading=\"lazy\" decoding=\"async\" width=\"150\" height=\"150\" src=\"https:\/\/kbso.cz\/wp-content\/uploads\/2021\/03\/IMG_20190510_070713-150x150.jpg\" alt=\"\" data-id=\"1317\" data-full-url=\"https:\/\/kbso.cz\/wp-content\/uploads\/2021\/03\/IMG_20190510_070713-scaled.jpg\" data-link=\"https:\/\/kbso.cz\/index.php\/kamerove-systemy-cctv\/fotogalerie-cctv\/dav-8\/\" class=\"wp-image-1317\"\/><\/a><\/figure><\/li><li class=\"blocks-gallery-item\"><figure><a href=\"https:\/\/kbso.cz\/wp-content\/uploads\/2021\/03\/IMG_20190507_145036-1.jpg\" data-lbwps-gid=\"2\" data-lbwps-width=\"2736\" data-lbwps-height=\"3648\" data-lbwps-srcsmall=\"https:\/\/kbso.cz\/wp-content\/uploads\/2021\/03\/IMG_20190507_145036-1-225x300.jpg\"><img loading=\"lazy\" decoding=\"async\" width=\"150\" height=\"150\" src=\"https:\/\/kbso.cz\/wp-content\/uploads\/2021\/03\/IMG_20190507_145036-1-150x150.jpg\" alt=\"\" data-id=\"1316\" data-full-url=\"https:\/\/kbso.cz\/wp-content\/uploads\/2021\/03\/IMG_20190507_145036-1-scaled.jpg\" data-link=\"https:\/\/kbso.cz\/index.php\/kamerove-systemy-cctv\/fotogalerie-cctv\/dav-7\/\" class=\"wp-image-1316\"\/><\/a><\/figure><\/li><li class=\"blocks-gallery-item\"><figure><a href=\"https:\/\/kbso.cz\/wp-content\/uploads\/2021\/03\/IMG_20180110_090339-1.jpg\" data-lbwps-gid=\"2\" data-lbwps-width=\"3120\" data-lbwps-height=\"4160\" data-lbwps-srcsmall=\"https:\/\/kbso.cz\/wp-content\/uploads\/2021\/03\/IMG_20180110_090339-1-225x300.jpg\"><img loading=\"lazy\" decoding=\"async\" width=\"150\" height=\"150\" src=\"https:\/\/kbso.cz\/wp-content\/uploads\/2021\/03\/IMG_20180110_090339-1-150x150.jpg\" alt=\"\" data-id=\"1315\" data-full-url=\"https:\/\/kbso.cz\/wp-content\/uploads\/2021\/03\/IMG_20180110_090339-1-scaled.jpg\" data-link=\"https:\/\/kbso.cz\/index.php\/kamerove-systemy-cctv\/fotogalerie-cctv\/dav-6\/\" class=\"wp-image-1315\"\/><\/a><\/figure><\/li><li class=\"blocks-gallery-item\"><figure><a href=\"https:\/\/kbso.cz\/wp-content\/uploads\/2021\/03\/IMG_20201021_095629.jpg\" data-lbwps-gid=\"2\" data-lbwps-width=\"3648\" data-lbwps-height=\"2736\" data-lbwps-srcsmall=\"https:\/\/kbso.cz\/wp-content\/uploads\/2021\/03\/IMG_20201021_095629-300x225.jpg\"><img loading=\"lazy\" decoding=\"async\" width=\"150\" height=\"150\" src=\"https:\/\/kbso.cz\/wp-content\/uploads\/2021\/03\/IMG_20201021_095629-150x150.jpg\" alt=\"\" data-id=\"1304\" data-full-url=\"https:\/\/kbso.cz\/wp-content\/uploads\/2021\/03\/IMG_20201021_095629-scaled.jpg\" data-link=\"https:\/\/kbso.cz\/index.php\/kamerove-systemy-cctv\/fotogalerie-cctv\/img_20201021_095629\/\" class=\"wp-image-1304\"\/><\/a><\/figure><\/li><li class=\"blocks-gallery-item\"><figure><a href=\"https:\/\/kbso.cz\/wp-content\/uploads\/2020\/05\/IMG_20190710_083832.jpg\" data-lbwps-gid=\"2\" data-lbwps-width=\"2736\" data-lbwps-height=\"3648\" data-lbwps-srcsmall=\"https:\/\/kbso.cz\/wp-content\/uploads\/2020\/05\/IMG_20190710_083832-225x300.jpg\"><img loading=\"lazy\" decoding=\"async\" width=\"150\" height=\"150\" src=\"https:\/\/kbso.cz\/wp-content\/uploads\/2020\/05\/IMG_20190710_083832-150x150.jpg\" alt=\"\" data-id=\"1233\" data-full-url=\"https:\/\/kbso.cz\/wp-content\/uploads\/2020\/05\/IMG_20190710_083832-scaled.jpg\" data-link=\"https:\/\/kbso.cz\/dav_vivid\/\" class=\"wp-image-1233\"\/><\/a><\/figure><\/li><li class=\"blocks-gallery-item\"><figure><a href=\"https:\/\/kbso.cz\/wp-content\/uploads\/2020\/05\/IMG_20170113_124142.jpg\" data-lbwps-gid=\"2\" data-lbwps-width=\"3120\" data-lbwps-height=\"4160\" data-lbwps-srcsmall=\"https:\/\/kbso.cz\/wp-content\/uploads\/2020\/05\/IMG_20170113_124142-225x300.jpg\"><img loading=\"lazy\" decoding=\"async\" width=\"150\" height=\"150\" src=\"https:\/\/kbso.cz\/wp-content\/uploads\/2020\/05\/IMG_20170113_124142-150x150.jpg\" alt=\"\" data-id=\"1231\" data-full-url=\"https:\/\/kbso.cz\/wp-content\/uploads\/2020\/05\/IMG_20170113_124142-scaled.jpg\" data-link=\"https:\/\/kbso.cz\/dav-2\/\" class=\"wp-image-1231\"\/><\/a><\/figure><\/li><li class=\"blocks-gallery-item\"><figure><a href=\"https:\/\/kbso.cz\/wp-content\/uploads\/2020\/05\/DSC_0060.jpg\" data-lbwps-gid=\"2\" data-lbwps-width=\"2144\" data-lbwps-height=\"1424\" data-lbwps-srcsmall=\"https:\/\/kbso.cz\/wp-content\/uploads\/2020\/05\/DSC_0060-300x199.jpg\"><img loading=\"lazy\" decoding=\"async\" width=\"150\" height=\"150\" src=\"https:\/\/kbso.cz\/wp-content\/uploads\/2020\/05\/DSC_0060-150x150.jpg\" alt=\"\" data-id=\"1227\" data-full-url=\"https:\/\/kbso.cz\/wp-content\/uploads\/2020\/05\/DSC_0060.jpg\" data-link=\"https:\/\/kbso.cz\/dsc_0060\/\" class=\"wp-image-1227\"\/><\/a><\/figure><\/li><li class=\"blocks-gallery-item\"><figure><a href=\"https:\/\/kbso.cz\/wp-content\/uploads\/2020\/05\/DSC0396.jpg\" data-lbwps-gid=\"2\" data-lbwps-width=\"2144\" data-lbwps-height=\"1424\" data-lbwps-srcsmall=\"https:\/\/kbso.cz\/wp-content\/uploads\/2020\/05\/DSC0396-300x199.jpg\"><img loading=\"lazy\" decoding=\"async\" width=\"150\" height=\"150\" src=\"https:\/\/kbso.cz\/wp-content\/uploads\/2020\/05\/DSC0396-150x150.jpg\" alt=\"\" data-id=\"1220\" data-full-url=\"https:\/\/kbso.cz\/wp-content\/uploads\/2020\/05\/DSC0396.jpg\" data-link=\"https:\/\/kbso.cz\/_dsc0396\/\" class=\"wp-image-1220\"\/><\/a><\/figure><\/li><li class=\"blocks-gallery-item\"><figure><a href=\"https:\/\/kbso.cz\/wp-content\/uploads\/2020\/05\/schema.jpg\" data-lbwps-gid=\"2\" data-lbwps-width=\"567\" data-lbwps-height=\"497\" data-lbwps-srcsmall=\"https:\/\/kbso.cz\/wp-content\/uploads\/2020\/05\/schema-300x263.jpg\"><img loading=\"lazy\" decoding=\"async\" width=\"150\" height=\"150\" src=\"https:\/\/kbso.cz\/wp-content\/uploads\/2020\/05\/schema-150x150.jpg\" alt=\"\" data-id=\"1217\" data-full-url=\"https:\/\/kbso.cz\/wp-content\/uploads\/2020\/05\/schema.jpg\" data-link=\"https:\/\/kbso.cz\/schema\/\" class=\"wp-image-1217\"\/><\/a><\/figure><\/li><li class=\"blocks-gallery-item\"><figure><a href=\"https:\/\/kbso.cz\/wp-content\/uploads\/2020\/05\/05.jpg\" data-lbwps-gid=\"2\" data-lbwps-width=\"400\" data-lbwps-height=\"602\" data-lbwps-srcsmall=\"https:\/\/kbso.cz\/wp-content\/uploads\/2020\/05\/05-199x300.jpg\"><img loading=\"lazy\" decoding=\"async\" width=\"150\" height=\"150\" src=\"https:\/\/kbso.cz\/wp-content\/uploads\/2020\/05\/05-150x150.jpg\" alt=\"\" data-id=\"1243\" data-full-url=\"https:\/\/kbso.cz\/wp-content\/uploads\/2020\/05\/05.jpg\" data-link=\"https:\/\/kbso.cz\/05\/\" class=\"wp-image-1243\"\/><\/a><\/figure><\/li><\/ul><\/figure>\n<\/div><\/div>\n<\/div><\/div>\n<\/div>\n<\/div>\n","protected":false},"excerpt":{"rendered":"","protected":false},"author":1,"featured_media":0,"parent":13,"menu_order":60,"comment_status":"closed","ping_status":"closed","template":"","meta":{"footnotes":""},"class_list":["post-1021","page","type-page","status-publish","hentry"],"yoast_head":"<!-- This site is optimized with the Yoast SEO plugin v23.5 - https:\/\/yoast.com\/wordpress\/plugins\/seo\/ -->\n<title>Fotogalerie - CCTV | kbso.cz<\/title>\n<meta name=\"robots\" content=\"index, follow, max-snippet:-1, max-image-preview:large, max-video-preview:-1\" \/>\n<link rel=\"canonical\" href=\"https:\/\/kbso.cz\/index.php\/kamerove-systemy-cctv\/fotogalerie-cctv\/\" \/>\n<meta property=\"og:locale\" content=\"cs_CZ\" \/>\n<meta property=\"og:type\" content=\"article\" \/>\n<meta property=\"og:title\" content=\"Fotogalerie - CCTV | kbso.cz\" \/>\n<meta property=\"og:url\" content=\"https:\/\/kbso.cz\/index.php\/kamerove-systemy-cctv\/fotogalerie-cctv\/\" \/>\n<meta property=\"og:site_name\" content=\"kbso.cz\" \/>\n<meta property=\"article:publisher\" content=\"https:\/\/www.facebook.com\/pages\/Kamerov%c3%a9-a-bezpe%c4%8dnostn%c3%ad-syst%c3%a9my\/103414007977089\" \/>\n<meta property=\"article:modified_time\" content=\"2021-03-14T21:58:34+00:00\" \/>\n<meta property=\"og:image\" content=\"http:\/\/kbso.cz\/wp-content\/uploads\/2021\/03\/IMG_20201021_095737-1-150x150.jpg\" \/>\n<meta name=\"twitter:card\" content=\"summary_large_image\" \/>\n<script type=\"application\/ld+json\" class=\"yoast-schema-graph\">{\"@context\":\"https:\/\/schema.org\",\"@graph\":[{\"@type\":\"WebPage\",\"@id\":\"https:\/\/kbso.cz\/index.php\/kamerove-systemy-cctv\/fotogalerie-cctv\/\",\"url\":\"https:\/\/kbso.cz\/index.php\/kamerove-systemy-cctv\/fotogalerie-cctv\/\",\"name\":\"Fotogalerie - CCTV | kbso.cz\",\"isPartOf\":{\"@id\":\"https:\/\/kbso.cz\/#website\"},\"primaryImageOfPage\":{\"@id\":\"https:\/\/kbso.cz\/index.php\/kamerove-systemy-cctv\/fotogalerie-cctv\/#primaryimage\"},\"image\":{\"@id\":\"https:\/\/kbso.cz\/index.php\/kamerove-systemy-cctv\/fotogalerie-cctv\/#primaryimage\"},\"thumbnailUrl\":\"http:\/\/kbso.cz\/wp-content\/uploads\/2021\/03\/IMG_20201021_095737-1-150x150.jpg\",\"datePublished\":\"2020-04-26T19:00:53+00:00\",\"dateModified\":\"2021-03-14T21:58:34+00:00\",\"breadcrumb\":{\"@id\":\"https:\/\/kbso.cz\/index.php\/kamerove-systemy-cctv\/fotogalerie-cctv\/#breadcrumb\"},\"inLanguage\":\"cs\",\"potentialAction\":[{\"@type\":\"ReadAction\",\"target\":[\"https:\/\/kbso.cz\/index.php\/kamerove-systemy-cctv\/fotogalerie-cctv\/\"]}]},{\"@type\":\"ImageObject\",\"inLanguage\":\"cs\",\"@id\":\"https:\/\/kbso.cz\/index.php\/kamerove-systemy-cctv\/fotogalerie-cctv\/#primaryimage\",\"url\":\"http:\/\/kbso.cz\/wp-content\/uploads\/2021\/03\/IMG_20201021_095737-1-150x150.jpg\",\"contentUrl\":\"http:\/\/kbso.cz\/wp-content\/uploads\/2021\/03\/IMG_20201021_095737-1-150x150.jpg\"},{\"@type\":\"BreadcrumbList\",\"@id\":\"https:\/\/kbso.cz\/index.php\/kamerove-systemy-cctv\/fotogalerie-cctv\/#breadcrumb\",\"itemListElement\":[{\"@type\":\"ListItem\",\"position\":1,\"name\":\"Dom\u016f\",\"item\":\"https:\/\/kbso.cz\/\"},{\"@type\":\"ListItem\",\"position\":2,\"name\":\"Kamerov\u00e9 syst\u00e9my (CCTV)\",\"item\":\"https:\/\/kbso.cz\/index.php\/kamerove-systemy-cctv\/\"},{\"@type\":\"ListItem\",\"position\":3,\"name\":\"Fotogalerie &#8211; CCTV\"}]},{\"@type\":\"WebSite\",\"@id\":\"https:\/\/kbso.cz\/#website\",\"url\":\"https:\/\/kbso.cz\/\",\"name\":\"kbso.cz\",\"description\":\"Kamerov\u00e9 a bezpe\u010dnostn\u00ed syst\u00e9my Ostrava\",\"publisher\":{\"@id\":\"https:\/\/kbso.cz\/#organization\"},\"potentialAction\":[{\"@type\":\"SearchAction\",\"target\":{\"@type\":\"EntryPoint\",\"urlTemplate\":\"https:\/\/kbso.cz\/?s={search_term_string}\"},\"query-input\":{\"@type\":\"PropertyValueSpecification\",\"valueRequired\":true,\"valueName\":\"search_term_string\"}}],\"inLanguage\":\"cs\"},{\"@type\":\"Organization\",\"@id\":\"https:\/\/kbso.cz\/#organization\",\"name\":\"Kamerov\u00e9 a bezpe\u010dnostn\u00ed syst\u00e9my - faMartin Ho\u0159\u010dica\",\"url\":\"https:\/\/kbso.cz\/\",\"logo\":{\"@type\":\"ImageObject\",\"inLanguage\":\"cs\",\"@id\":\"https:\/\/kbso.cz\/#\/schema\/logo\/image\/\",\"url\":\"http:\/\/kbso.cz\/wp-content\/uploads\/2020\/04\/logo-kbso.jpg\",\"contentUrl\":\"http:\/\/kbso.cz\/wp-content\/uploads\/2020\/04\/logo-kbso.jpg\",\"width\":500,\"height\":91,\"caption\":\"Kamerov\u00e9 a bezpe\u010dnostn\u00ed syst\u00e9my - faMartin Ho\u0159\u010dica\"},\"image\":{\"@id\":\"https:\/\/kbso.cz\/#\/schema\/logo\/image\/\"},\"sameAs\":[\"https:\/\/www.facebook.com\/pages\/Kamerov\u00e9-a-bezpe\u010dnostn\u00ed-syst\u00e9my\/103414007977089\"]}]}<\/script>\n<!-- \/ Yoast SEO plugin. -->","yoast_head_json":{"title":"Fotogalerie - CCTV | kbso.cz","robots":{"index":"index","follow":"follow","max-snippet":"max-snippet:-1","max-image-preview":"max-image-preview:large","max-video-preview":"max-video-preview:-1"},"canonical":"https:\/\/kbso.cz\/index.php\/kamerove-systemy-cctv\/fotogalerie-cctv\/","og_locale":"cs_CZ","og_type":"article","og_title":"Fotogalerie - CCTV | kbso.cz","og_url":"https:\/\/kbso.cz\/index.php\/kamerove-systemy-cctv\/fotogalerie-cctv\/","og_site_name":"kbso.cz","article_publisher":"https:\/\/www.facebook.com\/pages\/Kamerov%c3%a9-a-bezpe%c4%8dnostn%c3%ad-syst%c3%a9my\/103414007977089","article_modified_time":"2021-03-14T21:58:34+00:00","og_image":[{"url":"http:\/\/kbso.cz\/wp-content\/uploads\/2021\/03\/IMG_20201021_095737-1-150x150.jpg"}],"twitter_card":"summary_large_image","schema":{"@context":"https:\/\/schema.org","@graph":[{"@type":"WebPage","@id":"https:\/\/kbso.cz\/index.php\/kamerove-systemy-cctv\/fotogalerie-cctv\/","url":"https:\/\/kbso.cz\/index.php\/kamerove-systemy-cctv\/fotogalerie-cctv\/","name":"Fotogalerie - CCTV | kbso.cz","isPartOf":{"@id":"https:\/\/kbso.cz\/#website"},"primaryImageOfPage":{"@id":"https:\/\/kbso.cz\/index.php\/kamerove-systemy-cctv\/fotogalerie-cctv\/#primaryimage"},"image":{"@id":"https:\/\/kbso.cz\/index.php\/kamerove-systemy-cctv\/fotogalerie-cctv\/#primaryimage"},"thumbnailUrl":"http:\/\/kbso.cz\/wp-content\/uploads\/2021\/03\/IMG_20201021_095737-1-150x150.jpg","datePublished":"2020-04-26T19:00:53+00:00","dateModified":"2021-03-14T21:58:34+00:00","breadcrumb":{"@id":"https:\/\/kbso.cz\/index.php\/kamerove-systemy-cctv\/fotogalerie-cctv\/#breadcrumb"},"inLanguage":"cs","potentialAction":[{"@type":"ReadAction","target":["https:\/\/kbso.cz\/index.php\/kamerove-systemy-cctv\/fotogalerie-cctv\/"]}]},{"@type":"ImageObject","inLanguage":"cs","@id":"https:\/\/kbso.cz\/index.php\/kamerove-systemy-cctv\/fotogalerie-cctv\/#primaryimage","url":"http:\/\/kbso.cz\/wp-content\/uploads\/2021\/03\/IMG_20201021_095737-1-150x150.jpg","contentUrl":"http:\/\/kbso.cz\/wp-content\/uploads\/2021\/03\/IMG_20201021_095737-1-150x150.jpg"},{"@type":"BreadcrumbList","@id":"https:\/\/kbso.cz\/index.php\/kamerove-systemy-cctv\/fotogalerie-cctv\/#breadcrumb","itemListElement":[{"@type":"ListItem","position":1,"name":"Dom\u016f","item":"https:\/\/kbso.cz\/"},{"@type":"ListItem","position":2,"name":"Kamerov\u00e9 syst\u00e9my (CCTV)","item":"https:\/\/kbso.cz\/index.php\/kamerove-systemy-cctv\/"},{"@type":"ListItem","position":3,"name":"Fotogalerie &#8211; CCTV"}]},{"@type":"WebSite","@id":"https:\/\/kbso.cz\/#website","url":"https:\/\/kbso.cz\/","name":"kbso.cz","description":"Kamerov\u00e9 a bezpe\u010dnostn\u00ed syst\u00e9my Ostrava","publisher":{"@id":"https:\/\/kbso.cz\/#organization"},"potentialAction":[{"@type":"SearchAction","target":{"@type":"EntryPoint","urlTemplate":"https:\/\/kbso.cz\/?s={search_term_string}"},"query-input":{"@type":"PropertyValueSpecification","valueRequired":true,"valueName":"search_term_string"}}],"inLanguage":"cs"},{"@type":"Organization","@id":"https:\/\/kbso.cz\/#organization","name":"Kamerov\u00e9 a bezpe\u010dnostn\u00ed syst\u00e9my - faMartin Ho\u0159\u010dica","url":"https:\/\/kbso.cz\/","logo":{"@type":"ImageObject","inLanguage":"cs","@id":"https:\/\/kbso.cz\/#\/schema\/logo\/image\/","url":"http:\/\/kbso.cz\/wp-content\/uploads\/2020\/04\/logo-kbso.jpg","contentUrl":"http:\/\/kbso.cz\/wp-content\/uploads\/2020\/04\/logo-kbso.jpg","width":500,"height":91,"caption":"Kamerov\u00e9 a bezpe\u010dnostn\u00ed syst\u00e9my - faMartin Ho\u0159\u010dica"},"image":{"@id":"https:\/\/kbso.cz\/#\/schema\/logo\/image\/"},"sameAs":["https:\/\/www.facebook.com\/pages\/Kamerov\u00e9-a-bezpe\u010dnostn\u00ed-syst\u00e9my\/103414007977089"]}]}},"_links":{"self":[{"href":"https:\/\/kbso.cz\/index.php\/wp-json\/wp\/v2\/pages\/1021","targetHints":{"allow":["GET"]}}],"collection":[{"href":"https:\/\/kbso.cz\/index.php\/wp-json\/wp\/v2\/pages"}],"about":[{"href":"https:\/\/kbso.cz\/index.php\/wp-json\/wp\/v2\/types\/page"}],"author":[{"embeddable":true,"href":"https:\/\/kbso.cz\/index.php\/wp-json\/wp\/v2\/users\/1"}],"replies":[{"embeddable":true,"href":"https:\/\/kbso.cz\/index.php\/wp-json\/wp\/v2\/comments?post=1021"}],"version-history":[{"count":8,"href":"https:\/\/kbso.cz\/index.php\/wp-json\/wp\/v2\/pages\/1021\/revisions"}],"predecessor-version":[{"id":1349,"href":"https:\/\/kbso.cz\/index.php\/wp-json\/wp\/v2\/pages\/1021\/revisions\/1349"}],"up":[{"embeddable":true,"href":"https:\/\/kbso.cz\/index.php\/wp-json\/wp\/v2\/pages\/13"}],"wp:attachment":[{"href":"https:\/\/kbso.cz\/index.php\/wp-json\/wp\/v2\/media?parent=1021"}],"curies":[{"name":"wp","href":"https:\/\/api.w.org\/{rel}","templated":true}]}}