{"id":1014,"date":"2020-04-26T20:50:54","date_gmt":"2020-04-26T18:50:54","guid":{"rendered":"http:\/\/kbso.cz\/?page_id=1014"},"modified":"2021-03-14T21:33:02","modified_gmt":"2021-03-14T20:33:02","slug":"povinosti-provozovatele","status":"publish","type":"page","link":"https:\/\/kbso.cz\/index.php\/kamerove-systemy-cctv\/povinosti-provozovatele\/","title":{"rendered":"Povinosti provozovatele"},"content":{"rendered":"\n<p>Ned\u00e1 se \u0159\u00edct, \u017ee by jich bylo mnoho, nic m\u00e9n\u011b m\u00e1lo jich taky nen\u00ed. Provedeme si rozd\u011blan\u00ed podle sub\u011bkt\u016f:<\/p>\n\n\n\n<h2 class=\"wp-block-heading\">1. Obytn\u00e9 a panelov\u00e9 domy<\/h2>\n\n\n\n<ul class=\"wp-block-list\"><li>Veden\u00ed knihy provozu kamerov\u00e9ho syst\u00e9mu CCTV<\/li><li>\u0158\u00e1dn\u00e9 ozna\u010den\u00ed domu tabulkou s informac\u00ed o kamerov\u00e9m syst\u00e9mu se z\u00e1znamem ( toto m\u00e1 sv\u00e1 krit\u00e9ria a b\u011b\u017en\u011b pou\u017e\u00edvan\u00e9 jsou nedostate\u010dn\u00e9)<\/li><li>Protokol o za\u0161kolen\u00ed a pou\u010den\u00ed odpov\u011bdn\u00fdch osob<\/li><li>Smlouva na revize a funk\u010dn\u00ed zkou\u0161ky CCTV &#8211; nejedn\u00e1 se o z\u00e1ru\u010dn\u00ed a poz\u00e1ru\u010dn\u00ed servis !<\/li><li>Mapa rozm\u00edst\u011bn\u00ed kamer a komponent\u016f CCTV<\/li><li>Je dobr\u00e9 m\u00edt souhlas n\u00e1jemn\u00edku v dom\u011b s instalac\u00ed a provozem CCTV<\/li><li>Sn\u00edman\u00fd obraz nesm\u00ed zasahovat do bytov\u00fdch jednotek<\/li><li>Z\u00e1znamov\u00e9 za\u0159\u00edzen\u00ed mus\u00ed b\u00fdt v samostatn\u00e9 zabezpe\u010den\u00e9 m\u00edstnosti<\/li><li>Z\u00e1znamov\u00e9 za\u0159\u00edzen\u00ed mus\u00ed b\u00fdt ulo\u017eeno v ocelov\u00e9 sk\u0159\u00edni se z\u00e1mkem a p\u0159\u00edstupn\u00e9 jen pod jm\u00e9nem a heslem<\/li><\/ul>\n\n\n\n<h2 class=\"wp-block-heading\">2. Firmy a organizace<\/h2>\n\n\n\n<ul class=\"wp-block-list\"><li>Veden\u00ed knihy provozu kamerov\u00e9ho syst\u00e9mu CCTV<\/li><li>\u0158\u00e1dn\u00e9 ozna\u010den\u00ed provozovny tabulkou s informac\u00ed o kamerov\u00e9m syst\u00e9mu se z\u00e1znamem ( toto m\u00e1 sv\u00e1 krit\u00e9ria a b\u011b\u017en\u011b pou\u017e\u00edvan\u00e9 jsou nedostate\u010dn\u00e9)<\/li><li>Protokol o za\u0161kolen\u00ed a pou\u010den\u00ed odpov\u011bdn\u00fdch osob<\/li><li>Smlouva na revize a funk\u010dn\u00ed zkou\u0161ky CCTV &#8211; nejedn\u00e1 se o z\u00e1ru\u010dn\u00ed a poz\u00e1ru\u010dn\u00ed servis !<\/li><li>Mapa rozm\u00edst\u011bn\u00ed kamer v ob\u011bktu<\/li><li>Zam\u011bstnanci v\u010detn\u011b brig\u00e1dn\u00edk\u016f, mus\u00ed podepsat prohl\u00e1\u0161en\u00ed o tom, \u017ee berou na v\u011bdom\u00ed monitorov\u00e1n\u00ed pracovi\u0161t\u011b<\/li><li>Kamery nesm\u00ed b\u00fdt um\u00edst\u011bny v prostor\u00e1ch \u0161aten a soci\u00e1ln\u00edch za\u0159\u00edzen\u00ed<\/li><li>Z\u00e1znamov\u00e9 za\u0159\u00edzen\u00ed mus\u00ed b\u00fdt v samostatn\u00e9 zabezpe\u010den\u00e9 m\u00edstnosti<\/li><li>Z\u00e1znamov\u00e9 za\u0159\u00edzen\u00ed mus\u00ed b\u00fdt ulo\u017eeno v ocelov\u00e9 sk\u0159\u00edni se z\u00e1mkem a p\u0159\u00edstupn\u00e9 jen pod jm\u00e9nem a heslem<\/li><\/ul>\n\n\n\n<h2 class=\"wp-block-heading\">3. Rodinn\u00e9 domy a soukrom\u00e9 prostory<\/h2>\n\n\n\n<ul class=\"wp-block-list\"><li>Zde z\u00e1kon nena\u0159izuje \u017e\u00e1dn\u00e9 povinnosti mimo povinnost nenaru\u0161ovat soukrom\u00ed jin\u00fdch osob<\/li><\/ul>\n","protected":false},"excerpt":{"rendered":"<p>Ned\u00e1 se \u0159\u00edct, \u017ee by jich bylo mnoho, nic m\u00e9n\u011b m\u00e1lo jich taky nen\u00ed. Provedeme si rozd\u011blan\u00ed podle sub\u011bkt\u016f: 1. Obytn\u00e9 a panelov\u00e9 domy Veden\u00ed knihy provozu kamerov\u00e9ho syst\u00e9mu CCTV \u0158\u00e1dn\u00e9 ozna\u010den\u00ed domu tabulkou s informac\u00ed o kamerov\u00e9m syst\u00e9mu se z\u00e1znamem ( toto m\u00e1 sv\u00e1 krit\u00e9ria a b\u011b\u017en\u011b pou\u017e\u00edvan\u00e9 jsou nedostate\u010dn\u00e9) Protokol o za\u0161kolen\u00ed a [&hellip;]<\/p>\n","protected":false},"author":1,"featured_media":0,"parent":13,"menu_order":40,"comment_status":"closed","ping_status":"closed","template":"","meta":{"footnotes":""},"class_list":["post-1014","page","type-page","status-publish","hentry"],"yoast_head":"<!-- This site is optimized with the Yoast SEO plugin v23.5 - https:\/\/yoast.com\/wordpress\/plugins\/seo\/ -->\n<title>Povinosti provozovatele | kbso.cz<\/title>\n<meta name=\"robots\" content=\"index, follow, max-snippet:-1, max-image-preview:large, max-video-preview:-1\" \/>\n<link rel=\"canonical\" href=\"https:\/\/kbso.cz\/index.php\/kamerove-systemy-cctv\/povinosti-provozovatele\/\" \/>\n<meta property=\"og:locale\" content=\"cs_CZ\" \/>\n<meta property=\"og:type\" content=\"article\" \/>\n<meta property=\"og:title\" content=\"Povinosti provozovatele | kbso.cz\" \/>\n<meta property=\"og:description\" content=\"Ned\u00e1 se \u0159\u00edct, \u017ee by jich bylo mnoho, nic m\u00e9n\u011b m\u00e1lo jich taky nen\u00ed. Provedeme si rozd\u011blan\u00ed podle sub\u011bkt\u016f: 1. Obytn\u00e9 a panelov\u00e9 domy Veden\u00ed knihy provozu kamerov\u00e9ho syst\u00e9mu CCTV \u0158\u00e1dn\u00e9 ozna\u010den\u00ed domu tabulkou s informac\u00ed o kamerov\u00e9m syst\u00e9mu se z\u00e1znamem ( toto m\u00e1 sv\u00e1 krit\u00e9ria a b\u011b\u017en\u011b pou\u017e\u00edvan\u00e9 jsou nedostate\u010dn\u00e9) Protokol o za\u0161kolen\u00ed a [&hellip;]\" \/>\n<meta property=\"og:url\" content=\"https:\/\/kbso.cz\/index.php\/kamerove-systemy-cctv\/povinosti-provozovatele\/\" \/>\n<meta property=\"og:site_name\" content=\"kbso.cz\" \/>\n<meta property=\"article:publisher\" content=\"https:\/\/www.facebook.com\/pages\/Kamerov%c3%a9-a-bezpe%c4%8dnostn%c3%ad-syst%c3%a9my\/103414007977089\" \/>\n<meta property=\"article:modified_time\" content=\"2021-03-14T20:33:02+00:00\" \/>\n<meta name=\"twitter:card\" content=\"summary_large_image\" \/>\n<meta name=\"twitter:label1\" content=\"Odhadovan\u00e1 doba \u010dten\u00ed\" \/>\n\t<meta name=\"twitter:data1\" content=\"2 minuty\" \/>\n<script type=\"application\/ld+json\" class=\"yoast-schema-graph\">{\"@context\":\"https:\/\/schema.org\",\"@graph\":[{\"@type\":\"WebPage\",\"@id\":\"https:\/\/kbso.cz\/index.php\/kamerove-systemy-cctv\/povinosti-provozovatele\/\",\"url\":\"https:\/\/kbso.cz\/index.php\/kamerove-systemy-cctv\/povinosti-provozovatele\/\",\"name\":\"Povinosti provozovatele | kbso.cz\",\"isPartOf\":{\"@id\":\"https:\/\/kbso.cz\/#website\"},\"datePublished\":\"2020-04-26T18:50:54+00:00\",\"dateModified\":\"2021-03-14T20:33:02+00:00\",\"breadcrumb\":{\"@id\":\"https:\/\/kbso.cz\/index.php\/kamerove-systemy-cctv\/povinosti-provozovatele\/#breadcrumb\"},\"inLanguage\":\"cs\",\"potentialAction\":[{\"@type\":\"ReadAction\",\"target\":[\"https:\/\/kbso.cz\/index.php\/kamerove-systemy-cctv\/povinosti-provozovatele\/\"]}]},{\"@type\":\"BreadcrumbList\",\"@id\":\"https:\/\/kbso.cz\/index.php\/kamerove-systemy-cctv\/povinosti-provozovatele\/#breadcrumb\",\"itemListElement\":[{\"@type\":\"ListItem\",\"position\":1,\"name\":\"Dom\u016f\",\"item\":\"https:\/\/kbso.cz\/\"},{\"@type\":\"ListItem\",\"position\":2,\"name\":\"Kamerov\u00e9 syst\u00e9my (CCTV)\",\"item\":\"https:\/\/kbso.cz\/index.php\/kamerove-systemy-cctv\/\"},{\"@type\":\"ListItem\",\"position\":3,\"name\":\"Povinosti provozovatele\"}]},{\"@type\":\"WebSite\",\"@id\":\"https:\/\/kbso.cz\/#website\",\"url\":\"https:\/\/kbso.cz\/\",\"name\":\"kbso.cz\",\"description\":\"Kamerov\u00e9 a bezpe\u010dnostn\u00ed syst\u00e9my Ostrava\",\"publisher\":{\"@id\":\"https:\/\/kbso.cz\/#organization\"},\"potentialAction\":[{\"@type\":\"SearchAction\",\"target\":{\"@type\":\"EntryPoint\",\"urlTemplate\":\"https:\/\/kbso.cz\/?s={search_term_string}\"},\"query-input\":{\"@type\":\"PropertyValueSpecification\",\"valueRequired\":true,\"valueName\":\"search_term_string\"}}],\"inLanguage\":\"cs\"},{\"@type\":\"Organization\",\"@id\":\"https:\/\/kbso.cz\/#organization\",\"name\":\"Kamerov\u00e9 a bezpe\u010dnostn\u00ed syst\u00e9my - faMartin Ho\u0159\u010dica\",\"url\":\"https:\/\/kbso.cz\/\",\"logo\":{\"@type\":\"ImageObject\",\"inLanguage\":\"cs\",\"@id\":\"https:\/\/kbso.cz\/#\/schema\/logo\/image\/\",\"url\":\"http:\/\/kbso.cz\/wp-content\/uploads\/2020\/04\/logo-kbso.jpg\",\"contentUrl\":\"http:\/\/kbso.cz\/wp-content\/uploads\/2020\/04\/logo-kbso.jpg\",\"width\":500,\"height\":91,\"caption\":\"Kamerov\u00e9 a bezpe\u010dnostn\u00ed syst\u00e9my - faMartin Ho\u0159\u010dica\"},\"image\":{\"@id\":\"https:\/\/kbso.cz\/#\/schema\/logo\/image\/\"},\"sameAs\":[\"https:\/\/www.facebook.com\/pages\/Kamerov\u00e9-a-bezpe\u010dnostn\u00ed-syst\u00e9my\/103414007977089\"]}]}<\/script>\n<!-- \/ Yoast SEO plugin. -->","yoast_head_json":{"title":"Povinosti provozovatele | kbso.cz","robots":{"index":"index","follow":"follow","max-snippet":"max-snippet:-1","max-image-preview":"max-image-preview:large","max-video-preview":"max-video-preview:-1"},"canonical":"https:\/\/kbso.cz\/index.php\/kamerove-systemy-cctv\/povinosti-provozovatele\/","og_locale":"cs_CZ","og_type":"article","og_title":"Povinosti provozovatele | kbso.cz","og_description":"Ned\u00e1 se \u0159\u00edct, \u017ee by jich bylo mnoho, nic m\u00e9n\u011b m\u00e1lo jich taky nen\u00ed. Provedeme si rozd\u011blan\u00ed podle sub\u011bkt\u016f: 1. Obytn\u00e9 a panelov\u00e9 domy Veden\u00ed knihy provozu kamerov\u00e9ho syst\u00e9mu CCTV \u0158\u00e1dn\u00e9 ozna\u010den\u00ed domu tabulkou s informac\u00ed o kamerov\u00e9m syst\u00e9mu se z\u00e1znamem ( toto m\u00e1 sv\u00e1 krit\u00e9ria a b\u011b\u017en\u011b pou\u017e\u00edvan\u00e9 jsou nedostate\u010dn\u00e9) Protokol o za\u0161kolen\u00ed a [&hellip;]","og_url":"https:\/\/kbso.cz\/index.php\/kamerove-systemy-cctv\/povinosti-provozovatele\/","og_site_name":"kbso.cz","article_publisher":"https:\/\/www.facebook.com\/pages\/Kamerov%c3%a9-a-bezpe%c4%8dnostn%c3%ad-syst%c3%a9my\/103414007977089","article_modified_time":"2021-03-14T20:33:02+00:00","twitter_card":"summary_large_image","twitter_misc":{"Odhadovan\u00e1 doba \u010dten\u00ed":"2 minuty"},"schema":{"@context":"https:\/\/schema.org","@graph":[{"@type":"WebPage","@id":"https:\/\/kbso.cz\/index.php\/kamerove-systemy-cctv\/povinosti-provozovatele\/","url":"https:\/\/kbso.cz\/index.php\/kamerove-systemy-cctv\/povinosti-provozovatele\/","name":"Povinosti provozovatele | kbso.cz","isPartOf":{"@id":"https:\/\/kbso.cz\/#website"},"datePublished":"2020-04-26T18:50:54+00:00","dateModified":"2021-03-14T20:33:02+00:00","breadcrumb":{"@id":"https:\/\/kbso.cz\/index.php\/kamerove-systemy-cctv\/povinosti-provozovatele\/#breadcrumb"},"inLanguage":"cs","potentialAction":[{"@type":"ReadAction","target":["https:\/\/kbso.cz\/index.php\/kamerove-systemy-cctv\/povinosti-provozovatele\/"]}]},{"@type":"BreadcrumbList","@id":"https:\/\/kbso.cz\/index.php\/kamerove-systemy-cctv\/povinosti-provozovatele\/#breadcrumb","itemListElement":[{"@type":"ListItem","position":1,"name":"Dom\u016f","item":"https:\/\/kbso.cz\/"},{"@type":"ListItem","position":2,"name":"Kamerov\u00e9 syst\u00e9my (CCTV)","item":"https:\/\/kbso.cz\/index.php\/kamerove-systemy-cctv\/"},{"@type":"ListItem","position":3,"name":"Povinosti provozovatele"}]},{"@type":"WebSite","@id":"https:\/\/kbso.cz\/#website","url":"https:\/\/kbso.cz\/","name":"kbso.cz","description":"Kamerov\u00e9 a bezpe\u010dnostn\u00ed syst\u00e9my Ostrava","publisher":{"@id":"https:\/\/kbso.cz\/#organization"},"potentialAction":[{"@type":"SearchAction","target":{"@type":"EntryPoint","urlTemplate":"https:\/\/kbso.cz\/?s={search_term_string}"},"query-input":{"@type":"PropertyValueSpecification","valueRequired":true,"valueName":"search_term_string"}}],"inLanguage":"cs"},{"@type":"Organization","@id":"https:\/\/kbso.cz\/#organization","name":"Kamerov\u00e9 a bezpe\u010dnostn\u00ed syst\u00e9my - faMartin Ho\u0159\u010dica","url":"https:\/\/kbso.cz\/","logo":{"@type":"ImageObject","inLanguage":"cs","@id":"https:\/\/kbso.cz\/#\/schema\/logo\/image\/","url":"http:\/\/kbso.cz\/wp-content\/uploads\/2020\/04\/logo-kbso.jpg","contentUrl":"http:\/\/kbso.cz\/wp-content\/uploads\/2020\/04\/logo-kbso.jpg","width":500,"height":91,"caption":"Kamerov\u00e9 a bezpe\u010dnostn\u00ed syst\u00e9my - faMartin Ho\u0159\u010dica"},"image":{"@id":"https:\/\/kbso.cz\/#\/schema\/logo\/image\/"},"sameAs":["https:\/\/www.facebook.com\/pages\/Kamerov\u00e9-a-bezpe\u010dnostn\u00ed-syst\u00e9my\/103414007977089"]}]}},"_links":{"self":[{"href":"https:\/\/kbso.cz\/index.php\/wp-json\/wp\/v2\/pages\/1014","targetHints":{"allow":["GET"]}}],"collection":[{"href":"https:\/\/kbso.cz\/index.php\/wp-json\/wp\/v2\/pages"}],"about":[{"href":"https:\/\/kbso.cz\/index.php\/wp-json\/wp\/v2\/types\/page"}],"author":[{"embeddable":true,"href":"https:\/\/kbso.cz\/index.php\/wp-json\/wp\/v2\/users\/1"}],"replies":[{"embeddable":true,"href":"https:\/\/kbso.cz\/index.php\/wp-json\/wp\/v2\/comments?post=1014"}],"version-history":[{"count":6,"href":"https:\/\/kbso.cz\/index.php\/wp-json\/wp\/v2\/pages\/1014\/revisions"}],"predecessor-version":[{"id":1297,"href":"https:\/\/kbso.cz\/index.php\/wp-json\/wp\/v2\/pages\/1014\/revisions\/1297"}],"up":[{"embeddable":true,"href":"https:\/\/kbso.cz\/index.php\/wp-json\/wp\/v2\/pages\/13"}],"wp:attachment":[{"href":"https:\/\/kbso.cz\/index.php\/wp-json\/wp\/v2\/media?parent=1014"}],"curies":[{"name":"wp","href":"https:\/\/api.w.org\/{rel}","templated":true}]}}