{"id":1008,"date":"2020-04-26T20:16:18","date_gmt":"2020-04-26T18:16:18","guid":{"rendered":"http:\/\/kbso.cz\/?page_id=1008"},"modified":"2025-08-02T23:36:31","modified_gmt":"2025-08-02T21:36:31","slug":"kamery-na-co-klast-duraz","status":"publish","type":"page","link":"https:\/\/kbso.cz\/index.php\/kamerove-systemy-cctv\/kamery-na-co-klast-duraz\/","title":{"rendered":"Kamery &#8211; na co kl\u00e1st d\u016fraz"},"content":{"rendered":"\n<h2 class=\"wp-block-heading\">Jak vybrat komponenty kamerov\u00e9ho syst\u00e9mu<\/h2>\n\n\n\n<p>P\u0159i v\u00fdb\u011bru komponent\u016f kamerov\u00e9ho syst\u00e9mu je t\u0159eba db\u00e1t na celou \u0159adu parametr\u016f a zvolit je tak, aby V\u00e1m kamerov\u00fd syst\u00e9m dob\u0159e a dlouho slou\u017eil k pln\u00e9 spokojenosti. Pokud si nebudete jisti v\u00fdb\u011brem, doporu\u010dujeme kontaktovat na\u0161i technickou podporu, kter\u00e1 V\u00e1m v\u017edy ochotn\u011b porad\u00ed.<\/p>\n\n\n\n<ul class=\"wp-block-list\">\n<li>Nejd\u016fle\u017eit\u011bj\u0161\u00edm aspektem kamerov\u00e9ho syst\u00e9mu je kvalita sn\u00edman\u00e9ho obrazu a jeho z\u00e1znam ( druh optiky a sn\u00edmac\u00ed \u010dip). Je mo\u017eno vyb\u00edrat z mnoha rozli\u0161en\u00ed a v z\u00e1sad\u011b plat\u00ed \u2013 \u010d\u00edm lep\u0161\u00ed obraz, t\u00edm vy\u0161\u0161\u00ed cena za\u0159\u00edzen\u00ed. IP kamera z rozli\u0161en\u00edm 4Mpx je v sou\u010dasn\u00e9 dob\u011b nejni\u017e\u0161\u00ed standart. Jist\u011b, mnoz\u00ed v tuto chv\u00edli budou m\u00edt mnoho p\u0159ipom\u00ednek, nic m\u00e9n\u011b toto je nejoptim\u00e1ln\u011bj\u0161\u00ed kompromis mezi po\u0159izovac\u00ed cenou a opravdu skv\u011blou kvalitou obrazu i z\u00e1znamu.<\/li>\n<\/ul>\n\n\n\n<ul class=\"wp-block-list\">\n<li>Je tak\u00e9 nutn\u00e9 db\u00e1t na to, aby ke kamer\u00e1m bylo p\u0159ipojeno i pat\u0159i\u010dn\u00e9 za\u0159\u00edzen\u00ed pro z\u00e1znam z kamer, kter\u00e9 um\u00ed prov\u00e9st z\u00e1znam ve stejn\u00e9 kvalit\u011b jako jej kamera po\u0159izuje. Dal\u0161\u00ed mo\u017enosti jsou p\u0159ipojen\u00ed na EZS, p\u0159\u00edpadn\u011b do internetov\u00e9, nebo intranetov\u00e9 s\u00edt\u011b. Po\u010dtem funkc\u00ed z\u00e1znamov\u00e9ho za\u0159\u00edzen\u00ed pochopiteln\u011b stoup\u00e1 i cena.<\/li>\n<\/ul>\n\n\n\n<ul class=\"wp-block-list\">\n<li>Zanedbatelnou problematikou tak\u00e9 nen\u00ed dostate\u010dn\u00fd prostor pro ulo\u017een\u00ed z\u00e1znamu z kamer. Velikost HDD se odv\u00edj\u00ed od kvality obrazu, po\u010dtu kamer a zp\u016fsobu ukl\u00e1dan\u00ed ( trval\u00fd z\u00e1znam, z\u00e1znam jen na detekci pohybu) a doby ulo\u017een\u00ed z\u00e1znamu. S v\u011bt\u0161\u00edm prostorem po\u010d\u00edtejte i do budoucna v p\u0159\u00edpad\u011b roz\u0161\u00ed\u0159en\u00ed po\u010dtu kamer<\/li>\n<\/ul>\n\n\n\n<ul class=\"wp-block-list\">\n<li>A v neposledn\u00ed \u0159ad\u011b je tu nap\u00e1jen\u00ed kamer. Toto mus\u00ed b\u00fdt dostate\u010dn\u00e9 jak pro provoz, tak i pro p\u0159\u00edpadn\u00e9 dopln\u011bn\u00ed syst\u00e9mu o dal\u0161\u00ed kamery. Bezpe\u010dn\u00e9 nap\u00e1jen\u00ed kamer je p\u0159es tzv. PoE Switche pro kamerov\u00e9 syst\u00e9my<\/li>\n<\/ul>\n","protected":false},"excerpt":{"rendered":"<p>Jak vybrat komponenty kamerov\u00e9ho syst\u00e9mu P\u0159i v\u00fdb\u011bru komponent\u016f kamerov\u00e9ho syst\u00e9mu je t\u0159eba db\u00e1t na celou \u0159adu parametr\u016f a zvolit je tak, aby V\u00e1m kamerov\u00fd syst\u00e9m dob\u0159e a dlouho slou\u017eil k pln\u00e9 spokojenosti. Pokud si nebudete jisti v\u00fdb\u011brem, doporu\u010dujeme kontaktovat na\u0161i technickou podporu, kter\u00e1 V\u00e1m v\u017edy ochotn\u011b porad\u00ed.<\/p>\n","protected":false},"author":1,"featured_media":0,"parent":13,"menu_order":20,"comment_status":"closed","ping_status":"closed","template":"","meta":{"footnotes":""},"class_list":["post-1008","page","type-page","status-publish","hentry"],"yoast_head":"<!-- This site is optimized with the Yoast SEO plugin v23.5 - https:\/\/yoast.com\/wordpress\/plugins\/seo\/ -->\n<title>Kamery &#8211; na co kl\u00e1st d\u016fraz | kbso.cz<\/title>\n<meta name=\"robots\" content=\"index, follow, max-snippet:-1, max-image-preview:large, max-video-preview:-1\" \/>\n<link rel=\"canonical\" href=\"https:\/\/kbso.cz\/index.php\/kamerove-systemy-cctv\/kamery-na-co-klast-duraz\/\" \/>\n<meta property=\"og:locale\" content=\"cs_CZ\" \/>\n<meta property=\"og:type\" content=\"article\" \/>\n<meta property=\"og:title\" content=\"Kamery &#8211; na co kl\u00e1st d\u016fraz | kbso.cz\" \/>\n<meta property=\"og:description\" content=\"Jak vybrat komponenty kamerov\u00e9ho syst\u00e9mu P\u0159i v\u00fdb\u011bru komponent\u016f kamerov\u00e9ho syst\u00e9mu je t\u0159eba db\u00e1t na celou \u0159adu parametr\u016f a zvolit je tak, aby V\u00e1m kamerov\u00fd syst\u00e9m dob\u0159e a dlouho slou\u017eil k pln\u00e9 spokojenosti. Pokud si nebudete jisti v\u00fdb\u011brem, doporu\u010dujeme kontaktovat na\u0161i technickou podporu, kter\u00e1 V\u00e1m v\u017edy ochotn\u011b porad\u00ed.\" \/>\n<meta property=\"og:url\" content=\"https:\/\/kbso.cz\/index.php\/kamerove-systemy-cctv\/kamery-na-co-klast-duraz\/\" \/>\n<meta property=\"og:site_name\" content=\"kbso.cz\" \/>\n<meta property=\"article:publisher\" content=\"https:\/\/www.facebook.com\/pages\/Kamerov%c3%a9-a-bezpe%c4%8dnostn%c3%ad-syst%c3%a9my\/103414007977089\" \/>\n<meta property=\"article:modified_time\" content=\"2025-08-02T21:36:31+00:00\" \/>\n<meta name=\"twitter:card\" content=\"summary_large_image\" \/>\n<meta name=\"twitter:label1\" content=\"Odhadovan\u00e1 doba \u010dten\u00ed\" \/>\n\t<meta name=\"twitter:data1\" content=\"2 minuty\" \/>\n<script type=\"application\/ld+json\" class=\"yoast-schema-graph\">{\"@context\":\"https:\/\/schema.org\",\"@graph\":[{\"@type\":\"WebPage\",\"@id\":\"https:\/\/kbso.cz\/index.php\/kamerove-systemy-cctv\/kamery-na-co-klast-duraz\/\",\"url\":\"https:\/\/kbso.cz\/index.php\/kamerove-systemy-cctv\/kamery-na-co-klast-duraz\/\",\"name\":\"Kamery &#8211; na co kl\u00e1st d\u016fraz | kbso.cz\",\"isPartOf\":{\"@id\":\"https:\/\/kbso.cz\/#website\"},\"datePublished\":\"2020-04-26T18:16:18+00:00\",\"dateModified\":\"2025-08-02T21:36:31+00:00\",\"breadcrumb\":{\"@id\":\"https:\/\/kbso.cz\/index.php\/kamerove-systemy-cctv\/kamery-na-co-klast-duraz\/#breadcrumb\"},\"inLanguage\":\"cs\",\"potentialAction\":[{\"@type\":\"ReadAction\",\"target\":[\"https:\/\/kbso.cz\/index.php\/kamerove-systemy-cctv\/kamery-na-co-klast-duraz\/\"]}]},{\"@type\":\"BreadcrumbList\",\"@id\":\"https:\/\/kbso.cz\/index.php\/kamerove-systemy-cctv\/kamery-na-co-klast-duraz\/#breadcrumb\",\"itemListElement\":[{\"@type\":\"ListItem\",\"position\":1,\"name\":\"Dom\u016f\",\"item\":\"https:\/\/kbso.cz\/\"},{\"@type\":\"ListItem\",\"position\":2,\"name\":\"Kamerov\u00e9 syst\u00e9my (CCTV)\",\"item\":\"https:\/\/kbso.cz\/index.php\/kamerove-systemy-cctv\/\"},{\"@type\":\"ListItem\",\"position\":3,\"name\":\"Kamery &#8211; na co kl\u00e1st d\u016fraz\"}]},{\"@type\":\"WebSite\",\"@id\":\"https:\/\/kbso.cz\/#website\",\"url\":\"https:\/\/kbso.cz\/\",\"name\":\"kbso.cz\",\"description\":\"Kamerov\u00e9 a bezpe\u010dnostn\u00ed syst\u00e9my Ostrava\",\"publisher\":{\"@id\":\"https:\/\/kbso.cz\/#organization\"},\"potentialAction\":[{\"@type\":\"SearchAction\",\"target\":{\"@type\":\"EntryPoint\",\"urlTemplate\":\"https:\/\/kbso.cz\/?s={search_term_string}\"},\"query-input\":{\"@type\":\"PropertyValueSpecification\",\"valueRequired\":true,\"valueName\":\"search_term_string\"}}],\"inLanguage\":\"cs\"},{\"@type\":\"Organization\",\"@id\":\"https:\/\/kbso.cz\/#organization\",\"name\":\"Kamerov\u00e9 a bezpe\u010dnostn\u00ed syst\u00e9my - faMartin Ho\u0159\u010dica\",\"url\":\"https:\/\/kbso.cz\/\",\"logo\":{\"@type\":\"ImageObject\",\"inLanguage\":\"cs\",\"@id\":\"https:\/\/kbso.cz\/#\/schema\/logo\/image\/\",\"url\":\"http:\/\/kbso.cz\/wp-content\/uploads\/2020\/04\/logo-kbso.jpg\",\"contentUrl\":\"http:\/\/kbso.cz\/wp-content\/uploads\/2020\/04\/logo-kbso.jpg\",\"width\":500,\"height\":91,\"caption\":\"Kamerov\u00e9 a bezpe\u010dnostn\u00ed syst\u00e9my - faMartin Ho\u0159\u010dica\"},\"image\":{\"@id\":\"https:\/\/kbso.cz\/#\/schema\/logo\/image\/\"},\"sameAs\":[\"https:\/\/www.facebook.com\/pages\/Kamerov\u00e9-a-bezpe\u010dnostn\u00ed-syst\u00e9my\/103414007977089\"]}]}<\/script>\n<!-- \/ Yoast SEO plugin. -->","yoast_head_json":{"title":"Kamery &#8211; na co kl\u00e1st d\u016fraz | kbso.cz","robots":{"index":"index","follow":"follow","max-snippet":"max-snippet:-1","max-image-preview":"max-image-preview:large","max-video-preview":"max-video-preview:-1"},"canonical":"https:\/\/kbso.cz\/index.php\/kamerove-systemy-cctv\/kamery-na-co-klast-duraz\/","og_locale":"cs_CZ","og_type":"article","og_title":"Kamery &#8211; na co kl\u00e1st d\u016fraz | kbso.cz","og_description":"Jak vybrat komponenty kamerov\u00e9ho syst\u00e9mu P\u0159i v\u00fdb\u011bru komponent\u016f kamerov\u00e9ho syst\u00e9mu je t\u0159eba db\u00e1t na celou \u0159adu parametr\u016f a zvolit je tak, aby V\u00e1m kamerov\u00fd syst\u00e9m dob\u0159e a dlouho slou\u017eil k pln\u00e9 spokojenosti. Pokud si nebudete jisti v\u00fdb\u011brem, doporu\u010dujeme kontaktovat na\u0161i technickou podporu, kter\u00e1 V\u00e1m v\u017edy ochotn\u011b porad\u00ed.","og_url":"https:\/\/kbso.cz\/index.php\/kamerove-systemy-cctv\/kamery-na-co-klast-duraz\/","og_site_name":"kbso.cz","article_publisher":"https:\/\/www.facebook.com\/pages\/Kamerov%c3%a9-a-bezpe%c4%8dnostn%c3%ad-syst%c3%a9my\/103414007977089","article_modified_time":"2025-08-02T21:36:31+00:00","twitter_card":"summary_large_image","twitter_misc":{"Odhadovan\u00e1 doba \u010dten\u00ed":"2 minuty"},"schema":{"@context":"https:\/\/schema.org","@graph":[{"@type":"WebPage","@id":"https:\/\/kbso.cz\/index.php\/kamerove-systemy-cctv\/kamery-na-co-klast-duraz\/","url":"https:\/\/kbso.cz\/index.php\/kamerove-systemy-cctv\/kamery-na-co-klast-duraz\/","name":"Kamery &#8211; na co kl\u00e1st d\u016fraz | kbso.cz","isPartOf":{"@id":"https:\/\/kbso.cz\/#website"},"datePublished":"2020-04-26T18:16:18+00:00","dateModified":"2025-08-02T21:36:31+00:00","breadcrumb":{"@id":"https:\/\/kbso.cz\/index.php\/kamerove-systemy-cctv\/kamery-na-co-klast-duraz\/#breadcrumb"},"inLanguage":"cs","potentialAction":[{"@type":"ReadAction","target":["https:\/\/kbso.cz\/index.php\/kamerove-systemy-cctv\/kamery-na-co-klast-duraz\/"]}]},{"@type":"BreadcrumbList","@id":"https:\/\/kbso.cz\/index.php\/kamerove-systemy-cctv\/kamery-na-co-klast-duraz\/#breadcrumb","itemListElement":[{"@type":"ListItem","position":1,"name":"Dom\u016f","item":"https:\/\/kbso.cz\/"},{"@type":"ListItem","position":2,"name":"Kamerov\u00e9 syst\u00e9my (CCTV)","item":"https:\/\/kbso.cz\/index.php\/kamerove-systemy-cctv\/"},{"@type":"ListItem","position":3,"name":"Kamery &#8211; na co kl\u00e1st d\u016fraz"}]},{"@type":"WebSite","@id":"https:\/\/kbso.cz\/#website","url":"https:\/\/kbso.cz\/","name":"kbso.cz","description":"Kamerov\u00e9 a bezpe\u010dnostn\u00ed syst\u00e9my Ostrava","publisher":{"@id":"https:\/\/kbso.cz\/#organization"},"potentialAction":[{"@type":"SearchAction","target":{"@type":"EntryPoint","urlTemplate":"https:\/\/kbso.cz\/?s={search_term_string}"},"query-input":{"@type":"PropertyValueSpecification","valueRequired":true,"valueName":"search_term_string"}}],"inLanguage":"cs"},{"@type":"Organization","@id":"https:\/\/kbso.cz\/#organization","name":"Kamerov\u00e9 a bezpe\u010dnostn\u00ed syst\u00e9my - faMartin Ho\u0159\u010dica","url":"https:\/\/kbso.cz\/","logo":{"@type":"ImageObject","inLanguage":"cs","@id":"https:\/\/kbso.cz\/#\/schema\/logo\/image\/","url":"http:\/\/kbso.cz\/wp-content\/uploads\/2020\/04\/logo-kbso.jpg","contentUrl":"http:\/\/kbso.cz\/wp-content\/uploads\/2020\/04\/logo-kbso.jpg","width":500,"height":91,"caption":"Kamerov\u00e9 a bezpe\u010dnostn\u00ed syst\u00e9my - faMartin Ho\u0159\u010dica"},"image":{"@id":"https:\/\/kbso.cz\/#\/schema\/logo\/image\/"},"sameAs":["https:\/\/www.facebook.com\/pages\/Kamerov\u00e9-a-bezpe\u010dnostn\u00ed-syst\u00e9my\/103414007977089"]}]}},"_links":{"self":[{"href":"https:\/\/kbso.cz\/index.php\/wp-json\/wp\/v2\/pages\/1008","targetHints":{"allow":["GET"]}}],"collection":[{"href":"https:\/\/kbso.cz\/index.php\/wp-json\/wp\/v2\/pages"}],"about":[{"href":"https:\/\/kbso.cz\/index.php\/wp-json\/wp\/v2\/types\/page"}],"author":[{"embeddable":true,"href":"https:\/\/kbso.cz\/index.php\/wp-json\/wp\/v2\/users\/1"}],"replies":[{"embeddable":true,"href":"https:\/\/kbso.cz\/index.php\/wp-json\/wp\/v2\/comments?post=1008"}],"version-history":[{"count":6,"href":"https:\/\/kbso.cz\/index.php\/wp-json\/wp\/v2\/pages\/1008\/revisions"}],"predecessor-version":[{"id":1608,"href":"https:\/\/kbso.cz\/index.php\/wp-json\/wp\/v2\/pages\/1008\/revisions\/1608"}],"up":[{"embeddable":true,"href":"https:\/\/kbso.cz\/index.php\/wp-json\/wp\/v2\/pages\/13"}],"wp:attachment":[{"href":"https:\/\/kbso.cz\/index.php\/wp-json\/wp\/v2\/media?parent=1008"}],"curies":[{"name":"wp","href":"https:\/\/api.w.org\/{rel}","templated":true}]}}